{"id":2090,"date":"2022-02-24T14:11:37","date_gmt":"2022-02-24T14:11:37","guid":{"rendered":"https:\/\/leaderai.eu\/home\/"},"modified":"2024-01-25T10:18:53","modified_gmt":"2024-01-25T10:18:53","slug":"home","status":"publish","type":"page","link":"https:\/\/leaderai.eu\/et\/","title":{"rendered":"Kodu"},"content":{"rendered":"<div>\n<div class=\"par-hero uk-position-center\"><img decoding=\"async\" style=\"display: none;\" id=\"logo\" class=\"next-particle\" data-gravity=\"0.2\" data-height=\"1316\" data-particle-gap=\"2\" data-mouse-force=\"230\" src=\"\/wp-content\/uploads\/2023\/03\/hero-image2-1.png\" \/><\/div>\n<div class=\"verline\">\n<div><\/div>\n<\/div>\n<\/div>\n<h1>\u00d5pianal\u00fc\u00fctika ja tehisaru <br \/>personaliseeritud \u00f5ppimiseks<\/h1>\n<div><a href=\"#hero-anim\" class=\"uk-button uk-button-primary hero-btn\">Avasta rohkem<\/a><\/p>\n<\/div>\n<div>\n<div class=\"heading-home\">\n<img decoding=\"async\" src=\"https:\/\/leaderai.eu\/wp-content\/uploads\/2023\/03\/intro.svg\" uk-svg><\/p>\n<h1 style=\"color:#EE7E5D;\" class=\"uk-h1\">Veel<\/h1>\n<\/div>\n<\/div>\n<div>LEADER AI arendab praktiliste juhiste, stsenaariumip\u00f5hise koolituse ja interaktiivse e-\u00f5ppe platvormiga t\u00f6\u00f6riistakomplekti digitaalsete ressurssidega selle kohta, kuidas k\u00f5rgkoolid saavad tehisintellekti-p\u00f5hiseid ja andmep\u00f5hiseid t\u00f6\u00f6riistu ja l\u00e4henemisviise kasutada personaliseeritud juhendamiseks.\n<\/div>\n<p>\n    <a href=\"\/et\/about\">Avasta rohkem<\/a>\n<\/p>\n<div>\n<div class=\"heading-home\">\n<img decoding=\"async\" src=\"https:\/\/leaderai.eu\/wp-content\/uploads\/2023\/03\/e-learning.svg\" uk-svg><\/p>\n<h1 style=\"color:#32B4B0;\" class=\"uk-h1\">e-\u00f5pe<\/p>\n<\/h1>\n<\/div>\n<\/div>\n<div>E-\u00f5ppe platvorm pakub kohest juurdep\u00e4\u00e4su terviklikele materjalidele, sealhulgas interaktiivsele t\u00f6\u00f6riistakomplektile, individuaalselt l\u00e4bitavale MOOC-ile ja demodele, et toetada k\u00f5rgkoolide \u00f5ppej\u00f5ude oma kursuste isikup\u00e4rastamisel tehisaru ja anal\u00fc\u00fctikavahendite abil.<\/p>\n<\/div>\n<p>\n    <a href=\"\/et\/elearning\">Avasta rohkem<\/a>\n<\/p>\n<div>\n<div class=\"heading-home\">\n<img decoding=\"async\" src=\"https:\/\/leaderai.eu\/wp-content\/uploads\/2023\/03\/toolkit.svg\" uk-svg><\/p>\n<h1 style=\"color:#B394C4;\" class=\"uk-h1\">T\u00f6\u00f6riistakomplekt<\/h1>\n<\/div>\n<\/div>\n<div>LEADER AI t\u00f6\u00f6riistakomplekt on atraktiivne tugipakett k\u00f5rghariduse t\u00f6\u00f6tajatele, et edendada nende erialast praktikat isikup\u00e4raste kursuste kavandamisel (tehnoloogiaga t\u00e4iendatud kontakt- ja t\u00e4ielikult veebip\u00f5hised), valides ja integreerides andmep\u00f5hiseid ja tehisarup\u00f5hiseid vahendeid.<\/p>\n<\/div>\n<p>\n    <a href=\"\/et\/toolkit\">Avasta rohkem<\/a>\n<\/p>\n<div>\n<\/div>\n<p><!--more--><br \/>\n<!-- {\"type\":\"layout\",\"children\":[{\"type\":\"section\",\"props\":{\"animation\":\"fade\",\"animation_delay\":\"200\",\"height\":\"full\",\"image_position\":\"center-center\",\"style\":\"default\",\"title_breakpoint\":\"xl\",\"title_position\":\"top-left\",\"title_rotation\":\"left\",\"vertical_align\":\"middle\",\"width\":\"default\"},\"children\":[{\"type\":\"row\",\"children\":[{\"type\":\"column\",\"props\":{\"image_position\":\"center-center\",\"media_overlay_gradient\":\"\",\"position_sticky_breakpoint\":\"m\"},\"children\":[{\"type\":\"text\",\"props\":{\"class\":\"hero-parent\",\"column_breakpoint\":\"m\",\"content\":\"\n\n<div class=\\\"par-hero uk-position-center\\\"><img style=\\\"display: none;\\\" id=\\\"logo\\\" class=\\\"next-particle\\\" data-gravity=\\\"0.2\\\" data-height=\\\"1316\\\" data-particle-gap=\\\"2\\\" data-mouse-force=\\\"230\\\" src=\\\"wp-content\\\/uploads\\\/2023\\\/03\\\/hero-image2-1.png\\\" \\\/><\\\/div>\\n\n\n<div class=\\\"verline\\\">\\n\n\n<div><\\\/div>\\n<\\\/div>\",\"margin\":\"default\",\"text_align\":\"center\"}},{\"type\":\"headline\",\"props\":{\"class\":\"hero-head\",\"content\":\"\\u00d5pianal\\u00fc\\u00fctika ja tehisaru <br \\\/>personaliseeritud \\u00f5ppimiseks\",\"text_align\":\"center\",\"title_element\":\"h1\"}},{\"type\":\"text\",\"props\":{\"column_breakpoint\":\"m\",\"content\":\"<a href=\\\"#hero-anim\\\" class=\\\"uk-button uk-button-primary hero-btn\\\">Avasta rohkem<\\\/a>\\n\\n\",\"margin\":\"default\",\"text_align\":\"center\"}}]}]}]},{\"type\":\"section\",\"props\":{\"animation\":\"slide-bottom\",\"animation_delay\":\"200\",\"class\":\"morehome\",\"id\":\"morehome\",\"image_position\":\"center-center\",\"padding_remove_top\":true,\"style\":\"default\",\"title_breakpoint\":\"xl\",\"title_position\":\"top-left\",\"title_rotation\":\"left\",\"vertical_align\":\"middle\",\"width\":\"small\"},\"children\":[{\"type\":\"row\",\"props\":{\"class\":\"home1\",\"divider\":true,\"layout\":\"1-2,1-2\"},\"children\":[{\"type\":\"column\",\"props\":{\"image_position\":\"center-center\",\"media_overlay_gradient\":\"\",\"position_sticky\":\"\",\"position_sticky_breakpoint\":\"m\",\"vertical_align\":\"middle\",\"width_medium\":\"1-2\"},\"children\":[{\"type\":\"text\",\"props\":{\"column_breakpoint\":\"m\",\"content\":\"\n\n<div class=\\\"heading-home\\\">\\n<img src=\\\"https:\\\/\\\/leaderai.eu\\\/wp-content\\\/uploads\\\/2023\\\/03\\\/intro.svg\\\" uk-svg>\\n    \n\n<h1 style=\\\"color:#EE7E5D;\\\" class=\\\"uk-h1\\\">Veel<\\\/h1>\\n\\n<\\\/div>\",\"margin\":\"default\",\"text_align\":\"center\"}}]},{\"type\":\"column\",\"props\":{\"image_position\":\"center-center\",\"media_overlay_gradient\":\"\",\"position_sticky_breakpoint\":\"m\",\"vertical_align\":\"middle\",\"width_medium\":\"1-2\"},\"children\":[{\"type\":\"text\",\"props\":{\"column_breakpoint\":\"m\",\"content\":\"LEADER AI arendab praktiliste juhiste, stsenaariumip\\u00f5hise koolituse ja interaktiivse e-\\u00f5ppe platvormiga t\\u00f6\\u00f6riistakomplekti digitaalsete ressurssidega selle kohta, kuidas k\\u00f5rgkoolid saavad tehisintellekti-p\\u00f5hiseid ja andmep\\u00f5hiseid t\\u00f6\\u00f6riistu ja l\\u00e4henemisviise kasutada personaliseeritud juhendamiseks.\\n\",\"margin\":\"default\"}},{\"type\":\"button\",\"props\":{\"grid_column_gap\":\"small\",\"grid_row_gap\":\"small\",\"margin\":\"default\",\"text_align\":\"right\",\"text_align_breakpoint\":\"s\"},\"children\":[{\"type\":\"button_item\",\"props\":{\"button_style\":\"primary\",\"content\":\"Avasta rohkem\",\"icon_align\":\"left\",\"link\":\"et\\\/about\"}}]}]}]},{\"type\":\"row\",\"props\":{\"class\":\"home1 home2\",\"divider\":true,\"layout\":\"1-2,1-2\"},\"children\":[{\"type\":\"column\",\"props\":{\"image_position\":\"center-center\",\"media_overlay_gradient\":\"\",\"position_sticky_breakpoint\":\"m\",\"vertical_align\":\"middle\",\"width_medium\":\"1-2\"},\"children\":[{\"type\":\"text\",\"props\":{\"column_breakpoint\":\"m\",\"content\":\"\n\n<div class=\\\"heading-home\\\">\\n<img src=\\\"https:\\\/\\\/leaderai.eu\\\/wp-content\\\/uploads\\\/2023\\\/03\\\/e-learning.svg\\\" uk-svg>\\n    \n\n<h1 style=\\\"color:#32B4B0;\\\" class=\\\"uk-h1\\\">e-\\u00f5pe\\n\\n<\\\/h1>\\n\\n<\\\/div>\",\"margin\":\"default\",\"text_align\":\"center\"}}]},{\"type\":\"column\",\"props\":{\"image_position\":\"center-center\",\"media_overlay_gradient\":\"\",\"position_sticky_breakpoint\":\"m\",\"vertical_align\":\"middle\",\"width_medium\":\"1-2\"},\"children\":[{\"type\":\"text\",\"props\":{\"column_breakpoint\":\"m\",\"content\":\"E-\\u00f5ppe platvorm pakub kohest juurdep\\u00e4\\u00e4su terviklikele materjalidele, sealhulgas interaktiivsele t\\u00f6\\u00f6riistakomplektile, individuaalselt l\\u00e4bitavale MOOC-ile ja demodele, et toetada k\\u00f5rgkoolide \\u00f5ppej\\u00f5ude oma kursuste isikup\\u00e4rastamisel tehisaru ja anal\\u00fc\\u00fctikavahendite abil.\\n\\n\",\"margin\":\"default\"}},{\"type\":\"button\",\"props\":{\"grid_column_gap\":\"small\",\"grid_row_gap\":\"small\",\"margin\":\"default\",\"text_align\":\"right\",\"text_align_breakpoint\":\"s\"},\"children\":[{\"type\":\"button_item\",\"props\":{\"button_style\":\"primary\",\"content\":\"Avasta rohkem\",\"icon_align\":\"left\",\"link\":\"et\\\/elearning\"}}]}]}]},{\"type\":\"row\",\"props\":{\"class\":\"home1 home3\",\"divider\":true,\"layout\":\"1-2,1-2\"},\"children\":[{\"type\":\"column\",\"props\":{\"image_position\":\"center-center\",\"media_overlay_gradient\":\"\",\"position_sticky_breakpoint\":\"m\",\"vertical_align\":\"middle\",\"width_medium\":\"1-2\"},\"children\":[{\"type\":\"text\",\"props\":{\"column_breakpoint\":\"m\",\"content\":\"\n\n<div class=\\\"heading-home\\\">\\n<img src=\\\"https:\\\/\\\/leaderai.eu\\\/wp-content\\\/uploads\\\/2023\\\/03\\\/toolkit.svg\\\" uk-svg>\\n    \n\n<h1 style=\\\"color:#B394C4;\\\" class=\\\"uk-h1\\\">T\\u00f6\\u00f6riistakomplekt<\\\/h1>\\n\\n<\\\/div>\",\"margin\":\"default\",\"text_align\":\"center\"}}]},{\"type\":\"column\",\"props\":{\"image_position\":\"center-center\",\"media_overlay_gradient\":\"\",\"position_sticky_breakpoint\":\"m\",\"vertical_align\":\"middle\",\"width_medium\":\"1-2\"},\"children\":[{\"type\":\"text\",\"props\":{\"column_breakpoint\":\"m\",\"content\":\"LEADER AI t\\u00f6\\u00f6riistakomplekt on atraktiivne tugipakett k\\u00f5rghariduse t\\u00f6\\u00f6tajatele, et edendada nende erialast praktikat isikup\\u00e4raste kursuste kavandamisel (tehnoloogiaga t\\u00e4iendatud kontakt- ja t\\u00e4ielikult veebip\\u00f5hised), valides ja integreerides andmep\\u00f5hiseid ja tehisarup\\u00f5hiseid vahendeid.\\n\\n\",\"margin\":\"default\"}},{\"type\":\"button\",\"props\":{\"grid_column_gap\":\"small\",\"grid_row_gap\":\"small\",\"margin\":\"default\",\"text_align\":\"right\",\"text_align_breakpoint\":\"s\"},\"children\":[{\"type\":\"button_item\",\"props\":{\"button_style\":\"primary\",\"content\":\"Avasta rohkem\",\"icon_align\":\"left\",\"link\":\"et\\\/toolkit\"}}]}]}]},{\"type\":\"row\",\"children\":[{\"type\":\"column\",\"props\":{\"image_position\":\"center-center\",\"media_overlay_gradient\":\"\",\"position_sticky_breakpoint\":\"m\"},\"children\":[{\"type\":\"grid\",\"props\":{\"class\":\"newsgridd\",\"content_column_breakpoint\":\"m\",\"filter_align\":\"left\",\"filter_all\":true,\"filter_grid_breakpoint\":\"m\",\"filter_grid_width\":\"auto\",\"filter_position\":\"top\",\"filter_style\":\"tab\",\"grid_default\":\"1\",\"grid_medium\":\"3\",\"icon_width\":80,\"image_align\":\"top\",\"image_grid_breakpoint\":\"m\",\"image_grid_width\":\"1-2\",\"image_svg_color\":\"emphasis\",\"item_animation\":true,\"link_style\":\"primary\",\"link_text\":\"Read more\",\"margin\":\"default\",\"meta_align\":\"below-title\",\"meta_element\":\"div\",\"meta_style\":\"text-meta\",\"show_content\":true,\"show_image\":true,\"show_link\":true,\"show_meta\":true,\"show_title\":true,\"title_align\":\"top\",\"title_element\":\"h3\",\"title_grid_breakpoint\":\"m\",\"title_grid_width\":\"1-2\",\"title_hover_style\":\"reset\"},\"children\":[{\"type\":\"grid_item\",\"props\":{\"link_text\":\"discover more\"},\"source\":{\"query\":{\"name\":\"posts.customPosts\",\"arguments\":{\"terms\":[],\"category_operator\":\"IN\",\"post_tag_operator\":\"IN\",\"users\":[],\"users_operator\":\"IN\",\"offset\":0,\"limit\":3,\"order\":\"date\",\"order_direction\":\"DESC\"}},\"props\":{\"title\":{\"filters\":{\"search\":\"\"},\"name\":\"title\"},\"link\":{\"filters\":{\"search\":\"\"},\"name\":\"link\"}}}}]}]}]}]}],\"version\":\"3.0.20\"} --><\/p>\n","protected":false},"excerpt":{"rendered":"<p>\u00d5pianal\u00fc\u00fctika ja tehisaru personaliseeritud \u00f5ppimiseks Avasta rohkem Veel LEADER AI arendab praktiliste juhiste, stsenaariumip\u00f5hise koolituse ja interaktiivse e-\u00f5ppe platvormiga t\u00f6\u00f6riistakomplekti digitaalsete ressurssidega selle kohta, kuidas..<\/p>\n","protected":false},"author":1,"featured_media":0,"parent":0,"menu_order":0,"comment_status":"closed","ping_status":"closed","template":"","meta":{"_acf_changed":false,"inline_featured_image":false,"footnotes":""},"class_list":["post-2090","page","type-page","status-publish","hentry"],"acf":[],"_links":{"self":[{"href":"https:\/\/leaderai.eu\/et\/wp-json\/wp\/v2\/pages\/2090","targetHints":{"allow":["GET"]}}],"collection":[{"href":"https:\/\/leaderai.eu\/et\/wp-json\/wp\/v2\/pages"}],"about":[{"href":"https:\/\/leaderai.eu\/et\/wp-json\/wp\/v2\/types\/page"}],"author":[{"embeddable":true,"href":"https:\/\/leaderai.eu\/et\/wp-json\/wp\/v2\/users\/1"}],"replies":[{"embeddable":true,"href":"https:\/\/leaderai.eu\/et\/wp-json\/wp\/v2\/comments?post=2090"}],"version-history":[{"count":9,"href":"https:\/\/leaderai.eu\/et\/wp-json\/wp\/v2\/pages\/2090\/revisions"}],"predecessor-version":[{"id":2112,"href":"https:\/\/leaderai.eu\/et\/wp-json\/wp\/v2\/pages\/2090\/revisions\/2112"}],"wp:attachment":[{"href":"https:\/\/leaderai.eu\/et\/wp-json\/wp\/v2\/media?parent=2090"}],"curies":[{"name":"wp","href":"https:\/\/api.w.org\/{rel}","templated":true}]}}