{"id":2091,"date":"2022-02-24T14:11:37","date_gmt":"2022-02-24T14:11:37","guid":{"rendered":"https:\/\/leaderai.eu\/about\/"},"modified":"2025-02-25T17:35:08","modified_gmt":"2025-02-25T17:35:08","slug":"about","status":"publish","type":"page","link":"https:\/\/leaderai.eu\/et\/about\/","title":{"rendered":"Veel"},"content":{"rendered":"<ul>\n<li>\n<h3><img decoding=\"async\" src=\"https:\/\/leaderai.eu\/wp-content\/uploads\/2023\/03\/ab-over.svg\"> <\/p>\n<h3 class=\"uk-h3 swit-ti\">\u00dclevaade<\/h3>\n<\/h3>\n<div>\n<p><span>LEADER AI arendas praktiliste juhiste, stsenaariumip\u00f5hise koolituse ja interaktiivse e-\u00f5ppe platvormiga t\u00f6\u00f6riistakomplekti digitaalsete ressurssidega selle kohta, kuidas k\u00f5rgkoolid saavad tehisintellekti-p\u00f5hiseid ja andmep\u00f5hiseid t\u00f6\u00f6riistu ja l\u00e4henemisviise kasutada personaliseeritud juhendamiseks.<\/span><\/p>\n<p><span>Neid tegevusi piloteeriti ja projekti edukuse toetamiseks loodi partneritest komitee. Reklaamtegevused, \u00fcritused ja projekti l\u00f5pu\u00fcritusena toimunud Euroopa konverents aitasid projekti tulemusi levitada.<\/span><\/p>\n<\/div>\n<\/li>\n<li>\n<h3><img decoding=\"async\" src=\"https:\/\/leaderai.eu\/wp-content\/uploads\/2023\/03\/ab-obje.svg\"> <\/p>\n<h3 class=\"uk-h3 swit-ti\">Eesm\u00e4rk<\/h3>\n<\/h3>\n<div>\n<p><span>LEADER AI eesm\u00e4rk on arenenud tehnoloogiate \u00f5ige rakendamise kaudu pakkuda v\u00e4lja lahendusi t\u00f5husaks digitaalse \u00f5ppimise toetamiseks k\u00f5rghariduses, et see vastaks \u00f5ppijate vajadustele, tugevustele ja oskustele.<\/span><\/p>\n<p><span>Projekti konkreetseteks eesm\u00e4rkideks on:<\/span><\/p>\n<ul style=\"columns: 2; -webkit-columns: 2; -moz-columns: 2;\">\n<li>t\u00f5sta teadlikkust \u00f5pianal\u00fc\u00fctika (LA) ja tehisintellekti (AI) rollist k\u00f5rghariduses personaliseeritud \u00f5ppe kontekstis, arvestades eetilisi k\u00fcsimusi.<\/li>\n<li>arendada praktilisi lahendusi tehisintellekti-p\u00f5histe ja andmete visualiseerimise vahendite kasutamiseks personaliseeritud \u00f5ppes k\u00f5rghariduse kontekstis.<\/li>\n<li>edendada k\u00f5rghariduse \u00f5ppej\u00f5udude ja personali (n\u00e4iteks juhtkonna, \u00f5ppej\u00f5ude, teadlaste, \u00f5pidisainerite) digitaalseid ja pedagoogilisi p\u00e4devusi \u00f5petamise kohandamisel tehisintellekti-p\u00f5histe ja andmete visualiseerimise vahenditega.<\/li>\n<li>parandada kvaliteetsete digitaalsete \u00f5piv\u00f5imaluste pakkumist k\u00f5rghariduses.<\/li>\n<\/ul>\n<\/div>\n<\/li>\n<li>\n<h3><img decoding=\"async\" src=\"https:\/\/leaderai.eu\/wp-content\/uploads\/2023\/03\/ab-outp.svg\"> <\/p>\n<h3 class=\"uk-h3 swit-ti\">V\u00e4ljundid<\/h3>\n<\/h3>\n<div>\n<ul style=\"columns: 2; -webkit-columns: 2; -moz-columns: 2;\">\n<li aria-level=\"1\"><span>K\u00f5rghariduse \u00f5ppej\u00f5udude ja personali p\u00e4devuste paranemine andmete visualiseerimise ja tehisintellekti-p\u00f5histe vahendite integreerimisel \u00f5petamisse, hindamisse ja \u00f5ppijate toetamisse.<\/span><\/li>\n<li aria-level=\"1\"><span>t\u00f6\u00f6riistakomplekt koos juhiste, juhtumianal\u00fc\u00fcside ja praktilise kontrollnimekirjaga<\/span><\/li>\n<li aria-level=\"1\"><span>stsenaariumip\u00f5hine koolitus ja selle piloteerimine praktiliste oskuste omandamiseks<\/span><\/li>\n<li aria-level=\"1\"><span>E-\u00f5ppe platvorm koos MOOC-ide (Massive Open Online Course), juhendite ja rakendusi demonstreerivate praktiliste n\u00e4idetega<\/span><\/li>\n<li aria-level=\"1\"><span>\u00fcldine teadlikkus\u00a0 \u00f5pianal\u00fc\u00fctika ja tehisintellekti rollist hariduses t\u00f5useb kogu Euroopa Liidus<\/span><\/li>\n<li aria-level=\"1\"><span>projekti komitee loomine<\/span><\/li>\n<\/ul>\n<\/div>\n<\/li>\n<li>\n<h3><img decoding=\"async\" src=\"https:\/\/leaderai.eu\/wp-content\/uploads\/2023\/03\/ab-method.svg\"> <\/p>\n<h3 class=\"uk-h3 swit-ti\">Meetodid<\/h3>\n<\/h3>\n<div>\n<p><span>LEADER AI toetas osaluspraktikat, luues oluliste huvir\u00fchmade komitee, kuhu kuulusid inimesed k\u00f5rghariduse juhtide seast, \u00f5ppej\u00f5ud ja personal, akadeemikud, teadlased, \u00f5ppedisainerid, VKE-d ja haridustehnoloogid. Lisaks otsesele seosele k\u00f5rgharidusvaldkonnaga l\u00f5i projekt s\u00fcnergia erinevate haridusega seotud valdkondade vahel.<\/span><\/p>\n<p><span>Projekti kaudu v\u00e4lja t\u00f6\u00f6tatud t\u00f6\u00f6riistad ja metoodikad toetasid ja vastasid k\u00f5rgharidusasutuste ja sihtr\u00fchmade vajadustele. Tuginedes tugevale uurimismetoodikale, viidi l\u00e4bi varajane vajaduste hindamine, millesse kaasati v\u00f5tmeosalejad, et m\u00e4\u00e4ratleda nende v\u00e4ljakutsed ja vajadused, mida projekti k\u00e4igus k\u00e4sitleti. See aitas konsortsiumil luua uuenduslikke ja kohandatud vahendeid, sealhulgas t\u00f6\u00f6riistakomplekti, mis sisaldas praktilisi juhiseid, n\u00e4iteks \u00f5pidisaini raamistikku ja tehnoloogia kasutamise kontrollnimekirja, mida sihtr\u00fchmad v\u00f5tsid kasutusele. Lisaks aitasid stsenaariumide kaudu pakutavad koolitusv\u00f5imalused, mis p\u00f5hinesid autentsetel \u00f5ppimissituatsioonidel, ja t\u00e4ielik e-\u00f5ppe ressursside komplekt, sealhulgas MOOC, k\u00f5rghariduse t\u00f6\u00f6tajatel oma pedagoogilisi ja digitaalseid p\u00e4devusi tehisintellekti ja anal\u00fc\u00fctika abil arendada ja isikup\u00e4rastada.<\/span><\/p>\n<p><span>Teenides t\u00e4ienduskoolituse n\u00f5udmisi, h\u00f5lmas koolitus konkreetsete avatud l\u00e4htekoodiga t\u00f6\u00f6riistade kasutamist praktikas ja reaalseid teemakohaseid juhtumiuuringuid. Lisaks v\u00f5is digitaalsete t\u00f6\u00f6riistade demonstreerimine \u00fchel platvormil olla abiks akadeemikutele ja \u00f5petajatele nende igap\u00e4evat\u00f6\u00f6s.<\/span><\/p>\n<\/div>\n<\/li>\n<\/ul>\n<p><iframe src=\"https:\/\/youtu.be\/RG9FssBcnSs\"><\/iframe><br \/>\n<iframe src=\"https:\/\/youtu.be\/IIE1cZJFYuw\"><\/iframe><\/p>\n<p><!--more--><br \/>\n<!-- {\"type\":\"layout\",\"children\":[{\"type\":\"section\",\"props\":{\"height\":\"viewport\",\"height_offset_top\":true,\"image_position\":\"center-center\",\"padding_remove_top\":true,\"style\":\"default\",\"title_breakpoint\":\"xl\",\"title_position\":\"top-left\",\"title_rotation\":\"left\",\"vertical_align\":\"\",\"width\":\"default\"},\"children\":[{\"type\":\"row\",\"children\":[{\"type\":\"column\",\"props\":{\"image_position\":\"center-center\",\"position_sticky_breakpoint\":\"m\"},\"children\":[{\"type\":\"headline\",\"props\":{\"class\":\"headpage\",\"text_align\":\"left\",\"title_color\":\"success\",\"title_element\":\"h1\",\"title_style\":\"h1\"},\"name\":\"headline-pages\",\"source\":{\"query\":{\"name\":\"pages.singlePage\"},\"props\":{\"content\":{\"filters\":{\"search\":\"\"},\"name\":\"title\"}}}},{\"type\":\"switcher\",\"props\":{\"class\":\"switcher-ab\",\"content_column_breakpoint\":\"m\",\"image_align\":\"top\",\"image_grid_breakpoint\":\"m\",\"image_grid_width\":\"1-2\",\"image_svg_color\":\"emphasis\",\"link_style\":\"default\",\"link_text\":\"Read more\",\"margin\":\"default\",\"meta_align\":\"below-title\",\"meta_element\":\"div\",\"meta_style\":\"text-meta\",\"nav\":\"tab\",\"nav_align\":\"left\",\"nav_grid_breakpoint\":\"m\",\"nav_grid_width\":\"auto\",\"nav_position\":\"top\",\"show_content\":true,\"show_image\":true,\"show_label\":true,\"show_link\":true,\"show_meta\":true,\"show_thumbnail\":true,\"show_title\":false,\"switcher_animation\":\"fade\",\"switcher_height\":false,\"thumbnav_height\":\"75\",\"thumbnav_svg_color\":\"emphasis\",\"thumbnav_width\":\"100\",\"title_align\":\"top\",\"title_element\":\"h3\",\"title_grid_breakpoint\":\"m\",\"title_grid_width\":\"1-2\"},\"children\":[{\"type\":\"switcher_item\",\"props\":{\"content\":\"\n\n<p><span>LEADER AI arendas praktiliste juhiste, stsenaariumip\\u00f5hise koolituse ja interaktiivse e-\\u00f5ppe platvormiga t\\u00f6\\u00f6riistakomplekti digitaalsete ressurssidega selle kohta, kuidas k\\u00f5rgkoolid saavad tehisintellekti-p\\u00f5hiseid ja andmep\\u00f5hiseid t\\u00f6\\u00f6riistu ja l\\u00e4henemisviise kasutada personaliseeritud juhendamiseks.<\\\/span><\\\/p>\\n\n\n<p><span>Neid tegevusi piloteeriti ja projekti edukuse toetamiseks loodi partneritest komitee. Reklaamtegevused, \\u00fcritused ja projekti l\\u00f5pu\\u00fcritusena toimunud Euroopa konverents aitasid projekti tulemusi levitada.<\\\/span><\\\/p>\",\"title\":\"<img src=\\\"https:\\\/\\\/leaderai.eu\\\/wp-content\\\/uploads\\\/2023\\\/03\\\/ab-over.svg\\\"> \n\n<h3 class=\\\"uk-h3 swit-ti\\\">\\u00dclevaade<\\\/h3>\"}},{\"type\":\"switcher_item\",\"props\":{\"content\":\"\n\n<p><span>LEADER AI eesm\\u00e4rk on arenenud tehnoloogiate \\u00f5ige rakendamise kaudu pakkuda v\\u00e4lja lahendusi t\\u00f5husaks digitaalse \\u00f5ppimise toetamiseks k\\u00f5rghariduses, et see vastaks \\u00f5ppijate vajadustele, tugevustele ja oskustele.<\\\/span><\\\/p>\\n\n\n<p><span>Projekti konkreetseteks eesm\\u00e4rkideks on:<\\\/span><\\\/p>\\n\n\n<ul style=\\\"columns: 2; -webkit-columns: 2; -moz-columns: 2;\\\">\\n\n\n<li>t\\u00f5sta teadlikkust \\u00f5pianal\\u00fc\\u00fctika (LA) ja tehisintellekti (AI) rollist k\\u00f5rghariduses personaliseeritud \\u00f5ppe kontekstis, arvestades eetilisi k\\u00fcsimusi.<\\\/li>\\n\n\n<li>arendada praktilisi lahendusi tehisintellekti-p\\u00f5histe ja andmete visualiseerimise vahendite kasutamiseks personaliseeritud \\u00f5ppes k\\u00f5rghariduse kontekstis.<\\\/li>\\n\n\n<li>edendada k\\u00f5rghariduse \\u00f5ppej\\u00f5udude ja personali (n\\u00e4iteks juhtkonna, \\u00f5ppej\\u00f5ude, teadlaste, \\u00f5pidisainerite) digitaalseid ja pedagoogilisi p\\u00e4devusi \\u00f5petamise kohandamisel tehisintellekti-p\\u00f5histe ja andmete visualiseerimise vahenditega.<\\\/li>\\n\n\n<li>parandada kvaliteetsete digitaalsete \\u00f5piv\\u00f5imaluste pakkumist k\\u00f5rghariduses.<\\\/li>\\n<\\\/ul>\",\"title\":\"<img src=\\\"https:\\\/\\\/leaderai.eu\\\/wp-content\\\/uploads\\\/2023\\\/03\\\/ab-obje.svg\\\"> \n\n<h3 class=\\\"uk-h3 swit-ti\\\">Eesm\\u00e4rk<\\\/h3>\"}},{\"type\":\"switcher_item\",\"props\":{\"content\":\"\n\n<ul style=\\\"columns: 2; -webkit-columns: 2; -moz-columns: 2;\\\">\\n\n\n<li aria-level=\\\"1\\\"><span>K\\u00f5rghariduse \\u00f5ppej\\u00f5udude ja personali p\\u00e4devuste paranemine andmete visualiseerimise ja tehisintellekti-p\\u00f5histe vahendite integreerimisel \\u00f5petamisse, hindamisse ja \\u00f5ppijate toetamisse.<\\\/span><\\\/li>\\n\n\n<li aria-level=\\\"1\\\"><span>t\\u00f6\\u00f6riistakomplekt koos juhiste, juhtumianal\\u00fc\\u00fcside ja praktilise kontrollnimekirjaga<\\\/span><\\\/li>\\n\n\n<li aria-level=\\\"1\\\"><span>stsenaariumip\\u00f5hine koolitus ja selle piloteerimine praktiliste oskuste omandamiseks<\\\/span><\\\/li>\\n\n\n<li aria-level=\\\"1\\\"><span>E-\\u00f5ppe platvorm koos MOOC-ide (Massive Open Online Course), juhendite ja rakendusi demonstreerivate praktiliste n\\u00e4idetega<\\\/span><\\\/li>\\n\n\n<li aria-level=\\\"1\\\"><span>\\u00fcldine teadlikkus\\u00a0 \\u00f5pianal\\u00fc\\u00fctika ja tehisintellekti rollist hariduses t\\u00f5useb kogu Euroopa Liidus<\\\/span><\\\/li>\\n\n\n<li aria-level=\\\"1\\\"><span>projekti komitee loomine<\\\/span><\\\/li>\\n<\\\/ul>\",\"title\":\"<img src=\\\"https:\\\/\\\/leaderai.eu\\\/wp-content\\\/uploads\\\/2023\\\/03\\\/ab-outp.svg\\\"> \n\n<h3 class=\\\"uk-h3 swit-ti\\\">V\\u00e4ljundid<\\\/h3>\"}},{\"type\":\"switcher_item\",\"props\":{\"content\":\"\n\n<p><span>LEADER AI toetas osaluspraktikat, luues oluliste huvir\\u00fchmade komitee, kuhu kuulusid inimesed k\\u00f5rghariduse juhtide seast, \\u00f5ppej\\u00f5ud ja personal, akadeemikud, teadlased, \\u00f5ppedisainerid, VKE-d ja haridustehnoloogid. Lisaks otsesele seosele k\\u00f5rgharidusvaldkonnaga l\\u00f5i projekt s\\u00fcnergia erinevate haridusega seotud valdkondade vahel.<\\\/span><\\\/p>\\n\n\n<p><span>Projekti kaudu v\\u00e4lja t\\u00f6\\u00f6tatud t\\u00f6\\u00f6riistad ja metoodikad toetasid ja vastasid k\\u00f5rgharidusasutuste ja sihtr\\u00fchmade vajadustele. Tuginedes tugevale uurimismetoodikale, viidi l\\u00e4bi varajane vajaduste hindamine, millesse kaasati v\\u00f5tmeosalejad, et m\\u00e4\\u00e4ratleda nende v\\u00e4ljakutsed ja vajadused, mida projekti k\\u00e4igus k\\u00e4sitleti. See aitas konsortsiumil luua uuenduslikke ja kohandatud vahendeid, sealhulgas t\\u00f6\\u00f6riistakomplekti, mis sisaldas praktilisi juhiseid, n\\u00e4iteks \\u00f5pidisaini raamistikku ja tehnoloogia kasutamise kontrollnimekirja, mida sihtr\\u00fchmad v\\u00f5tsid kasutusele. Lisaks aitasid stsenaariumide kaudu pakutavad koolitusv\\u00f5imalused, mis p\\u00f5hinesid autentsetel \\u00f5ppimissituatsioonidel, ja t\\u00e4ielik e-\\u00f5ppe ressursside komplekt, sealhulgas MOOC, k\\u00f5rghariduse t\\u00f6\\u00f6tajatel oma pedagoogilisi ja digitaalseid p\\u00e4devusi tehisintellekti ja anal\\u00fc\\u00fctika abil arendada ja isikup\\u00e4rastada.<\\\/span><\\\/p>\\n\n\n<p><span>Teenides t\\u00e4ienduskoolituse n\\u00f5udmisi, h\\u00f5lmas koolitus konkreetsete avatud l\\u00e4htekoodiga t\\u00f6\\u00f6riistade kasutamist praktikas ja reaalseid teemakohaseid juhtumiuuringuid. Lisaks v\\u00f5is digitaalsete t\\u00f6\\u00f6riistade demonstreerimine \\u00fchel platvormil olla abiks akadeemikutele ja \\u00f5petajatele nende igap\\u00e4evat\\u00f6\\u00f6s.<\\\/span><\\\/p>\",\"title\":\"<img src=\\\"https:\\\/\\\/leaderai.eu\\\/wp-content\\\/uploads\\\/2023\\\/03\\\/ab-method.svg\\\"> \n\n<h3 class=\\\"uk-h3 swit-ti\\\">Meetodid<\\\/h3>\"}},{\"type\":\"switcher_item\",\"props\":{\"content\":\"\n\n<ul class=\\\"accordion-partners\\\" uk-accordion=\\\"collapsible: false\\\">\\n\n\n<li><a class=\\\"uk-accordion-title\\\" href=\\\"#\\\">EDEX - EDUCATIONAL EXCELLENCE CORPORATION LIMITED \\u2013 UNIC<\\\/a>\\n\n\n<div class=\\\"uk-accordion-content\\\">\\n\n\n<p>The University of Nicosia (UNIC) is the largest university in Cyprus with over 14 thousand students, 300 full time faculty and 700 part time in a variety of undergraduate and postgraduate programmes in education, social sciences, computer science, engineering, business, communications, and multimedia. 28% of its student population are non-Cypriots, something that makes it a multicultural institution where diversity and pluralism are valued. UNIC is a leading contributor to excellence in education and research. Its mission is (a) the promotion of science, knowledge, learning and education, through teaching and research for the benefit of society; (b) the cultivation, transmission, application and inter-disciplinary exchange of knowledge, and (c) the provision of high-quality undergraduate and graduate education that is internationally recognised, and of other programmes of study, which are of an international standard.<\\\/p>\\n<a href=\\\"https:\\\/\\\/www.unic.ac.cy\\\/\\\" target=\\\"_blank\\\" class=\\\"uk-button uk-button-primary\\\" rel=\\\"noopener\\\">Website<\\\/a><\\\/div>\\n<\\\/li>\\n\n\n<li><a class=\\\"uk-accordion-title\\\" href=\\\"#\\\">PANEPISTIMIO AIGAIOU \\u2013 Uagean<\\\/a>\\n\n\n<div class=\\\"uk-accordion-content\\\">\\n\n\n<p>The University of the Aegean (UAegean) was founded in 1984 aiming to introduce new approaches in higher education in Greece and worldwide and to promote regional development. Situated in 6 picturesque islands in the Aegean Archipelago,the UAegean offers a unique natural, cultural, and human environment for modern studies in the ancient cradle of knowledge. It has a population of 16.000+ undergraduate students, 2.100+ postgraduate students, 350+ teaching staff and 250+ administrative staff. In less than thirty years, the UAegean has evolved into an international research \\u2013oriented University offering 18 undergraduate (BA or BSc) and 40 postgraduate (MA or MSc) programs in modern interdisciplinary thematic areas. The UAegean has received consistently excellent feedback in evaluations that have taken place at national, European, and international level, because of the study programs offered by the institution and its competitive research programs. In 2016, UAegean was classified as the top-rated university in Greece, evaluated by the Hellenic Quality Assurance and Accreditation Agency (HQA). According to Erasmus+ Policy Statement 2014-2020, the exceptional identity of the University of the Aegean is based on the following characteristics: It provides academic services of the highest standards, emphasising on novel and multidisciplinary scientific areas, while additionally enriches traditional research fields. Its premises are spread among the particularly extensive islands of the Aegean Sea, on the east border of Europe. More particularly, six islands are hosting the University sites, while supplementary academic activities are also supported on other, smaller islands.<\\\/p>\\n<a href=\\\"http:\\\/\\\/www.aegean.gr\\\" target=\\\"_blank\\\" class=\\\"uk-button uk-button-primary\\\" rel=\\\"noopener\\\">Website<\\\/a><\\\/div>\\n<\\\/li>\\n\n\n<li><a class=\\\"uk-accordion-title\\\" href=\\\"#\\\">TALLINN UNIVERSITY \\u2013 TLU<\\\/a>\\n\n\n<div class=\\\"uk-accordion-content\\\">\\n\n\n<p>Tallinn University (TLU) is the third largest public university in Estonia with 7500 students in 6 schools. The Centre for Educational Technology (CET), established in 1998, is an interdisciplinary R&amp;D unit within the School of Digital Technologies of TLU. International staff of CET (25 in total) consists of 14 full-time researchers, 6 software developers, 4 post-doc researchers, some part-time employees and a group of postgraduate students. The main research projects in CET are related with developing the next-generation distributed learning environments involving interoperable social software tools. TLU School of Digital Technologies has established partnerships with leading Estonian software companies (Skype Estonia, Nortal, Net Group, Pro Ekspert), and also with the main open-source based learning technology providers in the Baltic sea region (JukuLab O\\u00dc inEstonia, MediaMaisteri OY in Finland). CET has developed the main educational portal in Estonia (Koolielu.ee) and several widely used online learning environments(VIKO, IVA, eDidaktikum, LeMill.net, EduFeedr), leading the research and development in Estonia on digital competence and digital innovation in schools in general.<\\\/p>\\n<a href=\\\"http:\\\/\\\/www.tlu.ee\\\" target=\\\"_blank\\\" class=\\\"uk-button uk-button-primary\\\" rel=\\\"noopener\\\">Website<\\\/a><\\\/div>\\n<\\\/li>\\n\n\n<li><a class=\\\"uk-accordion-title\\\" href=\\\"#\\\">CENTRE FOR ADVANCEMENT OF RESEARCH AND DEVELOPMENT IN EDUCATIONAL TECHNOLOGY LTD - CARDET<\\\/a>\\n\n\n<div class=\\\"uk-accordion-content\\\">\\n\n\n<p>CARDET is the leading research and development centre in the Mediterranean region with global expertise in school education, digital skills, literacy and language learning, migrant integration, and capacity building. As the largest independent non-profit centre based in Cyprus, CARDET is independently affiliated with universities and institutions from around the world, such as the Yale University, the University of Nicosia and the International Council of Educational Media. Our team, in partnership with EAEA, has recently developed the lifelong learning strategy 2021-2027 for Cyprus, engaging several ministries, government agencies, social partners, and public and private stakeholders. CARDET has completed more than 500 initiatives and projects relating to education, literacies, language, inclusion, digital transformation and digital skills. CARDET brings together an international team of experts with decades of global expertise in education research and development. Members of our team, board of directors, and advisory board have served in high profile positions for organisations like UNESCO, Commonwealth of Learning, OECD, Google, and the American Educational Research Association.<\\\/p>\\n<a href=\\\"http:\\\/\\\/www.cardet.org\\\" target=\\\"_blank\\\" class=\\\"uk-button uk-button-primary\\\" rel=\\\"noopener\\\">Website<\\\/a><\\\/div>\\n<\\\/li>\\n\n\n<li><a class=\\\"uk-accordion-title\\\" href=\\\"#\\\">UNIVERSITATEA DIN PITESTI \\u2013 UPI<\\\/a>\\n\n\n<div class=\\\"uk-accordion-content\\\">\\n\n\n<p>University of Pite\\u015fti (UPIT) is a state university, located in Pitesti (in the Southern part of Romania, at 120 kilometres from the capital Bucharest). It aims to be a dynamic and efficient HE provider in the region. Currently there are approx. 10.000 students from Muntenia region and approximately 700 paid teaching and administrative staff. It consists of 6 different faculties offering Bachelor, Master and Doctor Diplomas (www.upit.ro). Its objectives are to provide high quality educational, training and research services in order to train specialists in different fields and create an intellectual community accredited by national and international quality agencies.<\\\/p>\\n<a href=\\\"http:\\\/\\\/www.upit.ro\\\" target=\\\"_blank\\\" class=\\\"uk-button uk-button-primary\\\" rel=\\\"noopener\\\">Website<\\\/a><\\\/div>\\n<\\\/li>\\n\n\n<li><a class=\\\"uk-accordion-title\\\" href=\\\"#\\\">VIRTUAL CAMPUS LDA \\u2013 VC<\\\/a>\\n\n\n<div class=\\\"uk-accordion-content\\\">\\n\n\n<p>Virtual Campus (VC) is a development, training and consulting SME in the areas of Technology Enhanced Learning, Serious Games and Information Systems. Its vision is to actively promote the development of the Knowledge Society by supporting public and private entities in designing and developing strategies and projects that lead to increased societal benefits, always through the use of digital environments for Education and Training. Located in Porto, North of Portugal, Virtual Campus has strong partnerships with various Universities and Companies in the region and has successfully partnered with Local and Regional Authorities, enterprise associations and specialised companies. In fact, Virtual Campus is a spin-off from the research and work developed at the R&amp;D group GILT, from the Instituto Superior de Engenharia do Porto. Virtual Campus staff forms a multidisciplinary team with academic backgrounds in different areas, allying knowledge and skills from International Relations, Programming, and Design.<\\\/p>\\n<a href=\\\"https:\\\/\\\/virtual-campus.eu\\\/\\\" target=\\\"_blank\\\" class=\\\"uk-button uk-button-primary\\\" rel=\\\"noopener\\\">Website<\\\/a><\\\/div>\\n<\\\/li>\\n<\\\/ul>\",\"status\":\"disabled\",\"title\":\"<img src=\\\"https:\\\/\\\/leaderai.eu\\\/wp-content\\\/uploads\\\/2023\\\/03\\\/ab-par.svg\\\"> \n\n<h3 class=\\\"uk-h3 swit-ti\\\">Partners<\\\/h3>\"}}]},{\"type\":\"video\",\"props\":{\"margin\":\"default\",\"position\":\"relative\",\"position_left\":\"240\",\"position_top\":\"30\",\"video\":\"https:\\\/\\\/youtu.be\\\/RG9FssBcnSs\",\"video_controls\":true,\"video_height\":\"300\",\"video_width\":\"600\"}},{\"type\":\"video\",\"props\":{\"margin\":\"default\",\"position\":\"relative\",\"position_left\":\"240\",\"position_top\":\"30\",\"video\":\"https:\\\/\\\/youtu.be\\\/IIE1cZJFYuw\",\"video_controls\":true,\"video_height\":\"300\",\"video_width\":\"600\"}}]}]}]}],\"version\":\"4.4.19\"} --><\/p>\n","protected":false},"excerpt":{"rendered":"<p>\u00dclevaade LEADER AI arendas praktiliste juhiste, stsenaariumip\u00f5hise koolituse ja interaktiivse e-\u00f5ppe platvormiga t\u00f6\u00f6riistakomplekti digitaalsete ressurssidega selle kohta, kuidas k\u00f5rgkoolid saavad tehisintellekti-p\u00f5hiseid ja andmep\u00f5hiseid t\u00f6\u00f6riistu ja..<\/p>\n","protected":false},"author":1,"featured_media":0,"parent":0,"menu_order":0,"comment_status":"closed","ping_status":"closed","template":"","meta":{"_acf_changed":false,"inline_featured_image":false,"footnotes":""},"class_list":["post-2091","page","type-page","status-publish","hentry"],"acf":[],"_links":{"self":[{"href":"https:\/\/leaderai.eu\/et\/wp-json\/wp\/v2\/pages\/2091","targetHints":{"allow":["GET"]}}],"collection":[{"href":"https:\/\/leaderai.eu\/et\/wp-json\/wp\/v2\/pages"}],"about":[{"href":"https:\/\/leaderai.eu\/et\/wp-json\/wp\/v2\/types\/page"}],"author":[{"embeddable":true,"href":"https:\/\/leaderai.eu\/et\/wp-json\/wp\/v2\/users\/1"}],"replies":[{"embeddable":true,"href":"https:\/\/leaderai.eu\/et\/wp-json\/wp\/v2\/comments?post=2091"}],"version-history":[{"count":6,"href":"https:\/\/leaderai.eu\/et\/wp-json\/wp\/v2\/pages\/2091\/revisions"}],"predecessor-version":[{"id":2709,"href":"https:\/\/leaderai.eu\/et\/wp-json\/wp\/v2\/pages\/2091\/revisions\/2709"}],"wp:attachment":[{"href":"https:\/\/leaderai.eu\/et\/wp-json\/wp\/v2\/media?parent=2091"}],"curies":[{"name":"wp","href":"https:\/\/api.w.org\/{rel}","templated":true}]}}