{"id":2092,"date":"2022-03-21T06:09:31","date_gmt":"2022-03-21T06:09:31","guid":{"rendered":"https:\/\/leaderai.eu\/partners\/"},"modified":"2024-01-25T10:30:15","modified_gmt":"2024-01-25T10:30:15","slug":"partners","status":"publish","type":"page","link":"https:\/\/leaderai.eu\/et\/partners\/","title":{"rendered":"Partnerid"},"content":{"rendered":"<div>\n<ul class=\"accordion-partners\" uk-accordion=\"collapsible: false\">\n<li><a class=\"uk-accordion-title\" href=\"#\">EDEX &#8211; EDUCATIONAL EXCELLENCE CORPORATION LIMITED \u2013 UNIC<\/a>\n<div class=\"uk-accordion-content\">\n<p>Nikosia \u00dclikool (UNIC) on K\u00fcprose suurim \u00fclikool, kus \u00f5pib \u00fcle 14000 tudengi, on 300 t\u00e4isajaga \u00f5ppej\u00f5udu ja 700 osalise ajaga \u00f5ppej\u00f5udu erinevates bakalaureuse- ja magistri\u00f5ppe programmides hariduse, sotsiaalteaduste, arvutiteaduste, inseneriteaduste, \u00e4rijuhtimise, kommunikatsiooni ja multimeedia valdkonnas. 28% \u00fcli\u00f5pilastest ei ole K\u00fcprose kodanikud, mis muudab selle multikultuurseks asutuseks, kus hinnatakse mitmekesisust ja pluralismi. UNIC on juhtiv panustaja hariduse ja teaduse valdkonnas. Selle missiooniks on (a) edendada teadust, teadmisi, \u00f5ppimist ja haridust \u00f5petamise ja teadust\u00f6\u00f6 kaudu \u00fchiskonna huvides; (b) teadmiste kultiveerimine, edastamine, rakendamine ja interdistsiplinaarne teadmiste vahetus ning (c) pakkuda k\u00f5rgekvaliteedilist rahvusvaheliselt tunnustatud bakalaureuse- ja magistri\u00f5pet ning teisi \u00f5ppeprogramme, mis vastavad rahvusvahelistele standarditele.<\/p>\n<p><a href=\"https:\/\/www.unic.ac.cy\/\" target=\"_blank\" class=\"uk-button uk-button-primary\" rel=\"noopener\">Koduleht<\/a><\/div>\n<\/li>\n<li><a class=\"uk-accordion-title\" href=\"#\">PANEPISTIMIO AIGAIOU \u2013 UAegean<\/a>\n<div class=\"uk-accordion-content\">\n<p>Egeuse \u00dclikool (UAegean) asutati 1984. aastal eesm\u00e4rgiga tuua k\u00f5rghariduses Kreekasse ja maailma uusi l\u00e4henemisviise ning edendada piirkondlikku arengut. Asudes 6 maalilisel saarel Egeuse saarestikus, pakub UAegean ainulaadset looduslikku, kultuurilist ja inimkeskkonda kaasaegseteks \u00f5pinguteks teadmiste iidse h\u00e4lli juures. Sellel on \u00fcle 16000 bakalaureuse\u00f5ppe \u00fcli\u00f5pilase, 2100 magistri\u00f5ppe \u00fcli\u00f5pilase, 350 \u00f5ppej\u00f5u ja 250 administratiivt\u00f6\u00f6taja. V\u00e4hem kui kolmek\u00fcmne aasta jooksul on UAegean kujunenud rahvusvaheliseks teadusp\u00f5hiseks \u00fclikooliks, mis pakub 18 bakalaureuse- (BA v\u00f5i BSc) ja 40 magistri\u00f5ppeprogrammi (MA v\u00f5i MSc) kaasaegsetes interdistsiplinaarsetes teemavaldkondades. T\u00e4nu institutsiooni pakutavatele \u00f5ppeprogrammidele ja selle konkurentsiv\u00f5imelistele teadusprogrammidele on UAegean saanud j\u00e4rjepidevalt suurep\u00e4rast tagasisidet hindamistelt, mis on toimunud nii riiklikul, Euroopa kui ka rahvusvahelisel tasandil. 2016. aastal klassifitseeriti UAegean Kreeka parimaks \u00fclikooliks vastavalt Kreeka Kvaliteedikindlustuse ja Akrediteerimise Agentuuri (HQA) hindamisele. Erasmus+ poliitikavaldkonna avalduse 2014-2020 kohaselt p\u00f5hineb Egeuse \u00dclikooli erakordne identiteet j\u00e4rgmistel omadustel: see pakub k\u00f5rgeima standardiga akadeemilisi teenuseid, r\u00f5hutades uudseid ja multidistsiplinaarseid teadusvaldkondi ning t\u00e4iendab lisaks traditsioonilisi uurimisvaldkondi. Selle rajatised asuvad Egeuse mere laialdastel saartel, Euroopa idapiiril. T\u00e4psemalt v\u00f5\u00f5rustavad \u00fclikooli asukohti kuus saart, samal ajal kui t\u00e4iendavaid akadeemilisi tegevusi toetatakse ka teistel, v\u00e4iksematel saartel.<\/p>\n<p><a href=\"http:\/\/www.aegean.gr\" target=\"_blank\" class=\"uk-button uk-button-primary\" rel=\"noopener\">Koduleht<\/a><\/div>\n<\/li>\n<li><a class=\"uk-accordion-title\" href=\"#\">TALLINN UNIVERSITY \u2013 TLU<\/a>\n<div class=\"uk-accordion-content\">\n<p>Tallinna \u00dclikool (TLU) on Eesti kolmas suurim avalik \u00fclikool, kus \u00f5pib 7500 \u00fcli\u00f5pilast kuues koolis. Haridustehnoloogia Keskus (Centre for Educational Technology, CET), mis asutati 1998. aastal, on interdistsiplinaarne teadus- ja arendus\u00fcksus Tallinna \u00dclikooli Digitehnoloogiate Instituudis. CETi rahvusvaheline personal (kokku 25 inimest) koosneb 14 t\u00e4isajaga teadlasest, 6 tarkvaraarendajast, 4 j\u00e4reldoktorist teadlasest, osast osalise t\u00f6\u00f6ajaga t\u00f6\u00f6tajatest ning r\u00fchmast doktori\u00f5ppe \u00fcli\u00f5pilasi. CETi peamised teadusprojektid on seotud j\u00e4rgmise p\u00f5lvkonna hajutatud \u00f5pikeskkondade arendamisega, kaasates \u00fchilduvaid sotsiaalse tarkvara vahendeid. Tallinna \u00dclikooli Digitehnoloogiate Instituur on partnerluses juhtivate Eesti tarkvarafirmadega (Skype Estonia, Nortal, Net Group, Pro Ekspert) ning samuti peamiste avatud l\u00e4htekoodiga \u00f5pitehnoloogiate pakkujatega Balti mere piirkonnas (JukuLab O\u00dc Eestis, MediaMaisteri OY Soomes). CET on v\u00e4lja t\u00f6\u00f6tanud peamise haridusportaali Eestis (Koolielu.ee) ja mitmeid laialdaselt kasutatavaid veebip\u00f5hiseid \u00f5pikeskkondi (VIKO, IVA, eDidaktikum, LeMill.net, EduFeedr), juhtides Eestis uurimis- ja arendustegevust digitaalse p\u00e4devuse ja digitaalse innovatsiooni valdkonnas koolides \u00fcldiselt.<\/p>\n<p><a href=\"http:\/\/www.tlu.ee\" target=\"_blank\" class=\"uk-button uk-button-primary\" rel=\"noopener\">Koduleht<\/a><\/div>\n<\/li>\n<li><a class=\"uk-accordion-title\" href=\"#\">CENTRE FOR ADVANCEMENT OF RESEARCH AND DEVELOPMENT IN EDUCATIONAL TECHNOLOGY LTD &#8211; CARDET<\/a>\n<div class=\"uk-accordion-content\">\n<p>CARDET on juhtiv teadus- ja arenduskeskus Vahemere piirkonnas, maailmatasemel teadmistega teadmusp\u00f5hises hariduses, digitaalsetes oskustes, kirjaoskuses ja keele\u00f5ppes, migrantide integreerimises ning v\u00f5imekuse suurendamises. Suurima s\u00f5ltumatu mittetulundus\u00fchinguna K\u00fcprosel on CARDET seotud \u00fclikoolide ja institutsioonidega \u00fcle maailma, n\u00e4iteks Yale&#8217;i \u00dclikool, Nikosia \u00dclikool ja Rahvusvaheline Haridusmeedia N\u00f5ukogu. Meie meeskond on koost\u00f6\u00f6s EAEA-ga hiljuti v\u00e4lja t\u00f6\u00f6tanud K\u00fcprose elukestva \u00f5ppe strateegia aastateks 2021-2027, kaasates mitmeid ministeeriume, valitsusasutusi, sotsiaalpartnereid ning avaliku ja erasektori osapooli. CARDETs on l\u00e4bi viidud \u00fcle 500 hariduse, kirjaoskuse, keele, kaasatuse, digitaalse muutumise ja digitaalsete oskuste projekti ja algatuse. CARDET toob kokku rahvusvahelise meeskonna eksperte, kellel on aastak\u00fcmnetepikkune globaalne kogemus hariduse uurimise ja arendamise valdkonnas. Meie meeskonna, juhatuse ja n\u00f5uandekogu liikmed on teeninud k\u00f5rgel positsioonil organisatsioonides nagu UNESCO, \u00d5ppimise \u00dchendus, OECD, Google ja Ameerika Haridusuuringute \u00dching.<\/p>\n<p><a href=\"http:\/\/www.cardet.org\" target=\"_blank\" class=\"uk-button uk-button-primary\" rel=\"noopener\">Koduleht<\/a><\/div>\n<\/li>\n<li><a class=\"uk-accordion-title\" href=\"#\">UNIVERSITATEA DIN PITESTI \u2013 UPIT<\/a>\n<div class=\"uk-accordion-content\">\n<p>Pite\u0219ti \u00dclikool (UPIT) on riiklik \u00fclikool, mis asub Pitesti linnas, Rumeenia l\u00f5unaosas, umbes 120 kilomeetri kaugusel pealinnast Bukarestist. Selle eesm\u00e4rk on olla d\u00fcnaamiline ja t\u00f5hus k\u00f5rghariduse pakkuja piirkonnas. Praegu \u00f5pib \u00fclikoolis umbes 10000 tudengit Muntenia piirkonnast ning t\u00f6\u00f6tab ligikaudu 700 \u00f5ppe- ja administratiivt\u00f6\u00f6tajat. \u00dclikool koosneb kuuest erinevast teaduskonnast, mis pakuvad bakalaureuse-, magistri- ja doktorikraade (www.upit.ro). Selle eesm\u00e4rk on pakkuda kvaliteetseid haridus-, koolitus- ja uurimisteenuseid erinevates valdkondades spetsialistide koolitamiseks ning luua intellektuaalne kogukond, mis on akrediteeritud rahvuslike ja rahvusvaheliste kvaliteediagentuuride poolt.<\/p>\n<p><a href=\"http:\/\/www.upit.ro\" target=\"_blank\" class=\"uk-button uk-button-primary\" rel=\"noopener\">Koduleht<\/a><\/div>\n<\/li>\n<li><a class=\"uk-accordion-title\" href=\"#\">VIRTUAL CAMPUS LDA \u2013 VC<\/a>\n<div class=\"uk-accordion-content\">\n<p>Virtual Campus (VC) on v\u00e4ike- ja keskmise suurusega ettev\u00f5te (SME), mis tegeleb tehnoloogiaga rikastatud \u00f5ppe, t\u00f5siste m\u00e4ngude ja infotehnoloogia valdkonna arendamise, koolituste ja konsultatsioonidega. Selle visiooniks on aktiivselt edendada teadmistep\u00f5hise \u00fchiskonna arengut, toetades avalikke ja era\u00f5iguslikke organisatsioone strateegiate ja projektide kavandamisel ja arendamisel, mis aitavad \u00fchiskonnas digitaalsete keskkondade abil hariduse ja koolituse valdkonda edendada. Asudes P\u00f5hja-Portos, Portugalis, omab Virtual Campus tugevaid koost\u00f6\u00f6suhteid erinevate \u00fclikoolide ja ettev\u00f5tetega piirkonnas ning on edukalt koost\u00f6\u00f6d teinud kohalike ja piirkondlike omavalitsuste, ettev\u00f5tete \u00fchenduste ja erialaste ettev\u00f5tetega. Tegelikult on Virtual Campus v\u00e4lja kasvanud uurimis- ja t\u00f6\u00f6alastest tegevustest, mis viidi l\u00e4bi uurimisr\u00fchmas GILT, Instituto Superior de Engenharia do Porto juures. Virtual Campus&#8217;i personal moodustab multidistsiplinaarse meeskonna akadeemilise taustaga erinevates valdkondades t\u00f6\u00f6tavatest inimestest, \u00fchendades teadmised ja oskused rahvusvahelistes suhetes, programmeerimises ja disainis.<\/p>\n<p><a href=\"https:\/\/virtual-campus.eu\/\" target=\"_blank\" class=\"uk-button uk-button-primary\" rel=\"noopener\">Koduleht<\/a><\/div>\n<\/li>\n<\/ul>\n<\/div>\n<p><!--more--><br \/>\n<!-- {\"type\":\"layout\",\"children\":[{\"type\":\"section\",\"props\":{\"image_position\":\"center-center\",\"style\":\"default\",\"title_breakpoint\":\"xl\",\"title_position\":\"top-left\",\"title_rotation\":\"left\",\"vertical_align\":\"middle\",\"width\":\"default\"},\"children\":[{\"type\":\"row\",\"children\":[{\"type\":\"column\",\"props\":{\"image_position\":\"center-center\",\"media_overlay_gradient\":\"\",\"position_sticky_breakpoint\":\"m\"},\"children\":[{\"type\":\"text\",\"props\":{\"column_breakpoint\":\"m\",\"content\":\"\n\n<ul class=\\\"accordion-partners\\\" uk-accordion=\\\"collapsible: false\\\">\\n\n\n<li><a class=\\\"uk-accordion-title\\\" href=\\\"#\\\">EDEX - EDUCATIONAL EXCELLENCE CORPORATION LIMITED \\u2013 UNIC<\\\/a>\\n\n\n<div class=\\\"uk-accordion-content\\\">\\n\n\n<p>Nikosia \\u00dclikool (UNIC) on K\\u00fcprose suurim \\u00fclikool, kus \\u00f5pib \\u00fcle 14000 tudengi, on 300 t\\u00e4isajaga \\u00f5ppej\\u00f5udu ja 700 osalise ajaga \\u00f5ppej\\u00f5udu erinevates bakalaureuse- ja magistri\\u00f5ppe programmides hariduse, sotsiaalteaduste, arvutiteaduste, inseneriteaduste, \\u00e4rijuhtimise, kommunikatsiooni ja multimeedia valdkonnas. 28% \\u00fcli\\u00f5pilastest ei ole K\\u00fcprose kodanikud, mis muudab selle multikultuurseks asutuseks, kus hinnatakse mitmekesisust ja pluralismi. UNIC on juhtiv panustaja hariduse ja teaduse valdkonnas. Selle missiooniks on (a) edendada teadust, teadmisi, \\u00f5ppimist ja haridust \\u00f5petamise ja teadust\\u00f6\\u00f6 kaudu \\u00fchiskonna huvides; (b) teadmiste kultiveerimine, edastamine, rakendamine ja interdistsiplinaarne teadmiste vahetus ning (c) pakkuda k\\u00f5rgekvaliteedilist rahvusvaheliselt tunnustatud bakalaureuse- ja magistri\\u00f5pet ning teisi \\u00f5ppeprogramme, mis vastavad rahvusvahelistele standarditele.<\\\/p>\\n<a href=\\\"https:\\\/\\\/www.unic.ac.cy\\\/\\\" target=\\\"_blank\\\" class=\\\"uk-button uk-button-primary\\\" rel=\\\"noopener\\\">Koduleht<\\\/a><\\\/div>\\n<\\\/li>\\n\n\n<li><a class=\\\"uk-accordion-title\\\" href=\\\"#\\\">PANEPISTIMIO AIGAIOU \\u2013 UAegean<\\\/a>\\n\n\n<div class=\\\"uk-accordion-content\\\">\\n\n\n<p>Egeuse \\u00dclikool (UAegean) asutati 1984. aastal eesm\\u00e4rgiga tuua k\\u00f5rghariduses Kreekasse ja maailma uusi l\\u00e4henemisviise ning edendada piirkondlikku arengut. Asudes 6 maalilisel saarel Egeuse saarestikus, pakub UAegean ainulaadset looduslikku, kultuurilist ja inimkeskkonda kaasaegseteks \\u00f5pinguteks teadmiste iidse h\\u00e4lli juures. Sellel on \\u00fcle 16000 bakalaureuse\\u00f5ppe \\u00fcli\\u00f5pilase, 2100 magistri\\u00f5ppe \\u00fcli\\u00f5pilase, 350 \\u00f5ppej\\u00f5u ja 250 administratiivt\\u00f6\\u00f6taja. V\\u00e4hem kui kolmek\\u00fcmne aasta jooksul on UAegean kujunenud rahvusvaheliseks teadusp\\u00f5hiseks \\u00fclikooliks, mis pakub 18 bakalaureuse- (BA v\\u00f5i BSc) ja 40 magistri\\u00f5ppeprogrammi (MA v\\u00f5i MSc) kaasaegsetes interdistsiplinaarsetes teemavaldkondades. T\\u00e4nu institutsiooni pakutavatele \\u00f5ppeprogrammidele ja selle konkurentsiv\\u00f5imelistele teadusprogrammidele on UAegean saanud j\\u00e4rjepidevalt suurep\\u00e4rast tagasisidet hindamistelt, mis on toimunud nii riiklikul, Euroopa kui ka rahvusvahelisel tasandil. 2016. aastal klassifitseeriti UAegean Kreeka parimaks \\u00fclikooliks vastavalt Kreeka Kvaliteedikindlustuse ja Akrediteerimise Agentuuri (HQA) hindamisele. Erasmus+ poliitikavaldkonna avalduse 2014-2020 kohaselt p\\u00f5hineb Egeuse \\u00dclikooli erakordne identiteet j\\u00e4rgmistel omadustel: see pakub k\\u00f5rgeima standardiga akadeemilisi teenuseid, r\\u00f5hutades uudseid ja multidistsiplinaarseid teadusvaldkondi ning t\\u00e4iendab lisaks traditsioonilisi uurimisvaldkondi. Selle rajatised asuvad Egeuse mere laialdastel saartel, Euroopa idapiiril. T\\u00e4psemalt v\\u00f5\\u00f5rustavad \\u00fclikooli asukohti kuus saart, samal ajal kui t\\u00e4iendavaid akadeemilisi tegevusi toetatakse ka teistel, v\\u00e4iksematel saartel.<\\\/p>\\n<a href=\\\"http:\\\/\\\/www.aegean.gr\\\" target=\\\"_blank\\\" class=\\\"uk-button uk-button-primary\\\" rel=\\\"noopener\\\">Koduleht<\\\/a><\\\/div>\\n<\\\/li>\\n\n\n<li><a class=\\\"uk-accordion-title\\\" href=\\\"#\\\">TALLINN UNIVERSITY \\u2013 TLU<\\\/a>\\n\n\n<div class=\\\"uk-accordion-content\\\">\\n\n\n<p>Tallinna \\u00dclikool (TLU) on Eesti kolmas suurim avalik \\u00fclikool, kus \\u00f5pib 7500 \\u00fcli\\u00f5pilast kuues koolis. Haridustehnoloogia Keskus (Centre for Educational Technology, CET), mis asutati 1998. aastal, on interdistsiplinaarne teadus- ja arendus\\u00fcksus Tallinna \\u00dclikooli Digitehnoloogiate Instituudis. CETi rahvusvaheline personal (kokku 25 inimest) koosneb 14 t\\u00e4isajaga teadlasest, 6 tarkvaraarendajast, 4 j\\u00e4reldoktorist teadlasest, osast osalise t\\u00f6\\u00f6ajaga t\\u00f6\\u00f6tajatest ning r\\u00fchmast doktori\\u00f5ppe \\u00fcli\\u00f5pilasi. CETi peamised teadusprojektid on seotud j\\u00e4rgmise p\\u00f5lvkonna hajutatud \\u00f5pikeskkondade arendamisega, kaasates \\u00fchilduvaid sotsiaalse tarkvara vahendeid. Tallinna \\u00dclikooli Digitehnoloogiate Instituur on partnerluses juhtivate Eesti tarkvarafirmadega (Skype Estonia, Nortal, Net Group, Pro Ekspert) ning samuti peamiste avatud l\\u00e4htekoodiga \\u00f5pitehnoloogiate pakkujatega Balti mere piirkonnas (JukuLab O\\u00dc Eestis, MediaMaisteri OY Soomes). CET on v\\u00e4lja t\\u00f6\\u00f6tanud peamise haridusportaali Eestis (Koolielu.ee) ja mitmeid laialdaselt kasutatavaid veebip\\u00f5hiseid \\u00f5pikeskkondi (VIKO, IVA, eDidaktikum, LeMill.net, EduFeedr), juhtides Eestis uurimis- ja arendustegevust digitaalse p\\u00e4devuse ja digitaalse innovatsiooni valdkonnas koolides \\u00fcldiselt.<\\\/p>\\n<a href=\\\"http:\\\/\\\/www.tlu.ee\\\" target=\\\"_blank\\\" class=\\\"uk-button uk-button-primary\\\" rel=\\\"noopener\\\">Koduleht<\\\/a><\\\/div>\\n<\\\/li>\\n\n\n<li><a class=\\\"uk-accordion-title\\\" href=\\\"#\\\">CENTRE FOR ADVANCEMENT OF RESEARCH AND DEVELOPMENT IN EDUCATIONAL TECHNOLOGY LTD - CARDET<\\\/a>\\n\n\n<div class=\\\"uk-accordion-content\\\">\\n\n\n<p>CARDET on juhtiv teadus- ja arenduskeskus Vahemere piirkonnas, maailmatasemel teadmistega teadmusp\\u00f5hises hariduses, digitaalsetes oskustes, kirjaoskuses ja keele\\u00f5ppes, migrantide integreerimises ning v\\u00f5imekuse suurendamises. Suurima s\\u00f5ltumatu mittetulundus\\u00fchinguna K\\u00fcprosel on CARDET seotud \\u00fclikoolide ja institutsioonidega \\u00fcle maailma, n\\u00e4iteks Yale'i \\u00dclikool, Nikosia \\u00dclikool ja Rahvusvaheline Haridusmeedia N\\u00f5ukogu. Meie meeskond on koost\\u00f6\\u00f6s EAEA-ga hiljuti v\\u00e4lja t\\u00f6\\u00f6tanud K\\u00fcprose elukestva \\u00f5ppe strateegia aastateks 2021-2027, kaasates mitmeid ministeeriume, valitsusasutusi, sotsiaalpartnereid ning avaliku ja erasektori osapooli. CARDETs on l\\u00e4bi viidud \\u00fcle 500 hariduse, kirjaoskuse, keele, kaasatuse, digitaalse muutumise ja digitaalsete oskuste projekti ja algatuse. CARDET toob kokku rahvusvahelise meeskonna eksperte, kellel on aastak\\u00fcmnetepikkune globaalne kogemus hariduse uurimise ja arendamise valdkonnas. Meie meeskonna, juhatuse ja n\\u00f5uandekogu liikmed on teeninud k\\u00f5rgel positsioonil organisatsioonides nagu UNESCO, \\u00d5ppimise \\u00dchendus, OECD, Google ja Ameerika Haridusuuringute \\u00dching.<\\\/p>\\n<a href=\\\"http:\\\/\\\/www.cardet.org\\\" target=\\\"_blank\\\" class=\\\"uk-button uk-button-primary\\\" rel=\\\"noopener\\\">Koduleht<\\\/a><\\\/div>\\n<\\\/li>\\n\n\n<li><a class=\\\"uk-accordion-title\\\" href=\\\"#\\\">UNIVERSITATEA DIN PITESTI \\u2013 UPIT<\\\/a>\\n\n\n<div class=\\\"uk-accordion-content\\\">\\n\n\n<p>Pite\\u0219ti \\u00dclikool (UPIT) on riiklik \\u00fclikool, mis asub Pitesti linnas, Rumeenia l\\u00f5unaosas, umbes 120 kilomeetri kaugusel pealinnast Bukarestist. Selle eesm\\u00e4rk on olla d\\u00fcnaamiline ja t\\u00f5hus k\\u00f5rghariduse pakkuja piirkonnas. Praegu \\u00f5pib \\u00fclikoolis umbes 10000 tudengit Muntenia piirkonnast ning t\\u00f6\\u00f6tab ligikaudu 700 \\u00f5ppe- ja administratiivt\\u00f6\\u00f6tajat. \\u00dclikool koosneb kuuest erinevast teaduskonnast, mis pakuvad bakalaureuse-, magistri- ja doktorikraade (www.upit.ro). Selle eesm\\u00e4rk on pakkuda kvaliteetseid haridus-, koolitus- ja uurimisteenuseid erinevates valdkondades spetsialistide koolitamiseks ning luua intellektuaalne kogukond, mis on akrediteeritud rahvuslike ja rahvusvaheliste kvaliteediagentuuride poolt.<\\\/p>\\n<a href=\\\"http:\\\/\\\/www.upit.ro\\\" target=\\\"_blank\\\" class=\\\"uk-button uk-button-primary\\\" rel=\\\"noopener\\\">Koduleht<\\\/a><\\\/div>\\n<\\\/li>\\n\n\n<li><a class=\\\"uk-accordion-title\\\" href=\\\"#\\\">VIRTUAL CAMPUS LDA \\u2013 VC<\\\/a>\\n\n\n<div class=\\\"uk-accordion-content\\\">\\n\n\n<p>Virtual Campus (VC) on v\\u00e4ike- ja keskmise suurusega ettev\\u00f5te (SME), mis tegeleb tehnoloogiaga rikastatud \\u00f5ppe, t\\u00f5siste m\\u00e4ngude ja infotehnoloogia valdkonna arendamise, koolituste ja konsultatsioonidega. Selle visiooniks on aktiivselt edendada teadmistep\\u00f5hise \\u00fchiskonna arengut, toetades avalikke ja era\\u00f5iguslikke organisatsioone strateegiate ja projektide kavandamisel ja arendamisel, mis aitavad \\u00fchiskonnas digitaalsete keskkondade abil hariduse ja koolituse valdkonda edendada. Asudes P\\u00f5hja-Portos, Portugalis, omab Virtual Campus tugevaid koost\\u00f6\\u00f6suhteid erinevate \\u00fclikoolide ja ettev\\u00f5tetega piirkonnas ning on edukalt koost\\u00f6\\u00f6d teinud kohalike ja piirkondlike omavalitsuste, ettev\\u00f5tete \\u00fchenduste ja erialaste ettev\\u00f5tetega. Tegelikult on Virtual Campus v\\u00e4lja kasvanud uurimis- ja t\\u00f6\\u00f6alastest tegevustest, mis viidi l\\u00e4bi uurimisr\\u00fchmas GILT, Instituto Superior de Engenharia do Porto juures. Virtual Campus'i personal moodustab multidistsiplinaarse meeskonna akadeemilise taustaga erinevates valdkondades t\\u00f6\\u00f6tavatest inimestest, \\u00fchendades teadmised ja oskused rahvusvahelistes suhetes, programmeerimises ja disainis.<\\\/p>\\n<a href=\\\"https:\\\/\\\/virtual-campus.eu\\\/\\\" target=\\\"_blank\\\" class=\\\"uk-button uk-button-primary\\\" rel=\\\"noopener\\\">Koduleht<\\\/a><\\\/div>\\n<\\\/li>\\n<\\\/ul>\",\"margin\":\"default\"}}]}]}]}],\"version\":\"3.0.20\"} --><\/p>\n","protected":false},"excerpt":{"rendered":"<p>EDEX &#8211; EDUCATIONAL EXCELLENCE CORPORATION LIMITED \u2013 UNIC Nikosia \u00dclikool (UNIC) on K\u00fcprose suurim \u00fclikool, kus \u00f5pib \u00fcle 14000 tudengi, on 300 t\u00e4isajaga \u00f5ppej\u00f5udu ja..<\/p>\n","protected":false},"author":1,"featured_media":0,"parent":0,"menu_order":0,"comment_status":"closed","ping_status":"closed","template":"","meta":{"_acf_changed":false,"inline_featured_image":false,"footnotes":""},"class_list":["post-2092","page","type-page","status-publish","hentry"],"acf":[],"_links":{"self":[{"href":"https:\/\/leaderai.eu\/et\/wp-json\/wp\/v2\/pages\/2092","targetHints":{"allow":["GET"]}}],"collection":[{"href":"https:\/\/leaderai.eu\/et\/wp-json\/wp\/v2\/pages"}],"about":[{"href":"https:\/\/leaderai.eu\/et\/wp-json\/wp\/v2\/types\/page"}],"author":[{"embeddable":true,"href":"https:\/\/leaderai.eu\/et\/wp-json\/wp\/v2\/users\/1"}],"replies":[{"embeddable":true,"href":"https:\/\/leaderai.eu\/et\/wp-json\/wp\/v2\/comments?post=2092"}],"version-history":[{"count":3,"href":"https:\/\/leaderai.eu\/et\/wp-json\/wp\/v2\/pages\/2092\/revisions"}],"predecessor-version":[{"id":2121,"href":"https:\/\/leaderai.eu\/et\/wp-json\/wp\/v2\/pages\/2092\/revisions\/2121"}],"wp:attachment":[{"href":"https:\/\/leaderai.eu\/et\/wp-json\/wp\/v2\/media?parent=2092"}],"curies":[{"name":"wp","href":"https:\/\/api.w.org\/{rel}","templated":true}]}}