{"id":2093,"date":"2022-02-24T14:11:37","date_gmt":"2022-02-24T14:11:37","guid":{"rendered":"https:\/\/leaderai.eu\/elearning\/"},"modified":"2024-01-25T10:30:52","modified_gmt":"2024-01-25T10:30:52","slug":"elearning","status":"publish","type":"page","link":"https:\/\/leaderai.eu\/et\/elearning\/","title":{"rendered":"e-\u00f5pe"},"content":{"rendered":"<h1>E-Learning Platform<\/h1>\n<div>\n<div class=\"heading-home\">\n<img decoding=\"async\" src=\"https:\/\/leaderai.eu\/wp-content\/uploads\/2023\/03\/e-learning.svg\" uk-svg><\/p>\n<h1 style=\"color:#32B4B0;\" class=\"uk-h1\">e-\u00f5pe<\/p>\n<\/h1>\n<\/div>\n<\/div>\n<div>\n<p>E-\u00f5ppe platvorm pakub kohest juurdep\u00e4\u00e4su terviklikele materjalidele, sealhulgas interaktiivsele t\u00f6\u00f6riistakomplektile, individuaalselt l\u00e4bitavale MOOC-ile ja demodele, et toetada k\u00f5rgkoolide \u00f5ppej\u00f5ude oma kursuste isikup\u00e4rastamisel tehisaru ja anal\u00fc\u00fctikavahendite abil.<\/p>\n<\/div>\n<p>\n    <a href=\"#comingsoon\">K\u00fclasta platvormi<\/a>\n<\/p>\n<p><!--more--><br \/>\n<!-- {\"type\":\"layout\",\"children\":[{\"type\":\"section\",\"props\":{\"animation\":\"fade\",\"animation_delay\":\"200\",\"image_position\":\"center-center\",\"padding_remove_bottom\":false,\"padding_remove_top\":true,\"style\":\"default\",\"title_breakpoint\":\"xl\",\"title_position\":\"top-left\",\"title_rotation\":\"left\",\"vertical_align\":\"middle\",\"width\":\"default\"},\"children\":[{\"type\":\"row\",\"children\":[{\"type\":\"column\",\"props\":{\"image_position\":\"center-center\",\"media_overlay_gradient\":\"\",\"position_sticky_breakpoint\":\"m\"},\"children\":[{\"type\":\"headline\",\"props\":{\"class\":\"headpage\",\"content\":\"E-Learning Platform\",\"text_align\":\"left\",\"title_color\":\"success\",\"title_element\":\"h1\",\"title_style\":\"h1\"},\"name\":\"headline-pages\",\"source\":{\"query\":{\"name\":\"pages.singlePage\"}}}]}]}]},{\"type\":\"section\",\"props\":{\"animation\":\"slide-bottom\",\"animation_delay\":\"200\",\"class\":\"\",\"image_position\":\"center-center\",\"padding_remove_top\":true,\"style\":\"default\",\"title_breakpoint\":\"xl\",\"title_position\":\"top-left\",\"title_rotation\":\"left\",\"vertical_align\":\"middle\",\"width\":\"small\"},\"children\":[{\"type\":\"row\",\"props\":{\"class\":\"home1 home2\",\"divider\":true,\"layout\":\"1-2,1-2\"},\"children\":[{\"type\":\"column\",\"props\":{\"image_position\":\"center-center\",\"media_overlay_gradient\":\"\",\"position_sticky_breakpoint\":\"m\",\"vertical_align\":\"middle\",\"width_medium\":\"1-2\"},\"children\":[{\"type\":\"text\",\"props\":{\"column_breakpoint\":\"m\",\"content\":\"\n\n<div class=\\\"heading-home\\\">\\n<img src=\\\"https:\\\/\\\/leaderai.eu\\\/wp-content\\\/uploads\\\/2023\\\/03\\\/e-learning.svg\\\" uk-svg>\\n    \n\n<h1 style=\\\"color:#32B4B0;\\\" class=\\\"uk-h1\\\">e-\\u00f5pe\\n\\n<\\\/h1>\\n\\n<\\\/div>\",\"margin\":\"default\",\"text_align\":\"center\"}}]},{\"type\":\"column\",\"props\":{\"image_position\":\"center-center\",\"media_overlay_gradient\":\"\",\"position_sticky_breakpoint\":\"m\",\"vertical_align\":\"middle\",\"width_medium\":\"1-2\"},\"children\":[{\"type\":\"text\",\"props\":{\"column_breakpoint\":\"m\",\"content\":\"\n\n<p>E-\\u00f5ppe platvorm pakub kohest juurdep\\u00e4\\u00e4su terviklikele materjalidele, sealhulgas interaktiivsele t\\u00f6\\u00f6riistakomplektile, individuaalselt l\\u00e4bitavale MOOC-ile ja demodele, et toetada k\\u00f5rgkoolide \\u00f5ppej\\u00f5ude oma kursuste isikup\\u00e4rastamisel tehisaru ja anal\\u00fc\\u00fctikavahendite abil.<\\\/p>\",\"margin\":\"default\"}},{\"type\":\"button\",\"props\":{\"grid_column_gap\":\"small\",\"grid_row_gap\":\"small\",\"margin\":\"default\",\"text_align\":\"right\",\"text_align_breakpoint\":\"s\"},\"children\":[{\"type\":\"button_item\",\"props\":{\"button_style\":\"primary\",\"content\":\"K\\u00fclasta platvormi\",\"icon_align\":\"left\",\"link\":\"#comingsoon\"}}]}]}]}],\"name\":\"abouthome\"}],\"version\":\"3.0.20\"} --><\/p>\n","protected":false},"excerpt":{"rendered":"<p>E-Learning Platform e-\u00f5pe E-\u00f5ppe platvorm pakub kohest juurdep\u00e4\u00e4su terviklikele materjalidele, sealhulgas interaktiivsele t\u00f6\u00f6riistakomplektile, individuaalselt l\u00e4bitavale MOOC-ile ja demodele, et toetada k\u00f5rgkoolide \u00f5ppej\u00f5ude oma kursuste isikup\u00e4rastamisel..<\/p>\n","protected":false},"author":1,"featured_media":0,"parent":0,"menu_order":0,"comment_status":"closed","ping_status":"closed","template":"","meta":{"_acf_changed":false,"inline_featured_image":false,"footnotes":""},"class_list":["post-2093","page","type-page","status-publish","hentry"],"acf":[],"_links":{"self":[{"href":"https:\/\/leaderai.eu\/et\/wp-json\/wp\/v2\/pages\/2093","targetHints":{"allow":["GET"]}}],"collection":[{"href":"https:\/\/leaderai.eu\/et\/wp-json\/wp\/v2\/pages"}],"about":[{"href":"https:\/\/leaderai.eu\/et\/wp-json\/wp\/v2\/types\/page"}],"author":[{"embeddable":true,"href":"https:\/\/leaderai.eu\/et\/wp-json\/wp\/v2\/users\/1"}],"replies":[{"embeddable":true,"href":"https:\/\/leaderai.eu\/et\/wp-json\/wp\/v2\/comments?post=2093"}],"version-history":[{"count":3,"href":"https:\/\/leaderai.eu\/et\/wp-json\/wp\/v2\/pages\/2093\/revisions"}],"predecessor-version":[{"id":2123,"href":"https:\/\/leaderai.eu\/et\/wp-json\/wp\/v2\/pages\/2093\/revisions\/2123"}],"wp:attachment":[{"href":"https:\/\/leaderai.eu\/et\/wp-json\/wp\/v2\/media?parent=2093"}],"curies":[{"name":"wp","href":"https:\/\/api.w.org\/{rel}","templated":true}]}}