{"id":2094,"date":"2023-03-20T07:47:49","date_gmt":"2023-03-20T07:47:49","guid":{"rendered":"https:\/\/leaderai.eu\/toolkit\/"},"modified":"2024-01-25T10:46:08","modified_gmt":"2024-01-25T10:46:08","slug":"toolkit","status":"publish","type":"page","link":"https:\/\/leaderai.eu\/et\/toolkit\/","title":{"rendered":"T\u00f6\u00f6riistakomplekt"},"content":{"rendered":"<div>\n<div class=\"heading-home\">\n<img decoding=\"async\" src=\"https:\/\/leaderai.eu\/wp-content\/uploads\/2023\/03\/toolkit.svg\" uk-svg><\/p>\n<h1 style=\"color:#B394C4;\" class=\"uk-h1\">T\u00f6\u00f6riistakomplekt<\/h1>\n<\/div>\n<\/div>\n<div>LEADER AI t\u00f6\u00f6riistakomplekt on atraktiivne tugipakett k\u00f5rghariduse t\u00f6\u00f6tajatele, et edendada nende erialast praktikat isikup\u00e4raste kursuste kavandamisel (tehnoloogiaga t\u00e4iendatud kontakt- ja t\u00e4ielikult veebip\u00f5hised), valides ja integreerides andmep\u00f5hiseid ja tehisarup\u00f5hiseid vahendeid.<\/p>\n<\/div>\n<p>\n    <a href=\"https:\/\/leaderai.eu\/wp-content\/uploads\/2024\/01\/LEADERAI_Toolkit_EE.pdf\">Avasta rohkem<\/a>\n<\/p>\n<p><!--more--><br \/>\n<!-- {\"type\":\"layout\",\"children\":[{\"type\":\"section\",\"props\":{\"animation\":\"fade\",\"animation_delay\":\"200\",\"image_position\":\"center-center\",\"padding_remove_top\":true,\"style\":\"default\",\"title_breakpoint\":\"xl\",\"title_position\":\"top-left\",\"title_rotation\":\"left\",\"vertical_align\":\"middle\",\"width\":\"default\"},\"children\":[{\"type\":\"row\",\"children\":[{\"type\":\"column\",\"props\":{\"image_position\":\"center-center\",\"media_overlay_gradient\":\"\",\"position_sticky_breakpoint\":\"m\"},\"children\":[{\"type\":\"headline\",\"props\":{\"class\":\"headpage\",\"text_align\":\"left\",\"title_color\":\"success\",\"title_element\":\"h1\",\"title_style\":\"h1\"},\"name\":\"headline-pages\",\"source\":{\"query\":{\"name\":\"pages.singlePage\"},\"props\":{\"content\":{\"filters\":{\"search\":\"\"},\"name\":\"title\"}}}}]}]}],\"name\":\"headerother\"},{\"type\":\"section\",\"props\":{\"animation\":\"slide-bottom\",\"animation_delay\":\"200\",\"class\":\"\",\"height\":\"expand\",\"image_position\":\"center-center\",\"padding_remove_top\":true,\"style\":\"default\",\"title_breakpoint\":\"xl\",\"title_position\":\"top-left\",\"title_rotation\":\"left\",\"vertical_align\":\"middle\",\"width\":\"small\"},\"children\":[{\"type\":\"row\",\"props\":{\"class\":\"home1 home3\",\"divider\":true,\"layout\":\"1-2,1-2\"},\"children\":[{\"type\":\"column\",\"props\":{\"image_position\":\"center-center\",\"media_overlay_gradient\":\"\",\"position_sticky_breakpoint\":\"m\",\"vertical_align\":\"middle\",\"width_medium\":\"1-2\"},\"children\":[{\"type\":\"text\",\"props\":{\"column_breakpoint\":\"m\",\"content\":\"\n\n<div class=\\\"heading-home\\\">\\n<img src=\\\"https:\\\/\\\/leaderai.eu\\\/wp-content\\\/uploads\\\/2023\\\/03\\\/toolkit.svg\\\" uk-svg>\\n    \n\n<h1 style=\\\"color:#B394C4;\\\" class=\\\"uk-h1\\\">T\\u00f6\\u00f6riistakomplekt<\\\/h1>\\n\\n<\\\/div>\",\"margin\":\"default\",\"text_align\":\"center\"}}]},{\"type\":\"column\",\"props\":{\"image_position\":\"center-center\",\"media_overlay_gradient\":\"\",\"position_sticky_breakpoint\":\"m\",\"vertical_align\":\"middle\",\"width_medium\":\"1-2\"},\"children\":[{\"type\":\"text\",\"props\":{\"column_breakpoint\":\"m\",\"content\":\"LEADER AI t\\u00f6\\u00f6riistakomplekt on atraktiivne tugipakett k\\u00f5rghariduse t\\u00f6\\u00f6tajatele, et edendada nende erialast praktikat isikup\\u00e4raste kursuste kavandamisel (tehnoloogiaga t\\u00e4iendatud kontakt- ja t\\u00e4ielikult veebip\\u00f5hised), valides ja integreerides andmep\\u00f5hiseid ja tehisarup\\u00f5hiseid vahendeid.\\n\\n\",\"margin\":\"default\"}},{\"type\":\"button\",\"props\":{\"grid_column_gap\":\"small\",\"grid_row_gap\":\"small\",\"margin\":\"default\",\"text_align\":\"right\",\"text_align_breakpoint\":\"s\"},\"children\":[{\"type\":\"button_item\",\"props\":{\"button_style\":\"primary\",\"content\":\"Avasta rohkem\",\"icon_align\":\"left\",\"link\":\"https:\\\/\\\/leaderai.eu\\\/wp-content\\\/uploads\\\/2024\\\/01\\\/LEADERAI_Toolkit_EE.pdf\"}}]}]}]}],\"name\":\"abouthome\"}],\"version\":\"3.0.20\"} --><\/p>\n","protected":false},"excerpt":{"rendered":"<p>T\u00f6\u00f6riistakomplekt LEADER AI t\u00f6\u00f6riistakomplekt on atraktiivne tugipakett k\u00f5rghariduse t\u00f6\u00f6tajatele, et edendada nende erialast praktikat isikup\u00e4raste kursuste kavandamisel (tehnoloogiaga t\u00e4iendatud kontakt- ja t\u00e4ielikult veebip\u00f5hised), valides ja..<\/p>\n","protected":false},"author":1,"featured_media":0,"parent":0,"menu_order":0,"comment_status":"closed","ping_status":"closed","template":"","meta":{"_acf_changed":false,"inline_featured_image":false,"footnotes":""},"class_list":["post-2094","page","type-page","status-publish","hentry"],"acf":[],"_links":{"self":[{"href":"https:\/\/leaderai.eu\/et\/wp-json\/wp\/v2\/pages\/2094","targetHints":{"allow":["GET"]}}],"collection":[{"href":"https:\/\/leaderai.eu\/et\/wp-json\/wp\/v2\/pages"}],"about":[{"href":"https:\/\/leaderai.eu\/et\/wp-json\/wp\/v2\/types\/page"}],"author":[{"embeddable":true,"href":"https:\/\/leaderai.eu\/et\/wp-json\/wp\/v2\/users\/1"}],"replies":[{"embeddable":true,"href":"https:\/\/leaderai.eu\/et\/wp-json\/wp\/v2\/comments?post=2094"}],"version-history":[{"count":3,"href":"https:\/\/leaderai.eu\/et\/wp-json\/wp\/v2\/pages\/2094\/revisions"}],"predecessor-version":[{"id":2173,"href":"https:\/\/leaderai.eu\/et\/wp-json\/wp\/v2\/pages\/2094\/revisions\/2173"}],"wp:attachment":[{"href":"https:\/\/leaderai.eu\/et\/wp-json\/wp\/v2\/media?parent=2094"}],"curies":[{"name":"wp","href":"https:\/\/api.w.org\/{rel}","templated":true}]}}