{"id":2229,"date":"2025-01-09T15:11:44","date_gmt":"2025-01-09T15:11:44","guid":{"rendered":"https:\/\/leaderai.eu\/training-and-piloting\/"},"modified":"2025-01-28T08:08:25","modified_gmt":"2025-01-28T08:08:25","slug":"training-and-piloting","status":"publish","type":"page","link":"https:\/\/leaderai.eu\/et\/training-and-piloting\/","title":{"rendered":"Koolitus ja piloteerimine"},"content":{"rendered":"<h1><span>Stsenaariumip\u00f5hine koolitus ja piloteerimine<\/span><\/h1>\n<div>\n<p><span>LEADER AI koolitusprogramm pakub k\u00f5rgkoolide \u00f5ppej\u00f5ududele praktilist v\u00f5imalust \u00f5ppida, kuidas oma \u00f5petamist avatud l\u00e4htekoodiga\/tasuta AI-p\u00f5histe ja andmete visualiseerimise t\u00f6\u00f6riistade abil personaliseerida. See ei n\u00f5ua erilisi arvutioskusi, n\u00e4iteks programmeerimisoskust.<\/span><\/p>\n<p><span>Konsortsium on koostanud koolituspaketi ja juhised selle rakendamiseks, kuid saate stsenaariume ka eraldi alla laadida.<\/span><\/p>\n<\/div>\n<p>\n    <a href=\"\/wp-content\/uploads\/2025\/01\/LEADER-AI_WP3_Training-Package-with-implementation-guidelines.pdf\">Laadi alla koolituspakett koos juhistega<\/a>\n<\/p>\n<p>\n    <a href=\"\/wp-content\/uploads\/2025\/01\/LEADER-AI_WP3_Scenarios.pdf\">Laadi alla stsenaariumid<\/a>\n<\/p>\n<p><!--more--><br \/>\n<!-- {\"type\":\"layout\",\"children\":[{\"type\":\"section\",\"props\":{\"height\":\"page\",\"image_position\":\"center-center\",\"padding_remove_top\":true,\"style\":\"default\",\"title_breakpoint\":\"xl\",\"title_position\":\"top-left\",\"title_rotation\":\"left\",\"vertical_align\":\"middle\",\"width\":\"default\"},\"children\":[{\"type\":\"row\",\"children\":[{\"type\":\"column\",\"props\":{\"image_position\":\"center-center\",\"position_sticky_breakpoint\":\"m\"},\"children\":[{\"type\":\"headline\",\"props\":{\"content\":\"<span>Stsenaariumip\\u00f5hine koolitus ja piloteerimine<\\\/span>\",\"title_element\":\"h1\"}},{\"type\":\"text\",\"props\":{\"column_breakpoint\":\"m\",\"content\":\"\n\n<p><span>LEADER AI koolitusprogramm pakub k\\u00f5rgkoolide \\u00f5ppej\\u00f5ududele praktilist v\\u00f5imalust \\u00f5ppida, kuidas oma \\u00f5petamist avatud l\\u00e4htekoodiga\\\/tasuta AI-p\\u00f5histe ja andmete visualiseerimise t\\u00f6\\u00f6riistade abil personaliseerida. See ei n\\u00f5ua erilisi arvutioskusi, n\\u00e4iteks programmeerimisoskust.<\\\/span><\\\/p>\\n\n\n<p><span>Konsortsium on koostanud koolituspaketi ja juhised selle rakendamiseks, kuid saate stsenaariume ka eraldi alla laadida.<\\\/span><\\\/p>\",\"margin\":\"default\"}}]}]},{\"type\":\"row\",\"children\":[{\"type\":\"column\",\"props\":{\"image_position\":\"center-center\",\"position_sticky_breakpoint\":\"m\"},\"children\":[{\"type\":\"button\",\"props\":{\"grid_column_gap\":\"small\",\"grid_row_gap\":\"small\",\"margin\":\"default\"},\"children\":[{\"type\":\"button_item\",\"props\":{\"button_style\":\"primary\",\"content\":\"Laadi alla koolituspakett koos juhistega\",\"icon_align\":\"left\",\"link\":\"wp-content\\\/uploads\\\/2025\\\/01\\\/LEADER-AI_WP3_Training-Package-with-implementation-guidelines.pdf\",\"link_target\":\"blank\"}}]},{\"type\":\"button\",\"props\":{\"grid_column_gap\":\"small\",\"grid_row_gap\":\"small\",\"margin\":\"default\"},\"children\":[{\"type\":\"button_item\",\"props\":{\"button_style\":\"primary\",\"content\":\"Laadi alla stsenaariumid\",\"icon_align\":\"left\",\"link\":\"wp-content\\\/uploads\\\/2025\\\/01\\\/LEADER-AI_WP3_Scenarios.pdf\",\"link_target\":\"blank\"}}]}]}]}]}],\"version\":\"4.4.19\"} --><\/p>\n","protected":false},"excerpt":{"rendered":"<p>Stsenaariumip\u00f5hine koolitus ja piloteerimine LEADER AI koolitusprogramm pakub k\u00f5rgkoolide \u00f5ppej\u00f5ududele praktilist v\u00f5imalust \u00f5ppida, kuidas oma \u00f5petamist avatud l\u00e4htekoodiga\/tasuta AI-p\u00f5histe ja andmete visualiseerimise t\u00f6\u00f6riistade abil personaliseerida&#8230;<\/p>\n","protected":false},"author":1,"featured_media":0,"parent":0,"menu_order":0,"comment_status":"closed","ping_status":"closed","template":"","meta":{"_acf_changed":false,"inline_featured_image":false,"footnotes":""},"class_list":["post-2229","page","type-page","status-publish","hentry"],"acf":[],"_links":{"self":[{"href":"https:\/\/leaderai.eu\/et\/wp-json\/wp\/v2\/pages\/2229","targetHints":{"allow":["GET"]}}],"collection":[{"href":"https:\/\/leaderai.eu\/et\/wp-json\/wp\/v2\/pages"}],"about":[{"href":"https:\/\/leaderai.eu\/et\/wp-json\/wp\/v2\/types\/page"}],"author":[{"embeddable":true,"href":"https:\/\/leaderai.eu\/et\/wp-json\/wp\/v2\/users\/1"}],"replies":[{"embeddable":true,"href":"https:\/\/leaderai.eu\/et\/wp-json\/wp\/v2\/comments?post=2229"}],"version-history":[{"count":2,"href":"https:\/\/leaderai.eu\/et\/wp-json\/wp\/v2\/pages\/2229\/revisions"}],"predecessor-version":[{"id":2238,"href":"https:\/\/leaderai.eu\/et\/wp-json\/wp\/v2\/pages\/2229\/revisions\/2238"}],"wp:attachment":[{"href":"https:\/\/leaderai.eu\/et\/wp-json\/wp\/v2\/media?parent=2229"}],"curies":[{"name":"wp","href":"https:\/\/api.w.org\/{rel}","templated":true}]}}