{"id":1773,"date":"2022-02-24T14:11:37","date_gmt":"2022-02-24T14:11:37","guid":{"rendered":"https:\/\/leaderai.eu\/home\/"},"modified":"2023-09-29T06:42:04","modified_gmt":"2023-09-29T06:42:04","slug":"home","status":"publish","type":"page","link":"https:\/\/leaderai.eu\/pt-pt\/","title":{"rendered":"P\u00e1gina inicial"},"content":{"rendered":"<div>\n<div class=\"par-hero uk-position-center\"><img decoding=\"async\" style=\"display: none;\" id=\"logo\" class=\"next-particle\" data-gravity=\"0.2\" data-height=\"1316\" data-particle-gap=\"2\" data-mouse-force=\"230\" src=\"\/wp-content\/uploads\/2023\/03\/hero-image2-1.png\" \/><\/div>\n<div class=\"verline\">\n<div><\/div>\n<\/div>\n<\/div>\n<h1>Learning Analytics e Intelig\u00eancia Artificial<br \/> para uma aprendizagem personalizada<\/p>\n<\/h1>\n<div><a href=\"#hero-anim\" class=\"uk-button uk-button-primary hero-btn\">Descubra mais<\/p>\n<p><\/a><\/p>\n<\/div>\n<div>\n<div class=\"heading-home\">\n<img decoding=\"async\" src=\"https:\/\/leaderai.eu\/wp-content\/uploads\/2023\/03\/intro.svg\" uk-svg><\/p>\n<h1 style=\"color:#EE7E5D;\" class=\"uk-h1\">Vis\u00e3o geral do projeto<\/p>\n<\/h1>\n<\/div>\n<\/div>\n<div>O projeto LEADER AI desenvolver\u00e1 um Conjunto de Ferramentas com guias pr\u00e1ticos, uma forma\u00e7\u00e3o baseada em cen\u00e1rios reais e uma Plataforma Interativa de e-Learning com recursos digitais, sobre como as institui\u00e7\u00f5es de ensino superior (IES) poder\u00e3o utilizar ferramentas e abordagens baseadas em IA e dados para uma instru\u00e7\u00e3o personalizada.\n<\/div>\n<p>\n    <a href=\"\/pt-pt\/about\">Descubra mais<\/a>\n<\/p>\n<div>\n<div class=\"heading-home\">\n<img decoding=\"async\" src=\"https:\/\/leaderai.eu\/wp-content\/uploads\/2023\/03\/e-learning.svg\" uk-svg><\/p>\n<h1 style=\"color:#32B4B0;\" class=\"uk-h1\">E-learning<\/h1>\n<\/div>\n<\/div>\n<div>A plataforma de e-Learning fornece o acesso imediato a um pacote completo de recursos, incluindo um Conjunto de Ferramentas Interativo, um MOOC (Massive Open Online Course) que pode ser autogerido pelo formando e, ainda, demonstra\u00e7\u00f5es para apoiar os professores de ensino superior a personalizarem os seus cursos, utilizando instrumentos baseados em IA e anal\u00edtica.<\/p>\n<\/div>\n<p>\n    <a href=\"\/pt-pt\/elearning\">Visite a Plataforma<\/a>\n<\/p>\n<div>\n<div class=\"heading-home\">\n<img decoding=\"async\" src=\"https:\/\/leaderai.eu\/wp-content\/uploads\/2023\/03\/toolkit.svg\" uk-svg><\/p>\n<h1 style=\"color:#B394C4;\" class=\"uk-h1\">Conjunto de Ferramentas<\/p>\n<\/h1>\n<\/div>\n<\/div>\n<div>O Conjunto de Ferramentas do projeto LEADER AI \u00e9 um pacote de apoio atrativo para o pessoal do ensino superior, que tem como finalidade desenvolver as pr\u00e1ticas profissionais destes, na elabora\u00e7\u00e3o de cursos personalizados (com tecnologia avan\u00e7ada presencialmente e totalmente online), mediante a sele\u00e7\u00e3o e integra\u00e7\u00e3o de ferramentas orientadas por dados e baseadas em IA.<\/p>\n<\/div>\n<p>\n    <a href=\"\/pt-pt\/toolkit\">Descubra mais<\/a>\n<\/p>\n<div>\n<\/div>\n<p><!--more--><br \/>\n<!-- {\"type\":\"layout\",\"children\":[{\"type\":\"section\",\"props\":{\"animation\":\"fade\",\"animation_delay\":\"200\",\"height\":\"full\",\"image_position\":\"center-center\",\"style\":\"default\",\"title_breakpoint\":\"xl\",\"title_position\":\"top-left\",\"title_rotation\":\"left\",\"vertical_align\":\"middle\",\"width\":\"default\"},\"children\":[{\"type\":\"row\",\"children\":[{\"type\":\"column\",\"props\":{\"image_position\":\"center-center\",\"media_overlay_gradient\":\"\",\"position_sticky_breakpoint\":\"m\"},\"children\":[{\"type\":\"text\",\"props\":{\"class\":\"hero-parent\",\"column_breakpoint\":\"m\",\"content\":\"\n\n<div class=\\\"par-hero uk-position-center\\\"><img style=\\\"display: none;\\\" id=\\\"logo\\\" class=\\\"next-particle\\\" data-gravity=\\\"0.2\\\" data-height=\\\"1316\\\" data-particle-gap=\\\"2\\\" data-mouse-force=\\\"230\\\" src=\\\"wp-content\\\/uploads\\\/2023\\\/03\\\/hero-image2-1.png\\\" \\\/><\\\/div>\\n\n\n<div class=\\\"verline\\\">\\n\n\n<div><\\\/div>\\n<\\\/div>\",\"margin\":\"default\",\"text_align\":\"center\"}},{\"type\":\"headline\",\"props\":{\"class\":\"hero-head\",\"content\":\"Learning Analytics e Intelig\\u00eancia Artificial<br \/> para uma aprendizagem personalizada\\n\\n\",\"text_align\":\"center\",\"title_element\":\"h1\"}},{\"type\":\"text\",\"props\":{\"column_breakpoint\":\"m\",\"content\":\"<a href=\\\"#hero-anim\\\" class=\\\"uk-button uk-button-primary hero-btn\\\">Descubra mais\\n\\n<\\\/a>\\n\\n\",\"margin\":\"default\",\"text_align\":\"center\"}}]}]}]},{\"type\":\"section\",\"props\":{\"animation\":\"slide-bottom\",\"animation_delay\":\"200\",\"class\":\"morehome\",\"id\":\"morehome\",\"image_position\":\"center-center\",\"padding_remove_top\":true,\"style\":\"default\",\"title_breakpoint\":\"xl\",\"title_position\":\"top-left\",\"title_rotation\":\"left\",\"vertical_align\":\"middle\",\"width\":\"small\"},\"children\":[{\"type\":\"row\",\"props\":{\"class\":\"home1\",\"divider\":true,\"layout\":\"1-2,1-2\"},\"children\":[{\"type\":\"column\",\"props\":{\"image_position\":\"center-center\",\"media_overlay_gradient\":\"\",\"position_sticky\":\"\",\"position_sticky_breakpoint\":\"m\",\"vertical_align\":\"middle\",\"width_medium\":\"1-2\"},\"children\":[{\"type\":\"text\",\"props\":{\"column_breakpoint\":\"m\",\"content\":\"\n\n<div class=\\\"heading-home\\\">\\n<img src=\\\"https:\\\/\\\/leaderai.eu\\\/wp-content\\\/uploads\\\/2023\\\/03\\\/intro.svg\\\" uk-svg>\\n    \n\n<h1 style=\\\"color:#EE7E5D;\\\" class=\\\"uk-h1\\\">Vis\\u00e3o geral do projeto\\n\\n<\\\/h1>\\n\\n<\\\/div>\",\"margin\":\"default\",\"text_align\":\"center\"}}]},{\"type\":\"column\",\"props\":{\"image_position\":\"center-center\",\"media_overlay_gradient\":\"\",\"position_sticky_breakpoint\":\"m\",\"vertical_align\":\"middle\",\"width_medium\":\"1-2\"},\"children\":[{\"type\":\"text\",\"props\":{\"column_breakpoint\":\"m\",\"content\":\"O projeto LEADER AI desenvolver\\u00e1 um Conjunto de Ferramentas com guias pr\\u00e1ticos, uma forma\\u00e7\\u00e3o baseada em cen\\u00e1rios reais e uma Plataforma Interativa de e-Learning com recursos digitais, sobre como as institui\\u00e7\\u00f5es de ensino superior (IES) poder\\u00e3o utilizar ferramentas e abordagens baseadas em IA e dados para uma instru\\u00e7\\u00e3o personalizada.\\n\",\"margin\":\"default\"}},{\"type\":\"button\",\"props\":{\"grid_column_gap\":\"small\",\"grid_row_gap\":\"small\",\"margin\":\"default\",\"text_align\":\"right\",\"text_align_breakpoint\":\"s\"},\"children\":[{\"type\":\"button_item\",\"props\":{\"button_style\":\"primary\",\"content\":\"Descubra mais\",\"icon_align\":\"left\",\"link\":\"pt-pt\\\/about\"}}]}]}]},{\"type\":\"row\",\"props\":{\"class\":\"home1 home2\",\"divider\":true,\"layout\":\"1-2,1-2\"},\"children\":[{\"type\":\"column\",\"props\":{\"image_position\":\"center-center\",\"media_overlay_gradient\":\"\",\"position_sticky_breakpoint\":\"m\",\"vertical_align\":\"middle\",\"width_medium\":\"1-2\"},\"children\":[{\"type\":\"text\",\"props\":{\"column_breakpoint\":\"m\",\"content\":\"\n\n<div class=\\\"heading-home\\\">\\n<img src=\\\"https:\\\/\\\/leaderai.eu\\\/wp-content\\\/uploads\\\/2023\\\/03\\\/e-learning.svg\\\" uk-svg>\\n    \n\n<h1 style=\\\"color:#32B4B0;\\\" class=\\\"uk-h1\\\">E-learning<\\\/h1>\\n\\n<\\\/div>\",\"margin\":\"default\",\"text_align\":\"center\"}}]},{\"type\":\"column\",\"props\":{\"image_position\":\"center-center\",\"media_overlay_gradient\":\"\",\"position_sticky_breakpoint\":\"m\",\"vertical_align\":\"middle\",\"width_medium\":\"1-2\"},\"children\":[{\"type\":\"text\",\"props\":{\"column_breakpoint\":\"m\",\"content\":\"A plataforma de e-Learning fornece o acesso imediato a um pacote completo de recursos, incluindo um Conjunto de Ferramentas Interativo, um MOOC (Massive Open Online Course) que pode ser autogerido pelo formando e, ainda, demonstra\\u00e7\\u00f5es para apoiar os professores de ensino superior a personalizarem os seus cursos, utilizando instrumentos baseados em IA e anal\\u00edtica.\\n\\n\",\"margin\":\"default\"}},{\"type\":\"button\",\"props\":{\"grid_column_gap\":\"small\",\"grid_row_gap\":\"small\",\"margin\":\"default\",\"text_align\":\"right\",\"text_align_breakpoint\":\"s\"},\"children\":[{\"type\":\"button_item\",\"props\":{\"button_style\":\"primary\",\"content\":\"Visite a Plataforma\",\"icon_align\":\"left\",\"link\":\"pt-pt\\\/elearning\"}}]}]}]},{\"type\":\"row\",\"props\":{\"class\":\"home1 home3\",\"divider\":true,\"layout\":\"1-2,1-2\"},\"children\":[{\"type\":\"column\",\"props\":{\"image_position\":\"center-center\",\"media_overlay_gradient\":\"\",\"position_sticky_breakpoint\":\"m\",\"vertical_align\":\"middle\",\"width_medium\":\"1-2\"},\"children\":[{\"type\":\"text\",\"props\":{\"column_breakpoint\":\"m\",\"content\":\"\n\n<div class=\\\"heading-home\\\">\\n<img src=\\\"https:\\\/\\\/leaderai.eu\\\/wp-content\\\/uploads\\\/2023\\\/03\\\/toolkit.svg\\\" uk-svg>\\n    \n\n<h1 style=\\\"color:#B394C4;\\\" class=\\\"uk-h1\\\">Conjunto de Ferramentas\\n\\n<\\\/h1>\\n\\n<\\\/div>\",\"margin\":\"default\",\"text_align\":\"center\"}}]},{\"type\":\"column\",\"props\":{\"image_position\":\"center-center\",\"media_overlay_gradient\":\"\",\"position_sticky_breakpoint\":\"m\",\"vertical_align\":\"middle\",\"width_medium\":\"1-2\"},\"children\":[{\"type\":\"text\",\"props\":{\"column_breakpoint\":\"m\",\"content\":\"O Conjunto de Ferramentas do projeto LEADER AI \\u00e9 um pacote de apoio atrativo para o pessoal do ensino superior, que tem como finalidade desenvolver as pr\\u00e1ticas profissionais destes, na elabora\\u00e7\\u00e3o de cursos personalizados (com tecnologia avan\\u00e7ada presencialmente e totalmente online), mediante a sele\\u00e7\\u00e3o e integra\\u00e7\\u00e3o de ferramentas orientadas por dados e baseadas em IA.\\n\\n\",\"margin\":\"default\"}},{\"type\":\"button\",\"props\":{\"grid_column_gap\":\"small\",\"grid_row_gap\":\"small\",\"margin\":\"default\",\"text_align\":\"right\",\"text_align_breakpoint\":\"s\"},\"children\":[{\"type\":\"button_item\",\"props\":{\"button_style\":\"primary\",\"content\":\"Descubra mais\",\"icon_align\":\"left\",\"link\":\"pt-pt\\\/toolkit\"}}]}]}]},{\"type\":\"row\",\"children\":[{\"type\":\"column\",\"props\":{\"image_position\":\"center-center\",\"media_overlay_gradient\":\"\",\"position_sticky_breakpoint\":\"m\"},\"children\":[{\"type\":\"grid\",\"props\":{\"class\":\"newsgridd\",\"content_column_breakpoint\":\"m\",\"filter_align\":\"left\",\"filter_all\":true,\"filter_grid_breakpoint\":\"m\",\"filter_grid_width\":\"auto\",\"filter_position\":\"top\",\"filter_style\":\"tab\",\"grid_default\":\"1\",\"grid_medium\":\"3\",\"icon_width\":80,\"image_align\":\"top\",\"image_grid_breakpoint\":\"m\",\"image_grid_width\":\"1-2\",\"image_svg_color\":\"emphasis\",\"item_animation\":true,\"link_style\":\"primary\",\"link_text\":\"Read more\",\"margin\":\"default\",\"meta_align\":\"below-title\",\"meta_element\":\"div\",\"meta_style\":\"text-meta\",\"show_content\":true,\"show_image\":true,\"show_link\":true,\"show_meta\":true,\"show_title\":true,\"title_align\":\"top\",\"title_element\":\"h3\",\"title_grid_breakpoint\":\"m\",\"title_grid_width\":\"1-2\",\"title_hover_style\":\"reset\"},\"children\":[{\"type\":\"grid_item\",\"props\":{\"link_text\":\"discover more\"},\"source\":{\"query\":{\"name\":\"posts.customPosts\",\"arguments\":{\"terms\":[],\"category_operator\":\"IN\",\"post_tag_operator\":\"IN\",\"users\":[],\"users_operator\":\"IN\",\"offset\":0,\"limit\":3,\"order\":\"date\",\"order_direction\":\"DESC\"}},\"props\":{\"title\":{\"filters\":{\"search\":\"\"},\"name\":\"title\"},\"link\":{\"filters\":{\"search\":\"\"},\"name\":\"link\"}}}}]}]}]}]}],\"version\":\"3.0.20\"} --><\/p>\n","protected":false},"excerpt":{"rendered":"<p>Learning Analytics e Intelig\u00eancia Artificial para uma aprendizagem personalizada Descubra mais Vis\u00e3o geral do projeto O projeto LEADER AI desenvolver\u00e1 um Conjunto de Ferramentas com..<\/p>\n","protected":false},"author":1,"featured_media":0,"parent":0,"menu_order":0,"comment_status":"closed","ping_status":"closed","template":"","meta":{"_acf_changed":false,"inline_featured_image":false,"footnotes":""},"class_list":["post-1773","page","type-page","status-publish","hentry"],"acf":[],"_links":{"self":[{"href":"https:\/\/leaderai.eu\/pt-pt\/wp-json\/wp\/v2\/pages\/1773","targetHints":{"allow":["GET"]}}],"collection":[{"href":"https:\/\/leaderai.eu\/pt-pt\/wp-json\/wp\/v2\/pages"}],"about":[{"href":"https:\/\/leaderai.eu\/pt-pt\/wp-json\/wp\/v2\/types\/page"}],"author":[{"embeddable":true,"href":"https:\/\/leaderai.eu\/pt-pt\/wp-json\/wp\/v2\/users\/1"}],"replies":[{"embeddable":true,"href":"https:\/\/leaderai.eu\/pt-pt\/wp-json\/wp\/v2\/comments?post=1773"}],"version-history":[{"count":4,"href":"https:\/\/leaderai.eu\/pt-pt\/wp-json\/wp\/v2\/pages\/1773\/revisions"}],"predecessor-version":[{"id":1860,"href":"https:\/\/leaderai.eu\/pt-pt\/wp-json\/wp\/v2\/pages\/1773\/revisions\/1860"}],"wp:attachment":[{"href":"https:\/\/leaderai.eu\/pt-pt\/wp-json\/wp\/v2\/media?parent=1773"}],"curies":[{"name":"wp","href":"https:\/\/api.w.org\/{rel}","templated":true}]}}