{"id":1776,"date":"2022-03-21T06:09:31","date_gmt":"2022-03-21T06:09:31","guid":{"rendered":"https:\/\/leaderai.eu\/partners\/"},"modified":"2023-09-22T08:03:27","modified_gmt":"2023-09-22T08:03:27","slug":"partners","status":"publish","type":"page","link":"https:\/\/leaderai.eu\/pt-pt\/partners\/","title":{"rendered":"Parceiros"},"content":{"rendered":"<div>\n<ul class=\"accordion-partners\" uk-accordion=\"collapsible: false\">\n<li><a class=\"uk-accordion-title\" href=\"#\">EDEX &#8211; EDUCATIONAL EXCELLENCE CORPORATION LIMITED \u2013 UNIC<\/a>\n<div class=\"uk-accordion-content\">\n<p>A Universidade de Nic\u00f3sia (UNIC) \u00e9 a maior universidade do Chipre com mais de 14 mil estudantes, com 300 docentes a tempo inteiro e 700 a tempo parcial numa variedade de programas de gradua\u00e7\u00e3o e p\u00f3s-gradua\u00e7\u00e3o em educa\u00e7\u00e3o, ci\u00eancias sociais, ci\u00eancias inform\u00e1ticas, engenharia, neg\u00f3cios, comunica\u00e7\u00f5es e multim\u00e9dia. Cerca de 28% da sua popula\u00e7\u00e3o estudantil n\u00e3o \u00e9 cipriota, o que a torna uma institui\u00e7\u00e3o multicultural onde a diversidade e o pluralismo s\u00e3o valorizados. A UNIC \u00e9 um dos principais contribuintes para a excel\u00eancia na educa\u00e7\u00e3o e investiga\u00e7\u00e3o. A sua miss\u00e3o \u00e9 (a) a promo\u00e7\u00e3o da ci\u00eancia, conhecimento, aprendizagem e educa\u00e7\u00e3o, atrav\u00e9s do ensino e da investiga\u00e7\u00e3o em benef\u00edcio da sociedade; (b) o cultivo, transmiss\u00e3o, aplica\u00e7\u00e3o e transfer\u00eancia interdisciplinar de conhecimentos, e (c) a presta\u00e7\u00e3o de um ensino de gradua\u00e7\u00e3o e p\u00f3s-gradua\u00e7\u00e3o de alta qualidade que \u00e9 reconhecido internacionalmente, e de outros programas de estudo, que s\u00e3o de padr\u00e3o internacional.<\/p>\n<p><a href=\"https:\/\/www.unic.ac.cy\/\" target=\"_blank\" class=\"uk-button uk-button-primary\" rel=\"noopener\">P\u00e1gina Web <\/a><\/div>\n<\/li>\n<li><a class=\"uk-accordion-title\" href=\"#\">PANEPISTIMIO AIGAIOU \u2013 UAegean<\/a>\n<div class=\"uk-accordion-content\">\n<p>A Universidade do Egeu (UAegean) foi fundada em 1984 com o objetivo de introduzir novas abordagens no ensino superior na Gr\u00e9cia e a n\u00edvel mundial e promover o desenvolvimento regional. Situada em 6 ilhas pitorescas no Arquip\u00e9lago do Egeu, a UAegean oferece um ambiente natural, cultural e humano \u00fanico para estudos modernos no antigo ber\u00e7o do conhecimento. Tem uma popula\u00e7\u00e3o de mais de 16.000 estudantes universit\u00e1rios, mais de 2.100 estudantes de p\u00f3s-gradua\u00e7\u00e3o, mais de 350 professores e mais de 250 funcion\u00e1rios administrativos. Em menos de trinta anos, a UAegean evoluiu para uma Universidade internacional orientada para a investiga\u00e7\u00e3o, oferecendo 18 programas de gradua\u00e7\u00e3o (Licenciatura) e 40 programas de p\u00f3s-gradua\u00e7\u00e3o (Mestrado) em \u00e1reas tem\u00e1ticas interdisciplinares modernas. A UAegean tem recebido constantemente um excelente feedback nas avalia\u00e7\u00f5es que t\u00eam tido lugar a n\u00edvel nacional, europeu e internacional, devido aos programas de estudo oferecidos pela institui\u00e7\u00e3o e aos seus programas de investiga\u00e7\u00e3o competitivos. Em 2016, a UAegean foi classificada como a universidade mais bem classificada da Gr\u00e9cia, avaliada pela Ag\u00eancia Hel\u00e9nica de Garantia da Qualidade e Acredita\u00e7\u00e3o (HQA). De acordo com a Declara\u00e7\u00e3o Pol\u00edtica Erasmus+ 2014-2020, a identidade excepcional da Universidade do Egeu baseia-se nas seguintes caracter\u00edsticas: Presta servi\u00e7os acad\u00e9micos dos mais elevados padr\u00f5es, com \u00eanfase em \u00e1reas cient\u00edficas inovadoras e multidisciplinares, ao mesmo tempo que enriquece os campos de investiga\u00e7\u00e3o tradicionais. As suas instala\u00e7\u00f5es est\u00e3o espalhadas pelas ilhas particularmente extensas do Mar Egeu, na fronteira oriental da Europa. Mais especificamente, as seis ilhas acolhem as instala\u00e7\u00f5es da Universidade, enquanto as atividades acad\u00e9micas complementares tamb\u00e9m s\u00e3o apoiadas noutras ilhas mais pequenas.<\/p>\n<p><a href=\"http:\/\/www.aegean.gr\" target=\"_blank\" class=\"uk-button uk-button-primary\" rel=\"noopener\">P\u00e1gina Web <\/a><\/div>\n<\/li>\n<li><a class=\"uk-accordion-title\" href=\"#\">TALLINN UNIVERSITY \u2013 TLU<\/a>\n<div class=\"uk-accordion-content\">\n<p>A Universidade de Tallinn (TLU) \u00e9 a terceira maior universidade p\u00fablica da Est\u00f3nia, com 7500 estudantes em 6 escolas. O Centro de Tecnologia Educacional (CET), criado em 1998, \u00e9 uma unidade interdisciplinar de I&amp;D dentro da Escola de Tecnologias Digitais da TLU. O pessoal internacional do CET (25 no total) \u00e9 composto por 14 investigadores a tempo inteiro, 6 criadores de software, 4 investigadores de p\u00f3s-doutoramento, alguns colaboradores a tempo parcial e um grupo de estudantes de p\u00f3s-gradua\u00e7\u00e3o. Os principais projetos de investiga\u00e7\u00e3o no CET est\u00e3o relacionados com o desenvolvimento da pr\u00f3xima gera\u00e7\u00e3o de ambientes de aprendizagem repartidos envolvendo ferramentas de software sociais interoper\u00e1veis. A Escola de Tecnologias Digitais da TLU tem estabelecido parcerias com as principais empresas de software estonianas (Skype Estonia, Nortal, Net Group, Pro Ekspert), e tamb\u00e9m com os principais fornecedores de tecnologia de aprendizagem de acesso livre na regi\u00e3o do mar B\u00e1ltico (JukuLab O\u00dc inEstonia, MediaMaisteri OY na Finl\u00e2ndia). O CET desenvolveu o principal portal educacional na Est\u00f3nia (Koolielu.ee) e v\u00e1rios ambientes de aprendizagem online amplamente utilizados (VIKO, IVA, eDidaktikum, LeMill.net, EduFeedr), liderando a investiga\u00e7\u00e3o e desenvolvimento na Est\u00f3nia no dom\u00ednio da compet\u00eancia digital e inova\u00e7\u00e3o digital nas escolas em geral.<\/p>\n<p><a href=\"http:\/\/www.tlu.ee\" target=\"_blank\" class=\"uk-button uk-button-primary\" rel=\"noopener\">P\u00e1gina Web <\/a><\/div>\n<\/li>\n<li><a class=\"uk-accordion-title\" href=\"#\">CENTRE FOR ADVANCEMENT OF RESEARCH AND DEVELOPMENT IN EDUCATIONAL TECHNOLOGY LTD &#8211; CARDET<\/a>\n<div class=\"uk-accordion-content\">\n<p>CARDET \u00e9 o principal centro de investiga\u00e7\u00e3o e desenvolvimento na regi\u00e3o mediterr\u00e2nica com conhecimentos globais em educa\u00e7\u00e3o escolar, compet\u00eancias digitais, alfabetiza\u00e7\u00e3o e aprendizagem de l\u00ednguas, integra\u00e7\u00e3o de migrantes, e desenvolvimento de capacidades. Sendo o maior centro independente sem fins lucrativos sediado no Chipre, o CARDET est\u00e1 associado de forma independente a universidades e institui\u00e7\u00f5es a n\u00edvel mundial, tais como a Universidade de Yale, a Universidade de Nic\u00f3sia e o Conselho Internacional dos Meios de Comunica\u00e7\u00e3o Educativos. A nossa equipa, em parceria com a EAEA, desenvolveu recentemente a estrat\u00e9gia de aprendizagem ao longo da vida 2021-2027 para o Chipre, envolvendo v\u00e1rios minist\u00e9rios, ag\u00eancias governamentais, parceiros sociais, e partes interessadas p\u00fablicas e privadas. A CARDET concluiu mais de 500 iniciativas e projetos relacionados com a educa\u00e7\u00e3o, literacia, l\u00edngua, inclus\u00e3o, transforma\u00e7\u00e3o digital e compet\u00eancias digitais. A CARDET re\u00fane uma equipa internacional de peritos com d\u00e9cadas de experi\u00eancia global em investiga\u00e7\u00e3o e desenvolvimento na \u00e1rea da educa\u00e7\u00e3o. Membros da nossa equipa, do conselho de administra\u00e7\u00e3o e do conselho consultivo ocuparam cargos de alto n\u00edvel em organiza\u00e7\u00f5es como a UNESCO, Commonwealth da Aprendizagem, OCDE, Google, e a Associa\u00e7\u00e3o Americana de Investiga\u00e7\u00e3o Educacional.<\/p>\n<p><a href=\"http:\/\/www.cardet.org\" target=\"_blank\" class=\"uk-button uk-button-primary\" rel=\"noopener\">P\u00e1gina Web <\/a><\/div>\n<\/li>\n<li><a class=\"uk-accordion-title\" href=\"#\">UNIVERSITATEA DIN PITESTI \u2013 UPIT<\/a>\n<div class=\"uk-accordion-content\">\n<p>A Universidade de Pite\u015fti (UPIT) \u00e9 uma universidade p\u00fablica, localizada em Pitesti (na parte sul da Rom\u00e9nia, a 120 quil\u00f3metros da capital Bucareste). O seu objetivo \u00e9 ser um prestador de ensino superior din\u00e2mico e eficiente na regi\u00e3o. Atualmente, h\u00e1 aproximadamente 10.000 estudantes da regi\u00e3o de Muntenia e aproximadamente 700 docentes e pessoal administrativo remunerado. Consiste em 6 faculdades diferentes que oferecem diplomas de licenciatura, mestrado e doutoramento (www.upit.ro). Os seus objetivos s\u00e3o fornecer servi\u00e7os de educa\u00e7\u00e3o, forma\u00e7\u00e3o e investiga\u00e7\u00e3o de alta qualidade a fim de formar especialistas em diferentes \u00e1reas e criar uma comunidade intelectual acreditada por ag\u00eancias de qualidade nacionais e internacionais.<\/p>\n<p><a href=\"http:\/\/www.upit.ro\" target=\"_blank\" class=\"uk-button uk-button-primary\" rel=\"noopener\">P\u00e1gina Web <\/a><\/div>\n<\/li>\n<li><a class=\"uk-accordion-title\" href=\"#\">VIRTUAL CAMPUS LDA \u2013 VC<\/a>\n<div class=\"uk-accordion-content\">\n<p>A Virtual Campus (VC) \u00e9 uma empresa de desenvolvimento, forma\u00e7\u00e3o e consultoria nas \u00e1reas de Tecnologia de Aprendizagem Avan\u00e7ada, Jogos S\u00e9rios e Sistemas de Informa\u00e7\u00e3o. A sua vis\u00e3o \u00e9 promover ativamente o desenvolvimento da Sociedade de Conhecimento, atrav\u00e9s do seu aux\u00edlio a entidades p\u00fablicas e privadas, no processo de elabora\u00e7\u00e3o e desenvolvimento de estrat\u00e9gias e projetos que conduzam a maiores benef\u00edcios sociais, atrav\u00e9s da utiliza\u00e7\u00e3o de ambientes digitais para a Aprendizagem e Forma\u00e7\u00e3o.<\/p>\n<p><span>Situada no Porto, Norte de Portugal, a Virtual Campus tem fortes rela\u00e7\u00f5es com v\u00e1rias Universidades e Empresas da regi\u00e3o e tem estabelecido com sucesso parcerias com Autoridades Locais e Regionais, associa\u00e7\u00f5es empresariais e empresas especializadas em diferentes setores. Na realidade, a Virtual Campus \u00e9 uma spin-off da investiga\u00e7\u00e3o e do trabalho desenvolvido no grupo de I&amp;D GILT, do Instituto Superior de Engenharia do Porto. A Virtual Campus tem uma equipa multidisciplinar, com forma\u00e7\u00e3o acad\u00e9mica em diferentes \u00e1reas, aliando conhecimentos e compet\u00eancias de Rela\u00e7\u00f5es Internacionais, Programa\u00e7\u00e3o, e Design.<\/span><\/p>\n<p><a href=\"https:\/\/virtual-campus.eu\/\" target=\"_blank\" class=\"uk-button uk-button-primary\" rel=\"noopener\">P\u00e1gina Web <\/a><\/div>\n<\/li>\n<\/ul>\n<\/div>\n<p><!--more--><br \/>\n<!-- {\"type\":\"layout\",\"children\":[{\"type\":\"section\",\"props\":{\"image_position\":\"center-center\",\"style\":\"default\",\"title_breakpoint\":\"xl\",\"title_position\":\"top-left\",\"title_rotation\":\"left\",\"vertical_align\":\"middle\",\"width\":\"default\"},\"children\":[{\"type\":\"row\",\"children\":[{\"type\":\"column\",\"props\":{\"image_position\":\"center-center\",\"media_overlay_gradient\":\"\",\"position_sticky_breakpoint\":\"m\"},\"children\":[{\"type\":\"text\",\"props\":{\"column_breakpoint\":\"m\",\"content\":\"\n\n<ul class=\\\"accordion-partners\\\" uk-accordion=\\\"collapsible: false\\\">\\n\n\n<li><a class=\\\"uk-accordion-title\\\" href=\\\"#\\\">EDEX - EDUCATIONAL EXCELLENCE CORPORATION LIMITED \\u2013 UNIC<\\\/a>\\n\n\n<div class=\\\"uk-accordion-content\\\">\\n\n\n<p>A Universidade de Nic\\u00f3sia (UNIC) \\u00e9 a maior universidade do Chipre com mais de 14 mil estudantes, com 300 docentes a tempo inteiro e 700 a tempo parcial numa variedade de programas de gradua\\u00e7\\u00e3o e p\\u00f3s-gradua\\u00e7\\u00e3o em educa\\u00e7\\u00e3o, ci\\u00eancias sociais, ci\\u00eancias inform\\u00e1ticas, engenharia, neg\\u00f3cios, comunica\\u00e7\\u00f5es e multim\\u00e9dia. Cerca de 28% da sua popula\\u00e7\\u00e3o estudantil n\\u00e3o \\u00e9 cipriota, o que a torna uma institui\\u00e7\\u00e3o multicultural onde a diversidade e o pluralismo s\\u00e3o valorizados. A UNIC \\u00e9 um dos principais contribuintes para a excel\\u00eancia na educa\\u00e7\\u00e3o e investiga\\u00e7\\u00e3o. A sua miss\\u00e3o \\u00e9 (a) a promo\\u00e7\\u00e3o da ci\\u00eancia, conhecimento, aprendizagem e educa\\u00e7\\u00e3o, atrav\\u00e9s do ensino e da investiga\\u00e7\\u00e3o em benef\\u00edcio da sociedade; (b) o cultivo, transmiss\\u00e3o, aplica\\u00e7\\u00e3o e transfer\\u00eancia interdisciplinar de conhecimentos, e (c) a presta\\u00e7\\u00e3o de um ensino de gradua\\u00e7\\u00e3o e p\\u00f3s-gradua\\u00e7\\u00e3o de alta qualidade que \\u00e9 reconhecido internacionalmente, e de outros programas de estudo, que s\\u00e3o de padr\\u00e3o internacional.<\\\/p>\\n<a href=\\\"https:\\\/\\\/www.unic.ac.cy\\\/\\\" target=\\\"_blank\\\" class=\\\"uk-button uk-button-primary\\\" rel=\\\"noopener\\\">P\\u00e1gina Web <\\\/a><\\\/div>\\n<\\\/li>\\n\n\n<li><a class=\\\"uk-accordion-title\\\" href=\\\"#\\\">PANEPISTIMIO AIGAIOU \\u2013 UAegean<\\\/a>\\n\n\n<div class=\\\"uk-accordion-content\\\">\\n\n\n<p>A Universidade do Egeu (UAegean) foi fundada em 1984 com o objetivo de introduzir novas abordagens no ensino superior na Gr\\u00e9cia e a n\\u00edvel mundial e promover o desenvolvimento regional. Situada em 6 ilhas pitorescas no Arquip\\u00e9lago do Egeu, a UAegean oferece um ambiente natural, cultural e humano \\u00fanico para estudos modernos no antigo ber\\u00e7o do conhecimento. Tem uma popula\\u00e7\\u00e3o de mais de 16.000 estudantes universit\\u00e1rios, mais de 2.100 estudantes de p\\u00f3s-gradua\\u00e7\\u00e3o, mais de 350 professores e mais de 250 funcion\\u00e1rios administrativos. Em menos de trinta anos, a UAegean evoluiu para uma Universidade internacional orientada para a investiga\\u00e7\\u00e3o, oferecendo 18 programas de gradua\\u00e7\\u00e3o (Licenciatura) e 40 programas de p\\u00f3s-gradua\\u00e7\\u00e3o (Mestrado) em \\u00e1reas tem\\u00e1ticas interdisciplinares modernas. A UAegean tem recebido constantemente um excelente feedback nas avalia\\u00e7\\u00f5es que t\\u00eam tido lugar a n\\u00edvel nacional, europeu e internacional, devido aos programas de estudo oferecidos pela institui\\u00e7\\u00e3o e aos seus programas de investiga\\u00e7\\u00e3o competitivos. Em 2016, a UAegean foi classificada como a universidade mais bem classificada da Gr\\u00e9cia, avaliada pela Ag\\u00eancia Hel\\u00e9nica de Garantia da Qualidade e Acredita\\u00e7\\u00e3o (HQA). De acordo com a Declara\\u00e7\\u00e3o Pol\\u00edtica Erasmus+ 2014-2020, a identidade excepcional da Universidade do Egeu baseia-se nas seguintes caracter\\u00edsticas: Presta servi\\u00e7os acad\\u00e9micos dos mais elevados padr\\u00f5es, com \\u00eanfase em \\u00e1reas cient\\u00edficas inovadoras e multidisciplinares, ao mesmo tempo que enriquece os campos de investiga\\u00e7\\u00e3o tradicionais. As suas instala\\u00e7\\u00f5es est\\u00e3o espalhadas pelas ilhas particularmente extensas do Mar Egeu, na fronteira oriental da Europa. Mais especificamente, as seis ilhas acolhem as instala\\u00e7\\u00f5es da Universidade, enquanto as atividades acad\\u00e9micas complementares tamb\\u00e9m s\\u00e3o apoiadas noutras ilhas mais pequenas.<\\\/p>\\n<a href=\\\"http:\\\/\\\/www.aegean.gr\\\" target=\\\"_blank\\\" class=\\\"uk-button uk-button-primary\\\" rel=\\\"noopener\\\">P\\u00e1gina Web <\\\/a><\\\/div>\\n<\\\/li>\\n\n\n<li><a class=\\\"uk-accordion-title\\\" href=\\\"#\\\">TALLINN UNIVERSITY \\u2013 TLU<\\\/a>\\n\n\n<div class=\\\"uk-accordion-content\\\">\\n\n\n<p>A Universidade de Tallinn (TLU) \\u00e9 a terceira maior universidade p\\u00fablica da Est\\u00f3nia, com 7500 estudantes em 6 escolas. O Centro de Tecnologia Educacional (CET), criado em 1998, \\u00e9 uma unidade interdisciplinar de I&amp;D dentro da Escola de Tecnologias Digitais da TLU. O pessoal internacional do CET (25 no total) \\u00e9 composto por 14 investigadores a tempo inteiro, 6 criadores de software, 4 investigadores de p\\u00f3s-doutoramento, alguns colaboradores a tempo parcial e um grupo de estudantes de p\\u00f3s-gradua\\u00e7\\u00e3o. Os principais projetos de investiga\\u00e7\\u00e3o no CET est\\u00e3o relacionados com o desenvolvimento da pr\\u00f3xima gera\\u00e7\\u00e3o de ambientes de aprendizagem repartidos envolvendo ferramentas de software sociais interoper\\u00e1veis. A Escola de Tecnologias Digitais da TLU tem estabelecido parcerias com as principais empresas de software estonianas (Skype Estonia, Nortal, Net Group, Pro Ekspert), e tamb\\u00e9m com os principais fornecedores de tecnologia de aprendizagem de acesso livre na regi\\u00e3o do mar B\\u00e1ltico (JukuLab O\\u00dc inEstonia, MediaMaisteri OY na Finl\\u00e2ndia). O CET desenvolveu o principal portal educacional na Est\\u00f3nia (Koolielu.ee) e v\\u00e1rios ambientes de aprendizagem online amplamente utilizados (VIKO, IVA, eDidaktikum, LeMill.net, EduFeedr), liderando a investiga\\u00e7\\u00e3o e desenvolvimento na Est\\u00f3nia no dom\\u00ednio da compet\\u00eancia digital e inova\\u00e7\\u00e3o digital nas escolas em geral.<\\\/p>\\n<a href=\\\"http:\\\/\\\/www.tlu.ee\\\" target=\\\"_blank\\\" class=\\\"uk-button uk-button-primary\\\" rel=\\\"noopener\\\">P\\u00e1gina Web <\\\/a><\\\/div>\\n<\\\/li>\\n\n\n<li><a class=\\\"uk-accordion-title\\\" href=\\\"#\\\">CENTRE FOR ADVANCEMENT OF RESEARCH AND DEVELOPMENT IN EDUCATIONAL TECHNOLOGY LTD - CARDET<\\\/a>\\n\n\n<div class=\\\"uk-accordion-content\\\">\\n\n\n<p>CARDET \\u00e9 o principal centro de investiga\\u00e7\\u00e3o e desenvolvimento na regi\\u00e3o mediterr\\u00e2nica com conhecimentos globais em educa\\u00e7\\u00e3o escolar, compet\\u00eancias digitais, alfabetiza\\u00e7\\u00e3o e aprendizagem de l\\u00ednguas, integra\\u00e7\\u00e3o de migrantes, e desenvolvimento de capacidades. Sendo o maior centro independente sem fins lucrativos sediado no Chipre, o CARDET est\\u00e1 associado de forma independente a universidades e institui\\u00e7\\u00f5es a n\\u00edvel mundial, tais como a Universidade de Yale, a Universidade de Nic\\u00f3sia e o Conselho Internacional dos Meios de Comunica\\u00e7\\u00e3o Educativos. A nossa equipa, em parceria com a EAEA, desenvolveu recentemente a estrat\\u00e9gia de aprendizagem ao longo da vida 2021-2027 para o Chipre, envolvendo v\\u00e1rios minist\\u00e9rios, ag\\u00eancias governamentais, parceiros sociais, e partes interessadas p\\u00fablicas e privadas. A CARDET concluiu mais de 500 iniciativas e projetos relacionados com a educa\\u00e7\\u00e3o, literacia, l\\u00edngua, inclus\\u00e3o, transforma\\u00e7\\u00e3o digital e compet\\u00eancias digitais. A CARDET re\\u00fane uma equipa internacional de peritos com d\\u00e9cadas de experi\\u00eancia global em investiga\\u00e7\\u00e3o e desenvolvimento na \\u00e1rea da educa\\u00e7\\u00e3o. Membros da nossa equipa, do conselho de administra\\u00e7\\u00e3o e do conselho consultivo ocuparam cargos de alto n\\u00edvel em organiza\\u00e7\\u00f5es como a UNESCO, Commonwealth da Aprendizagem, OCDE, Google, e a Associa\\u00e7\\u00e3o Americana de Investiga\\u00e7\\u00e3o Educacional.<\\\/p>\\n<a href=\\\"http:\\\/\\\/www.cardet.org\\\" target=\\\"_blank\\\" class=\\\"uk-button uk-button-primary\\\" rel=\\\"noopener\\\">P\\u00e1gina Web <\\\/a><\\\/div>\\n<\\\/li>\\n\n\n<li><a class=\\\"uk-accordion-title\\\" href=\\\"#\\\">UNIVERSITATEA DIN PITESTI \\u2013 UPIT<\\\/a>\\n\n\n<div class=\\\"uk-accordion-content\\\">\\n\n\n<p>A Universidade de Pite\\u015fti (UPIT) \\u00e9 uma universidade p\\u00fablica, localizada em Pitesti (na parte sul da Rom\\u00e9nia, a 120 quil\\u00f3metros da capital Bucareste). O seu objetivo \\u00e9 ser um prestador de ensino superior din\\u00e2mico e eficiente na regi\\u00e3o. Atualmente, h\\u00e1 aproximadamente 10.000 estudantes da regi\\u00e3o de Muntenia e aproximadamente 700 docentes e pessoal administrativo remunerado. Consiste em 6 faculdades diferentes que oferecem diplomas de licenciatura, mestrado e doutoramento (www.upit.ro). Os seus objetivos s\\u00e3o fornecer servi\\u00e7os de educa\\u00e7\\u00e3o, forma\\u00e7\\u00e3o e investiga\\u00e7\\u00e3o de alta qualidade a fim de formar especialistas em diferentes \\u00e1reas e criar uma comunidade intelectual acreditada por ag\\u00eancias de qualidade nacionais e internacionais.<\\\/p>\\n<a href=\\\"http:\\\/\\\/www.upit.ro\\\" target=\\\"_blank\\\" class=\\\"uk-button uk-button-primary\\\" rel=\\\"noopener\\\">P\\u00e1gina Web <\\\/a><\\\/div>\\n<\\\/li>\\n\n\n<li><a class=\\\"uk-accordion-title\\\" href=\\\"#\\\">VIRTUAL CAMPUS LDA \\u2013 VC<\\\/a>\\n\n\n<div class=\\\"uk-accordion-content\\\">\\n\n\n<p>A Virtual Campus (VC) \\u00e9 uma empresa de desenvolvimento, forma\\u00e7\\u00e3o e consultoria nas \\u00e1reas de Tecnologia de Aprendizagem Avan\\u00e7ada, Jogos S\\u00e9rios e Sistemas de Informa\\u00e7\\u00e3o. A sua vis\\u00e3o \\u00e9 promover ativamente o desenvolvimento da Sociedade de Conhecimento, atrav\\u00e9s do seu aux\\u00edlio a entidades p\\u00fablicas e privadas, no processo de elabora\\u00e7\\u00e3o e desenvolvimento de estrat\\u00e9gias e projetos que conduzam a maiores benef\\u00edcios sociais, atrav\\u00e9s da utiliza\\u00e7\\u00e3o de ambientes digitais para a Aprendizagem e Forma\\u00e7\\u00e3o.<\\\/p>\\n\n\n<p><span>Situada no Porto, Norte de Portugal, a Virtual Campus tem fortes rela\\u00e7\\u00f5es com v\\u00e1rias Universidades e Empresas da regi\\u00e3o e tem estabelecido com sucesso parcerias com Autoridades Locais e Regionais, associa\\u00e7\\u00f5es empresariais e empresas especializadas em diferentes setores. Na realidade, a Virtual Campus \\u00e9 uma spin-off da investiga\\u00e7\\u00e3o e do trabalho desenvolvido no grupo de I&amp;D GILT, do Instituto Superior de Engenharia do Porto. A Virtual Campus tem uma equipa multidisciplinar, com forma\\u00e7\\u00e3o acad\\u00e9mica em diferentes \\u00e1reas, aliando conhecimentos e compet\\u00eancias de Rela\\u00e7\\u00f5es Internacionais, Programa\\u00e7\\u00e3o, e Design.<\\\/span><\\\/p>\\n<a href=\\\"https:\\\/\\\/virtual-campus.eu\\\/\\\" target=\\\"_blank\\\" class=\\\"uk-button uk-button-primary\\\" rel=\\\"noopener\\\">P\\u00e1gina Web <\\\/a><\\\/div>\\n<\\\/li>\\n<\\\/ul>\",\"margin\":\"default\"}}]}]}]}],\"version\":\"3.0.20\"} --><\/p>\n","protected":false},"excerpt":{"rendered":"<p>EDEX &#8211; EDUCATIONAL EXCELLENCE CORPORATION LIMITED \u2013 UNIC A Universidade de Nic\u00f3sia (UNIC) \u00e9 a maior universidade do Chipre com mais de 14 mil estudantes,..<\/p>\n","protected":false},"author":1,"featured_media":0,"parent":0,"menu_order":0,"comment_status":"closed","ping_status":"closed","template":"","meta":{"_acf_changed":false,"inline_featured_image":false,"footnotes":""},"class_list":["post-1776","page","type-page","status-publish","hentry"],"acf":[],"_links":{"self":[{"href":"https:\/\/leaderai.eu\/pt-pt\/wp-json\/wp\/v2\/pages\/1776","targetHints":{"allow":["GET"]}}],"collection":[{"href":"https:\/\/leaderai.eu\/pt-pt\/wp-json\/wp\/v2\/pages"}],"about":[{"href":"https:\/\/leaderai.eu\/pt-pt\/wp-json\/wp\/v2\/types\/page"}],"author":[{"embeddable":true,"href":"https:\/\/leaderai.eu\/pt-pt\/wp-json\/wp\/v2\/users\/1"}],"replies":[{"embeddable":true,"href":"https:\/\/leaderai.eu\/pt-pt\/wp-json\/wp\/v2\/comments?post=1776"}],"version-history":[{"count":3,"href":"https:\/\/leaderai.eu\/pt-pt\/wp-json\/wp\/v2\/pages\/1776\/revisions"}],"predecessor-version":[{"id":1833,"href":"https:\/\/leaderai.eu\/pt-pt\/wp-json\/wp\/v2\/pages\/1776\/revisions\/1833"}],"wp:attachment":[{"href":"https:\/\/leaderai.eu\/pt-pt\/wp-json\/wp\/v2\/media?parent=1776"}],"curies":[{"name":"wp","href":"https:\/\/api.w.org\/{rel}","templated":true}]}}