{"id":1782,"date":"2023-03-20T07:47:49","date_gmt":"2023-03-20T07:47:49","guid":{"rendered":"https:\/\/leaderai.eu\/toolkit\/"},"modified":"2024-01-25T10:45:48","modified_gmt":"2024-01-25T10:45:48","slug":"toolkit","status":"publish","type":"page","link":"https:\/\/leaderai.eu\/pt-pt\/toolkit\/","title":{"rendered":"Conjunto de Ferramentas"},"content":{"rendered":"<div>\n<div class=\"heading-home\"><img decoding=\"async\" src=\"https:\/\/leaderai.eu\/wp-content\/uploads\/2023\/03\/toolkit.svg\" uk-svg=\"\" \/><\/p>\n<h1 style=\"color: #b394c4;\" class=\"uk-h1\">Conjunto de Ferramentas<\/h1>\n<\/div>\n<\/div>\n<div>O Conjunto de Ferramentas do projeto LEADER AI \u00e9 um pacote de apoio atrativo para o pessoal do ensino superior, que tem como finalidade desenvolver as pr\u00e1ticas profissionais destes, na elabora\u00e7\u00e3o de cursos personalizados (com tecnologia avan\u00e7ada presencialmente e totalmente online), mediante a sele\u00e7\u00e3o e integra\u00e7\u00e3o de ferramentas orientadas por dados e baseadas em IA.<\/p>\n<\/div>\n<p>\n    <a href=\"https:\/\/leaderai.eu\/wp-content\/uploads\/2024\/01\/LEADERAI_Toolkit_PT.pdf\">Descubra mais<\/a>\n<\/p>\n<p><!--more--><br \/>\n<!-- {\"type\":\"layout\",\"children\":[{\"type\":\"section\",\"props\":{\"animation\":\"fade\",\"animation_delay\":\"200\",\"image_position\":\"center-center\",\"padding_remove_top\":true,\"style\":\"default\",\"title_breakpoint\":\"xl\",\"title_position\":\"top-left\",\"title_rotation\":\"left\",\"vertical_align\":\"middle\",\"width\":\"default\"},\"children\":[{\"type\":\"row\",\"children\":[{\"type\":\"column\",\"props\":{\"image_position\":\"center-center\",\"media_overlay_gradient\":\"\",\"position_sticky_breakpoint\":\"m\"},\"children\":[{\"type\":\"headline\",\"props\":{\"class\":\"headpage\",\"text_align\":\"left\",\"title_color\":\"success\",\"title_element\":\"h1\",\"title_style\":\"h1\"},\"name\":\"headline-pages\",\"source\":{\"query\":{\"name\":\"pages.singlePage\"},\"props\":{\"content\":{\"filters\":{\"search\":\"\"},\"name\":\"title\"}}}}]}]}],\"name\":\"headerother\"},{\"type\":\"section\",\"props\":{\"animation\":\"slide-bottom\",\"animation_delay\":\"200\",\"class\":\"\",\"height\":\"expand\",\"image_position\":\"center-center\",\"padding_remove_top\":true,\"style\":\"default\",\"title_breakpoint\":\"xl\",\"title_position\":\"top-left\",\"title_rotation\":\"left\",\"vertical_align\":\"middle\",\"width\":\"small\"},\"children\":[{\"type\":\"row\",\"props\":{\"class\":\"home1 home3\",\"divider\":true,\"layout\":\"1-2,1-2\"},\"children\":[{\"type\":\"column\",\"props\":{\"image_position\":\"center-center\",\"media_overlay_gradient\":\"\",\"position_sticky_breakpoint\":\"m\",\"vertical_align\":\"middle\",\"width_medium\":\"1-2\"},\"children\":[{\"type\":\"text\",\"props\":{\"column_breakpoint\":\"m\",\"content\":\"\n\n<div class=\\\"heading-home\\\"><img src=\\\"https:\\\/\\\/leaderai.eu\\\/wp-content\\\/uploads\\\/2023\\\/03\\\/toolkit.svg\\\" uk-svg=\\\"\\\" \\\/>\\n\n\n<h1 style=\\\"color: #b394c4;\\\" class=\\\"uk-h1\\\">Conjunto de Ferramentas<\\\/h1>\\n<\\\/div>\",\"margin\":\"default\",\"text_align\":\"center\"}}]},{\"type\":\"column\",\"props\":{\"image_position\":\"center-center\",\"media_overlay_gradient\":\"\",\"position_sticky_breakpoint\":\"m\",\"vertical_align\":\"middle\",\"width_medium\":\"1-2\"},\"children\":[{\"type\":\"text\",\"props\":{\"column_breakpoint\":\"m\",\"content\":\"O Conjunto de Ferramentas do projeto LEADER AI \\u00e9 um pacote de apoio atrativo para o pessoal do ensino superior, que tem como finalidade desenvolver as pr\\u00e1ticas profissionais destes, na elabora\\u00e7\\u00e3o de cursos personalizados (com tecnologia avan\\u00e7ada presencialmente e totalmente online), mediante a sele\\u00e7\\u00e3o e integra\\u00e7\\u00e3o de ferramentas orientadas por dados e baseadas em IA.\\n\\n\",\"margin\":\"default\"}},{\"type\":\"button\",\"props\":{\"grid_column_gap\":\"small\",\"grid_row_gap\":\"small\",\"margin\":\"default\",\"text_align\":\"right\",\"text_align_breakpoint\":\"s\"},\"children\":[{\"type\":\"button_item\",\"props\":{\"button_style\":\"primary\",\"content\":\"Descubra mais\",\"icon_align\":\"left\",\"link\":\"https:\\\/\\\/leaderai.eu\\\/wp-content\\\/uploads\\\/2024\\\/01\\\/LEADERAI_Toolkit_PT.pdf\"}}]}]}]}],\"name\":\"abouthome\"}],\"version\":\"3.0.20\"} --><\/p>\n","protected":false},"excerpt":{"rendered":"<p>Conjunto de Ferramentas O Conjunto de Ferramentas do projeto LEADER AI \u00e9 um pacote de apoio atrativo para o pessoal do ensino superior, que tem..<\/p>\n","protected":false},"author":1,"featured_media":0,"parent":0,"menu_order":0,"comment_status":"closed","ping_status":"closed","template":"","meta":{"_acf_changed":false,"inline_featured_image":false,"footnotes":""},"class_list":["post-1782","page","type-page","status-publish","hentry"],"acf":[],"_links":{"self":[{"href":"https:\/\/leaderai.eu\/pt-pt\/wp-json\/wp\/v2\/pages\/1782","targetHints":{"allow":["GET"]}}],"collection":[{"href":"https:\/\/leaderai.eu\/pt-pt\/wp-json\/wp\/v2\/pages"}],"about":[{"href":"https:\/\/leaderai.eu\/pt-pt\/wp-json\/wp\/v2\/types\/page"}],"author":[{"embeddable":true,"href":"https:\/\/leaderai.eu\/pt-pt\/wp-json\/wp\/v2\/users\/1"}],"replies":[{"embeddable":true,"href":"https:\/\/leaderai.eu\/pt-pt\/wp-json\/wp\/v2\/comments?post=1782"}],"version-history":[{"count":3,"href":"https:\/\/leaderai.eu\/pt-pt\/wp-json\/wp\/v2\/pages\/1782\/revisions"}],"predecessor-version":[{"id":2171,"href":"https:\/\/leaderai.eu\/pt-pt\/wp-json\/wp\/v2\/pages\/1782\/revisions\/2171"}],"wp:attachment":[{"href":"https:\/\/leaderai.eu\/pt-pt\/wp-json\/wp\/v2\/media?parent=1782"}],"curies":[{"name":"wp","href":"https:\/\/api.w.org\/{rel}","templated":true}]}}