{"id":2231,"date":"2025-01-09T15:11:44","date_gmt":"2025-01-09T15:11:44","guid":{"rendered":"https:\/\/leaderai.eu\/training-and-piloting\/"},"modified":"2025-01-28T08:06:05","modified_gmt":"2025-01-28T08:06:05","slug":"training-and-piloting","status":"publish","type":"page","link":"https:\/\/leaderai.eu\/pt-pt\/training-and-piloting\/","title":{"rendered":"Forma\u00e7\u00e3o e Pilotagem"},"content":{"rendered":"<h1><span>Forma\u00e7\u00e3o Baseada em Cen\u00e1rios<\/span><\/h1>\n<div>\n<p><span>O programa de forma\u00e7\u00e3o LEADER AI oferece oportunidades pr\u00e1ticas para o corpo docente do ensino superior aprender a personalizar os seus m\u00e9todos pedag\u00f3gicos. O programa usa ferramentas de visualiza\u00e7\u00e3o de dados e de intelig\u00eancia artificial em c\u00f3digo aberto\/gratuitas e que n\u00e3o exigem capacidades computacionais especializadas.<\/span><\/p>\n<p><span>O cons\u00f3rcio LEADER AI preparou um Pacote de Forma\u00e7\u00e3o completo com diretrizes de implementa\u00e7\u00e3o, mas tamb\u00e9m pode fazer o download dos cen\u00e1rios separadamente.<\/span><\/p>\n<\/div>\n<p>\n    <a href=\"\/wp-content\/uploads\/2025\/01\/LEADER-AI_WP3_Training-Package-with-implementation-guidelines.pdf\">Descarregar Pacote de Forma\u00e7\u00e3o completo incluindo as diretrizes de implementa\u00e7\u00e3o<\/a>\n<\/p>\n<p>\n    <a href=\"\/wp-content\/uploads\/2025\/01\/LEADER-AI_WP3_Scenarios.pdf\">Descarregar Cen\u00e1rios<\/a>\n<\/p>\n<p><!--more--><br \/>\n<!-- {\"type\":\"layout\",\"children\":[{\"type\":\"section\",\"props\":{\"height\":\"page\",\"image_position\":\"center-center\",\"padding_remove_top\":true,\"style\":\"default\",\"title_breakpoint\":\"xl\",\"title_position\":\"top-left\",\"title_rotation\":\"left\",\"vertical_align\":\"middle\",\"width\":\"default\"},\"children\":[{\"type\":\"row\",\"children\":[{\"type\":\"column\",\"props\":{\"image_position\":\"center-center\",\"position_sticky_breakpoint\":\"m\"},\"children\":[{\"type\":\"headline\",\"props\":{\"content\":\"<span>Forma\\u00e7\\u00e3o Baseada em Cen\\u00e1rios<\\\/span>\",\"title_element\":\"h1\"}},{\"type\":\"text\",\"props\":{\"column_breakpoint\":\"m\",\"content\":\"\n\n<p><span>O programa de forma\\u00e7\\u00e3o LEADER AI oferece oportunidades pr\\u00e1ticas para o corpo docente do ensino superior aprender a personalizar os seus m\\u00e9todos pedag\\u00f3gicos. O programa usa ferramentas de visualiza\\u00e7\\u00e3o de dados e de intelig\\u00eancia artificial em c\\u00f3digo aberto\\\/gratuitas e que n\\u00e3o exigem capacidades computacionais especializadas.<\\\/span><\\\/p>\\n\n\n<p><span>O cons\\u00f3rcio LEADER AI preparou um Pacote de Forma\\u00e7\\u00e3o completo com diretrizes de implementa\\u00e7\\u00e3o, mas tamb\\u00e9m pode fazer o download dos cen\\u00e1rios separadamente.<\\\/span><\\\/p>\",\"margin\":\"default\"}}]}]},{\"type\":\"row\",\"children\":[{\"type\":\"column\",\"props\":{\"image_position\":\"center-center\",\"position_sticky_breakpoint\":\"m\"},\"children\":[{\"type\":\"button\",\"props\":{\"grid_column_gap\":\"small\",\"grid_row_gap\":\"small\",\"margin\":\"default\"},\"children\":[{\"type\":\"button_item\",\"props\":{\"button_style\":\"primary\",\"content\":\"Descarregar Pacote de Forma\\u00e7\\u00e3o completo incluindo as diretrizes de implementa\\u00e7\\u00e3o\",\"icon_align\":\"left\",\"link\":\"wp-content\\\/uploads\\\/2025\\\/01\\\/LEADER-AI_WP3_Training-Package-with-implementation-guidelines.pdf\",\"link_target\":\"blank\"}}]},{\"type\":\"button\",\"props\":{\"grid_column_gap\":\"small\",\"grid_row_gap\":\"small\",\"margin\":\"default\"},\"children\":[{\"type\":\"button_item\",\"props\":{\"button_style\":\"primary\",\"content\":\"Descarregar Cen\\u00e1rios\",\"icon_align\":\"left\",\"link\":\"wp-content\\\/uploads\\\/2025\\\/01\\\/LEADER-AI_WP3_Scenarios.pdf\",\"link_target\":\"blank\"}}]}]}]}]}],\"version\":\"4.4.19\"} --><\/p>\n","protected":false},"excerpt":{"rendered":"<p>Forma\u00e7\u00e3o Baseada em Cen\u00e1rios O programa de forma\u00e7\u00e3o LEADER AI oferece oportunidades pr\u00e1ticas para o corpo docente do ensino superior aprender a personalizar os seus..<\/p>\n","protected":false},"author":1,"featured_media":0,"parent":0,"menu_order":0,"comment_status":"closed","ping_status":"closed","template":"","meta":{"_acf_changed":false,"inline_featured_image":false,"footnotes":""},"class_list":["post-2231","page","type-page","status-publish","hentry"],"acf":[],"_links":{"self":[{"href":"https:\/\/leaderai.eu\/pt-pt\/wp-json\/wp\/v2\/pages\/2231","targetHints":{"allow":["GET"]}}],"collection":[{"href":"https:\/\/leaderai.eu\/pt-pt\/wp-json\/wp\/v2\/pages"}],"about":[{"href":"https:\/\/leaderai.eu\/pt-pt\/wp-json\/wp\/v2\/types\/page"}],"author":[{"embeddable":true,"href":"https:\/\/leaderai.eu\/pt-pt\/wp-json\/wp\/v2\/users\/1"}],"replies":[{"embeddable":true,"href":"https:\/\/leaderai.eu\/pt-pt\/wp-json\/wp\/v2\/comments?post=2231"}],"version-history":[{"count":2,"href":"https:\/\/leaderai.eu\/pt-pt\/wp-json\/wp\/v2\/pages\/2231\/revisions"}],"predecessor-version":[{"id":2236,"href":"https:\/\/leaderai.eu\/pt-pt\/wp-json\/wp\/v2\/pages\/2231\/revisions\/2236"}],"wp:attachment":[{"href":"https:\/\/leaderai.eu\/pt-pt\/wp-json\/wp\/v2\/media?parent=2231"}],"curies":[{"name":"wp","href":"https:\/\/api.w.org\/{rel}","templated":true}]}}