{"id":1774,"date":"2022-02-24T14:11:37","date_gmt":"2022-02-24T14:11:37","guid":{"rendered":"https:\/\/leaderai.eu\/home\/"},"modified":"2023-09-22T08:11:13","modified_gmt":"2023-09-22T08:11:13","slug":"home","status":"publish","type":"page","link":"https:\/\/leaderai.eu\/ro\/","title":{"rendered":"Acas\u0103"},"content":{"rendered":"<div>\n<div class=\"par-hero uk-position-center\"><img decoding=\"async\" style=\"display: none;\" id=\"logo\" class=\"next-particle\" data-gravity=\"0.2\" data-height=\"1316\" data-particle-gap=\"2\" data-mouse-force=\"230\" src=\"\/wp-content\/uploads\/2023\/03\/hero-image2-1.png\" \/><\/div>\n<div class=\"verline\">\n<div><\/div>\n<\/div>\n<\/div>\n<h1>Analiza Procesului de \u00cenv\u0103\u021bare (Learning Analytics)<br \/> \u0219i Inteligen\u021ba Artificial\u0103  pentru \u00cenv\u0103\u021bare Personalizat\u0103<\/p>\n<\/h1>\n<div><a href=\"#hero-anim\" class=\"uk-button uk-button-primary hero-btn\">Descoper\u0103 mai mult<\/p>\n<p><\/a><\/p>\n<\/div>\n<div>\n<div class=\"heading-home\">\n<img decoding=\"async\" src=\"https:\/\/leaderai.eu\/wp-content\/uploads\/2023\/03\/intro.svg\" uk-svg><\/p>\n<h1 style=\"color:#EE7E5D;\" class=\"uk-h1\">Prezentare general\u0103<\/p>\n<\/h1>\n<\/div>\n<\/div>\n<div>LEADER AI va dezvolta un set de instrumente (Toolkit) cu instruc\u021biuni practice, formare bazat\u0103 pe scenarii \u0219i o platform\u0103 interactiv\u0103 de eLearning cu resurse digitale despre modul \u00een care institu\u021biile de \u00eenv\u0103\u021b\u0103m\u00e2nt superior pot utiliza instrumente \u0219i abord\u0103ri bazate pe inteligen\u021ba artificial\u0103 (IA) \u0219i pe colec\u021bii de date pentru instruirea personalizat\u0103.\n<\/div>\n<p>\n    <a href=\"\/ro\/about\">Descoper\u0103 mai mult<\/a>\n<\/p>\n<div>\n<div class=\"heading-home\">\n<img decoding=\"async\" src=\"https:\/\/leaderai.eu\/wp-content\/uploads\/2023\/03\/e-learning.svg\" uk-svg><\/p>\n<h1 style=\"color:#32B4B0;\" class=\"uk-h1\">E-learning<\/h1>\n<\/div>\n<\/div>\n<div>Platforma de eLearning ofer\u0103 acces instantaneu la o suit\u0103 complet\u0103 de resurse, inclusiv la Toolkit-ul interactiv, la un MOOC pentru \u00eenv\u0103\u021barea \u00een ritm propriu \u0219i la demonstra\u021bii care s\u0103 sprijini cadrele didactice din \u00eenv\u0103\u021b\u0103m\u00e2ntul superior \u00een a-\u0219i personaliza cursurile folosind instrumente bazate pe IA \u0219i  pe learning analytics.<\/p>\n<\/div>\n<p>\n    <a href=\"\/ro\/elearning\">Viziteaz\u0103 platforma<\/a>\n<\/p>\n<div>\n<div class=\"heading-home\">\n<img decoding=\"async\" src=\"https:\/\/leaderai.eu\/wp-content\/uploads\/2023\/03\/toolkit.svg\" uk-svg><\/p>\n<h1 style=\"color:#B394C4;\" class=\"uk-h1\">Toolkit<\/h1>\n<\/div>\n<\/div>\n<div>Toolkit-ul LEADER AI este un pachet atractiv de asisten\u021b\u0103 pentru personalul din \u00eenv\u0103\u021b\u0103m\u00e2ntul superior pentru a dezvolta practici profesionale \u00een proiectarea de cursuri personalizate (cursuri fa\u021b\u0103 \u00een fa\u021b\u0103 sau complet online, \u00eembun\u0103t\u0103\u021bite pe baza tehnologiei) prin selectarea \u0219i integrarea instrumentelor bazate pe colec\u021bii de date \u0219i pe IA.<\/p>\n<\/div>\n<p>\n    <a href=\"\/ro\/toolkit\">Descoper\u0103 mai mult<\/a>\n<\/p>\n<div>\n<\/div>\n<p><!--more--><br \/>\n<!-- {\"type\":\"layout\",\"children\":[{\"type\":\"section\",\"props\":{\"animation\":\"fade\",\"animation_delay\":\"200\",\"height\":\"full\",\"image_position\":\"center-center\",\"style\":\"default\",\"title_breakpoint\":\"xl\",\"title_position\":\"top-left\",\"title_rotation\":\"left\",\"vertical_align\":\"middle\",\"width\":\"default\"},\"children\":[{\"type\":\"row\",\"children\":[{\"type\":\"column\",\"props\":{\"image_position\":\"center-center\",\"media_overlay_gradient\":\"\",\"position_sticky_breakpoint\":\"m\"},\"children\":[{\"type\":\"text\",\"props\":{\"class\":\"hero-parent\",\"column_breakpoint\":\"m\",\"content\":\"\n\n<div class=\\\"par-hero uk-position-center\\\"><img style=\\\"display: none;\\\" id=\\\"logo\\\" class=\\\"next-particle\\\" data-gravity=\\\"0.2\\\" data-height=\\\"1316\\\" data-particle-gap=\\\"2\\\" data-mouse-force=\\\"230\\\" src=\\\"wp-content\\\/uploads\\\/2023\\\/03\\\/hero-image2-1.png\\\" \\\/><\\\/div>\\n\n\n<div class=\\\"verline\\\">\\n\n\n<div><\\\/div>\\n<\\\/div>\",\"margin\":\"default\",\"text_align\":\"center\"}},{\"type\":\"headline\",\"props\":{\"class\":\"hero-head\",\"content\":\"Analiza Procesului de \\u00cenv\\u0103\\u021bare (Learning Analytics)<br \/> \\u0219i Inteligen\\u021ba Artificial\\u0103  pentru \\u00cenv\\u0103\\u021bare Personalizat\\u0103\\n\\n\",\"text_align\":\"center\",\"title_element\":\"h1\"}},{\"type\":\"text\",\"props\":{\"column_breakpoint\":\"m\",\"content\":\"<a href=\\\"#hero-anim\\\" class=\\\"uk-button uk-button-primary hero-btn\\\">Descoper\\u0103 mai mult\\n\\n<\\\/a>\\n\\n\",\"margin\":\"default\",\"text_align\":\"center\"}}]}]}]},{\"type\":\"section\",\"props\":{\"animation\":\"slide-bottom\",\"animation_delay\":\"200\",\"class\":\"morehome\",\"id\":\"morehome\",\"image_position\":\"center-center\",\"padding_remove_top\":true,\"style\":\"default\",\"title_breakpoint\":\"xl\",\"title_position\":\"top-left\",\"title_rotation\":\"left\",\"vertical_align\":\"middle\",\"width\":\"small\"},\"children\":[{\"type\":\"row\",\"props\":{\"class\":\"home1\",\"divider\":true,\"layout\":\"1-2,1-2\"},\"children\":[{\"type\":\"column\",\"props\":{\"image_position\":\"center-center\",\"media_overlay_gradient\":\"\",\"position_sticky\":\"\",\"position_sticky_breakpoint\":\"m\",\"vertical_align\":\"middle\",\"width_medium\":\"1-2\"},\"children\":[{\"type\":\"text\",\"props\":{\"column_breakpoint\":\"m\",\"content\":\"\n\n<div class=\\\"heading-home\\\">\\n<img src=\\\"https:\\\/\\\/leaderai.eu\\\/wp-content\\\/uploads\\\/2023\\\/03\\\/intro.svg\\\" uk-svg>\\n    \n\n<h1 style=\\\"color:#EE7E5D;\\\" class=\\\"uk-h1\\\">Prezentare general\\u0103\\n\\n<\\\/h1>\\n\\n<\\\/div>\",\"margin\":\"default\",\"text_align\":\"center\"}}]},{\"type\":\"column\",\"props\":{\"image_position\":\"center-center\",\"media_overlay_gradient\":\"\",\"position_sticky_breakpoint\":\"m\",\"vertical_align\":\"middle\",\"width_medium\":\"1-2\"},\"children\":[{\"type\":\"text\",\"props\":{\"column_breakpoint\":\"m\",\"content\":\"LEADER AI va dezvolta un set de instrumente (Toolkit) cu instruc\\u021biuni practice, formare bazat\\u0103 pe scenarii \\u0219i o platform\\u0103 interactiv\\u0103 de eLearning cu resurse digitale despre modul \\u00een care institu\\u021biile de \\u00eenv\\u0103\\u021b\\u0103m\\u00e2nt superior pot utiliza instrumente \\u0219i abord\\u0103ri bazate pe inteligen\\u021ba artificial\\u0103 (IA) \\u0219i pe colec\\u021bii de date pentru instruirea personalizat\\u0103.\\n\",\"margin\":\"default\"}},{\"type\":\"button\",\"props\":{\"grid_column_gap\":\"small\",\"grid_row_gap\":\"small\",\"margin\":\"default\",\"text_align\":\"right\",\"text_align_breakpoint\":\"s\"},\"children\":[{\"type\":\"button_item\",\"props\":{\"button_style\":\"primary\",\"content\":\"Descoper\\u0103 mai mult\",\"icon_align\":\"left\",\"link\":\"ro\\\/about\"}}]}]}]},{\"type\":\"row\",\"props\":{\"class\":\"home1 home2\",\"divider\":true,\"layout\":\"1-2,1-2\"},\"children\":[{\"type\":\"column\",\"props\":{\"image_position\":\"center-center\",\"media_overlay_gradient\":\"\",\"position_sticky_breakpoint\":\"m\",\"vertical_align\":\"middle\",\"width_medium\":\"1-2\"},\"children\":[{\"type\":\"text\",\"props\":{\"column_breakpoint\":\"m\",\"content\":\"\n\n<div class=\\\"heading-home\\\">\\n<img src=\\\"https:\\\/\\\/leaderai.eu\\\/wp-content\\\/uploads\\\/2023\\\/03\\\/e-learning.svg\\\" uk-svg>\\n    \n\n<h1 style=\\\"color:#32B4B0;\\\" class=\\\"uk-h1\\\">E-learning<\\\/h1>\\n\\n<\\\/div>\",\"margin\":\"default\",\"text_align\":\"center\"}}]},{\"type\":\"column\",\"props\":{\"image_position\":\"center-center\",\"media_overlay_gradient\":\"\",\"position_sticky_breakpoint\":\"m\",\"vertical_align\":\"middle\",\"width_medium\":\"1-2\"},\"children\":[{\"type\":\"text\",\"props\":{\"column_breakpoint\":\"m\",\"content\":\"Platforma de eLearning ofer\\u0103 acces instantaneu la o suit\\u0103 complet\\u0103 de resurse, inclusiv la Toolkit-ul interactiv, la un MOOC pentru \\u00eenv\\u0103\\u021barea \\u00een ritm propriu \\u0219i la demonstra\\u021bii care s\\u0103 sprijini cadrele didactice din \\u00eenv\\u0103\\u021b\\u0103m\\u00e2ntul superior \\u00een a-\\u0219i personaliza cursurile folosind instrumente bazate pe IA \\u0219i  pe learning analytics.\\n\\n\",\"margin\":\"default\"}},{\"type\":\"button\",\"props\":{\"grid_column_gap\":\"small\",\"grid_row_gap\":\"small\",\"margin\":\"default\",\"text_align\":\"right\",\"text_align_breakpoint\":\"s\"},\"children\":[{\"type\":\"button_item\",\"props\":{\"button_style\":\"primary\",\"content\":\"Viziteaz\\u0103 platforma\",\"icon_align\":\"left\",\"link\":\"ro\\\/elearning\"}}]}]}]},{\"type\":\"row\",\"props\":{\"class\":\"home1 home3\",\"divider\":true,\"layout\":\"1-2,1-2\"},\"children\":[{\"type\":\"column\",\"props\":{\"image_position\":\"center-center\",\"media_overlay_gradient\":\"\",\"position_sticky_breakpoint\":\"m\",\"vertical_align\":\"middle\",\"width_medium\":\"1-2\"},\"children\":[{\"type\":\"text\",\"props\":{\"column_breakpoint\":\"m\",\"content\":\"\n\n<div class=\\\"heading-home\\\">\\n<img src=\\\"https:\\\/\\\/leaderai.eu\\\/wp-content\\\/uploads\\\/2023\\\/03\\\/toolkit.svg\\\" uk-svg>\\n    \n\n<h1 style=\\\"color:#B394C4;\\\" class=\\\"uk-h1\\\">Toolkit<\\\/h1>\\n\\n<\\\/div>\",\"margin\":\"default\",\"text_align\":\"center\"}}]},{\"type\":\"column\",\"props\":{\"image_position\":\"center-center\",\"media_overlay_gradient\":\"\",\"position_sticky_breakpoint\":\"m\",\"vertical_align\":\"middle\",\"width_medium\":\"1-2\"},\"children\":[{\"type\":\"text\",\"props\":{\"column_breakpoint\":\"m\",\"content\":\"Toolkit-ul LEADER AI este un pachet atractiv de asisten\\u021b\\u0103 pentru personalul din \\u00eenv\\u0103\\u021b\\u0103m\\u00e2ntul superior pentru a dezvolta practici profesionale \\u00een proiectarea de cursuri personalizate (cursuri fa\\u021b\\u0103 \\u00een fa\\u021b\\u0103 sau complet online, \\u00eembun\\u0103t\\u0103\\u021bite pe baza tehnologiei) prin selectarea \\u0219i integrarea instrumentelor bazate pe colec\\u021bii de date \\u0219i pe IA.\\n\\n\",\"margin\":\"default\"}},{\"type\":\"button\",\"props\":{\"grid_column_gap\":\"small\",\"grid_row_gap\":\"small\",\"margin\":\"default\",\"text_align\":\"right\",\"text_align_breakpoint\":\"s\"},\"children\":[{\"type\":\"button_item\",\"props\":{\"button_style\":\"primary\",\"content\":\"Descoper\\u0103 mai mult\",\"icon_align\":\"left\",\"link\":\"ro\\\/toolkit\"}}]}]}]},{\"type\":\"row\",\"children\":[{\"type\":\"column\",\"props\":{\"image_position\":\"center-center\",\"media_overlay_gradient\":\"\",\"position_sticky_breakpoint\":\"m\"},\"children\":[{\"type\":\"grid\",\"props\":{\"class\":\"newsgridd\",\"content_column_breakpoint\":\"m\",\"filter_align\":\"left\",\"filter_all\":true,\"filter_grid_breakpoint\":\"m\",\"filter_grid_width\":\"auto\",\"filter_position\":\"top\",\"filter_style\":\"tab\",\"grid_default\":\"1\",\"grid_medium\":\"3\",\"icon_width\":80,\"image_align\":\"top\",\"image_grid_breakpoint\":\"m\",\"image_grid_width\":\"1-2\",\"image_svg_color\":\"emphasis\",\"item_animation\":true,\"link_style\":\"primary\",\"link_text\":\"Read more\",\"margin\":\"default\",\"meta_align\":\"below-title\",\"meta_element\":\"div\",\"meta_style\":\"text-meta\",\"show_content\":true,\"show_image\":true,\"show_link\":true,\"show_meta\":true,\"show_title\":true,\"title_align\":\"top\",\"title_element\":\"h3\",\"title_grid_breakpoint\":\"m\",\"title_grid_width\":\"1-2\",\"title_hover_style\":\"reset\"},\"children\":[{\"type\":\"grid_item\",\"props\":{\"link_text\":\"discover more\"},\"source\":{\"query\":{\"name\":\"posts.customPosts\",\"arguments\":{\"terms\":[],\"category_operator\":\"IN\",\"post_tag_operator\":\"IN\",\"users\":[],\"users_operator\":\"IN\",\"offset\":0,\"limit\":3,\"order\":\"date\",\"order_direction\":\"DESC\"}},\"props\":{\"title\":{\"filters\":{\"search\":\"\"},\"name\":\"title\"},\"link\":{\"filters\":{\"search\":\"\"},\"name\":\"link\"}}}}]}]}]}]}],\"version\":\"3.0.20\"} --><\/p>\n","protected":false},"excerpt":{"rendered":"<p>Analiza Procesului de \u00cenv\u0103\u021bare (Learning Analytics) \u0219i Inteligen\u021ba Artificial\u0103 pentru \u00cenv\u0103\u021bare Personalizat\u0103 Descoper\u0103 mai mult Prezentare general\u0103 LEADER AI va dezvolta un set de instrumente..<\/p>\n","protected":false},"author":1,"featured_media":0,"parent":0,"menu_order":0,"comment_status":"closed","ping_status":"closed","template":"","meta":{"_acf_changed":false,"inline_featured_image":false,"footnotes":""},"class_list":["post-1774","page","type-page","status-publish","hentry"],"acf":[],"_links":{"self":[{"href":"https:\/\/leaderai.eu\/ro\/wp-json\/wp\/v2\/pages\/1774","targetHints":{"allow":["GET"]}}],"collection":[{"href":"https:\/\/leaderai.eu\/ro\/wp-json\/wp\/v2\/pages"}],"about":[{"href":"https:\/\/leaderai.eu\/ro\/wp-json\/wp\/v2\/types\/page"}],"author":[{"embeddable":true,"href":"https:\/\/leaderai.eu\/ro\/wp-json\/wp\/v2\/users\/1"}],"replies":[{"embeddable":true,"href":"https:\/\/leaderai.eu\/ro\/wp-json\/wp\/v2\/comments?post=1774"}],"version-history":[{"count":3,"href":"https:\/\/leaderai.eu\/ro\/wp-json\/wp\/v2\/pages\/1774\/revisions"}],"predecessor-version":[{"id":1845,"href":"https:\/\/leaderai.eu\/ro\/wp-json\/wp\/v2\/pages\/1774\/revisions\/1845"}],"wp:attachment":[{"href":"https:\/\/leaderai.eu\/ro\/wp-json\/wp\/v2\/media?parent=1774"}],"curies":[{"name":"wp","href":"https:\/\/api.w.org\/{rel}","templated":true}]}}