{"id":1777,"date":"2022-03-21T06:09:31","date_gmt":"2022-03-21T06:09:31","guid":{"rendered":"https:\/\/leaderai.eu\/partners\/"},"modified":"2023-09-22T08:14:02","modified_gmt":"2023-09-22T08:14:02","slug":"partners","status":"publish","type":"page","link":"https:\/\/leaderai.eu\/ro\/partners\/","title":{"rendered":"Parteneri"},"content":{"rendered":"<div>\n<ul class=\"accordion-partners\" uk-accordion=\"collapsible: false\">\n<li><a class=\"uk-accordion-title\" href=\"#\">EDEX &#8211; EDUCATIONAL EXCELLENCE CORPORATION LIMITED \u2013 UNIC<\/a>\n<div class=\"uk-accordion-content\">\n<p>University of Nicosia (UNIC) este cea mai mare universitate din Cipru, cu peste 14 mii de studen\u021bi, 300 de profesori cu norm\u0103 \u00eentreag\u0103 \u0219i 700 cu norm\u0103 par\u021bial\u0103 oferind o varietate de programe de licen\u021b\u0103 \u0219i postuniversitare \u00een \u0219tiin\u021bele educa\u021biei, \u0219tiin\u021be sociale, informatic\u0103, inginerie, afaceri, comunica\u021bii \u0219i multimedia. 28% din popula\u021bia sa de studen\u021bi sunt non-ciprio\u021bi, ceea ce face dine ea o institu\u021bie multicultural\u0103 \u00een care diversitatea \u0219i pluralismul sunt apreciate. UNIC este contributor lider la excelen\u021ba \u00een educa\u021bie \u0219i cercetare. Misiunea sa este: (a) promovarea \u0219tiin\u021bei, cunoa\u0219terii, \u00eenv\u0103\u021b\u0103rii \u0219i educa\u021biei prin predare \u0219i cercetare \u00een beneficiul societ\u0103\u021bii; (b) cultivarea, transmiterea, aplicarea \u0219i schimbul interdisciplinar de cuno\u0219tin\u021be \u0219i (c) furnizarea de \u00eenv\u0103\u021b\u0103m\u00e2nt universitar \u0219i postuniversitar de \u00eenalt\u0103 calitate recunoscut\u0103 la nivel interna\u021bional \u0219i a altor programe de studiu, care sunt de standarde interna\u021bionale.<\/p>\n<p><a href=\"https:\/\/www.unic.ac.cy\/\" target=\"_blank\" class=\"uk-button uk-button-primary\" rel=\"noopener\">Website<\/a><\/div>\n<\/li>\n<li><a class=\"uk-accordion-title\" href=\"#\">PANEPISTIMIO AIGAIOU \u2013 UAegean<\/a>\n<div class=\"uk-accordion-content\">\n<p>University of the Aegean (UAegean) a fost fondat\u0103 \u00een 1984 cu scopul de a introduce noi abord\u0103ri \u00een \u00eenv\u0103\u021b\u0103m\u00e2ntul superior din Grecia \u0219i din \u00eentreaga lume \u0219i de a promova dezvoltarea regional\u0103. Situat\u0103 pe 6 insule pitore\u0219ti din Arhipelagul Egee, UAegean ofer\u0103 un mediu natural, cultural \u0219i uman unic pentru studii moderne \u00een vechiul leag\u0103n al cunoa\u0219terii. Are o popula\u021bie de peste 16.000 de studen\u021bi la studii de licen\u021b\u0103, peste 2.100 de studen\u021bi la studii postuniversitare, peste 350 de cadre didactice \u0219i peste 250 de membrii \u00een personalul administrativ. \u00cen mai pu\u021bin de treizeci de ani, UAegean a evoluat \u00eentr-o universitate interna\u021bional\u0103 orientat\u0103 spre cercetare, oferind 18 programe de licen\u021b\u0103 (licen\u021be \u00een Arte sau \u0218tiin\u021be) \u0219i 40 de programe postuniversitare (mastere \u00een Arte sau \u0218tiin\u021be) \u00een domenii tematice interdisciplinare moderne. UAegean a primit feedback constant excelent \u00een evalu\u0103rile care au avut loc la nivel na\u021bional, european \u0219i interna\u021bional, datorit\u0103 programelor de studii oferite de institu\u021bie \u0219i a programelor sale competitive de cercetare. \u00cen 2016, UAegean a fost clasificat\u0103 drept cea mai bine cotat\u0103 universitate din Grecia, evaluat\u0103 de Agen\u021bia Elen\u0103 de Asigurare \u0219i Acreditare a Calit\u0103\u021bii (HQA). Conform Declara\u021biei de politic\u0103 Erasmus+ 2014-2020, identitatea excep\u021bional\u0103 a UAegean se bazeaz\u0103 pe urm\u0103toarele caracteristici: (a) ofer\u0103 servicii academice la cele mai \u00eenalte standarde, pun\u00e2nd accent pe domenii \u0219tiin\u021bifice noi \u0219i multidisciplinare, \u00een timp ce \u00eembog\u0103\u021be\u0219te domeniile tradi\u021bionale de cercetare; (b) sediile sale sunt r\u0103sp\u00e2ndite \u00een insulele M\u0103rii Egee \u00eentr-un areal foarte extins la grani\u021ba de est a Europei. Mai precis, \u0219ase insule g\u0103zduiesc site-urile universit\u0103\u021bii, \u00een timp ce activit\u0103\u021bile academice suplimentare sunt sprijinite \u0219i pe alte insule mai mici.<\/p>\n<p><a href=\"http:\/\/www.aegean.gr\" target=\"_blank\" class=\"uk-button uk-button-primary\" rel=\"noopener\">Website<\/a><\/div>\n<\/li>\n<li><a class=\"uk-accordion-title\" href=\"#\">TALLINN UNIVERSITY \u2013 TLU<\/a>\n<div class=\"uk-accordion-content\">\n<p>Tallinn University (TLU) este a treia cea mai mare universitate public\u0103 din Estonia, cu 7500 de studen\u021bi distribui\u021bi \u00een 6 \u0219coli de \u00eenv\u0103\u021b\u0103m\u00e2nt superior. Centrul de Tehnologie Educa\u021bional\u0103 (CET), \u00eenfiin\u021bat \u00een 1998, este o unitate interdisciplinar\u0103 de cercetare \u0219i dezvoltare din cadrul \u0218colii de Tehnologii Digitale a TLU. Personalul interna\u021bional al CET (25 \u00een total) este format din 14 cercet\u0103tori cu norm\u0103 \u00eentreag\u0103, 6 dezvoltatori de software, 4 cercet\u0103tori post-doctorat, unii angaja\u021bi cu norm\u0103 par\u021bial\u0103, \u0219i un grup de studen\u021bi la studii postuniversitare. Principalele proiecte de cercetare \u00een CET sunt legate de dezvoltarea mediilor de \u00eenv\u0103\u021bare distribuite de ultim\u0103 genera\u021bie care implic\u0103 instrumente software sociale interoperabile. \u0218coala de Tehnologii Digitale a TLU a stabilit parteneriate cu companii estoniene de software (Skype Estonia, Nortal, Net Group, Pro Ekspert) \u0219i, de asemenea, cu principalii furnizori de tehnologie de \u00eenv\u0103\u021bare bazat\u0103 pe surse deschise din regiunea M\u0103rii Baltice (JukuLab O\u00dc \u00een Estonia, MediaMaisteri OY \u00een Finlanda). CET a dezvoltat principalul portal educa\u021bional din Estonia (Koolielu.ee) \u0219i mai multe medii de \u00eenv\u0103\u021bare online utilizate pe scar\u0103 larg\u0103 (VIKO, IVA, eDidaktikum, LeMill.net, EduFeedr), fiind lider \u00een cercetarea \u0219i dezvoltarea competen\u021bei \u0219i inov\u0103rii digitale din Estonia, \u00een \u0219coli \u00een general.<\/p>\n<p><a href=\"http:\/\/www.tlu.ee\" target=\"_blank\" class=\"uk-button uk-button-primary\" rel=\"noopener\">Website<\/a><\/div>\n<\/li>\n<li><a class=\"uk-accordion-title\" href=\"#\">CENTRE FOR ADVANCEMENT OF RESEARCH AND DEVELOPMENT IN EDUCATIONAL TECHNOLOGY LTD &#8211; CARDET<\/a>\n<div class=\"uk-accordion-content\">\n<p>CARDET este cel mai important centru de cercetare \u0219i dezvoltare din regiunea mediteraneean\u0103 cu expertiz\u0103 global\u0103 \u00een educa\u021bia \u0219colar\u0103, competen\u021be digitale, alfabetizare \u0219i \u00eenv\u0103\u021bare a limbilor str\u0103ine, integrarea imigran\u021bilor \u0219i consolidarea capacit\u0103\u021bii. Fiind cel mai mare centru independent non-profit cu sediul \u00een Cipru, CARDET este afiliat independent cu universit\u0103\u021bi \u0219i institu\u021bii din \u00eentreaga lume, cum ar fi Yale University, University of Nicosia \u0219i International Council of Educational Media. Echipa noastr\u0103, \u00een parteneriat cu EAEA, a dezvoltat recent strategia de \u00eenv\u0103\u021bare pe tot parcursul vie\u021bii 2021-2027 pentru Cipru, implic\u00e2nd mai multe ministere, agen\u021bii guvernamentale, parteneri sociali \u0219i p\u0103r\u021bi interesate publice \u0219i private. CARDET a finalizat peste 500 de ini\u021biative \u0219i proiecte legate de educa\u021bie, alfabetizare, limb\u0103, incluziune, transformare digital\u0103 \u0219i competen\u021be digitale. CARDET reune\u0219te o echip\u0103 interna\u021bional\u0103 de exper\u021bi cu zeci de ani de experien\u021b\u0103 global\u0103 \u00een cercetarea \u0219i dezvoltarea educa\u021biei. Membrii echipei noastre, ai consiliului de administra\u021bie \u0219i ai consiliului consultativ au ocupat pozi\u021bii \u00eenalte \u00een organiza\u021bii precum UNESCO, Commonwealth of Learning, OECD, Google, \u0219i American Educational Research Association.<\/p>\n<p><a href=\"http:\/\/www.cardet.org\" target=\"_blank\" class=\"uk-button uk-button-primary\" rel=\"noopener\">Website<\/a><\/div>\n<\/li>\n<li><a class=\"uk-accordion-title\" href=\"#\">UNIVERSITATEA DIN PITESTI \u2013 UPIT<\/a>\n<div class=\"uk-accordion-content\">\n<p>Universitatea din Pite\u0219ti (UPIT) este o universitate de stat situat\u0103 \u00een Pite\u0219ti (\u00een partea de sud a Rom\u00e2niei, la 120 de kilometri de capitala Bucure\u0219ti). Aceasta \u00ee\u0219i propune s\u0103 fie un furnizor dinamic \u0219i eficient de \u00eenv\u0103\u021b\u0103m\u00e2nt superior \u00een regiune. \u00cen prezent UPIT are cca. 10.000 de studen\u021bi din regiunea Muntenia \u0219i aproximativ 700 de cadre didactice \u0219i administrative. Este format\u0103 din 6 facult\u0103\u021bi care furnizeaz\u0103 diplome de licen\u021b\u0103, master \u0219i doctor ( www.upit.ro ). Obiectivele sale sunt de a oferi servicii educa\u021bionale, de formare \u0219i de cercetare de \u00eenalt\u0103 calitate pentru a forma speciali\u0219ti \u00een diferite domenii \u0219i a crea o comunitate intelectual\u0103 acreditat\u0103 de agen\u021bii na\u021bionale \u0219i interna\u021bionale de evaluare a calit\u0103\u021bii \u00eenv\u0103\u021b\u0103m\u00e2ntului.<\/p>\n<p><a href=\"http:\/\/www.upit.ro\" target=\"_blank\" class=\"uk-button uk-button-primary\" rel=\"noopener\">Website<\/a><\/div>\n<\/li>\n<li><a class=\"uk-accordion-title\" href=\"#\">VIRTUAL CAMPUS LDA \u2013 VC<\/a>\n<div class=\"uk-accordion-content\">\n<p>Virtual Campus (VC) este un IMM de dezvoltare, instruire \u0219i consultan\u021b\u0103 \u00een domeniile \u00eenv\u0103\u021b\u0103rii \u00eembun\u0103t\u0103\u021bite prin tehnologie, jocurilor serioase \u0219i sistemelor informa\u021bionale. Viziunea sa este de a promova \u00een mod activ dezvoltarea societ\u0103\u021bii cunoa\u0219terii prin sprijinirea entit\u0103\u021bilor publice \u0219i private \u00een conceperea \u0219i dezvoltarea de strategii \u0219i proiecte care s\u0103 conduc\u0103 la beneficii societale sporite, \u00eentotdeauna prin utilizarea mediilor digitale pentru educa\u021bie \u0219i formare. Situat \u00een Porto, \u00een nordul Portugaliei, VC are parteneriate puternice cu diverse universit\u0103\u021bi \u0219i companii din regiune \u0219i a colaborat cu succes cu autorit\u0103\u021bi locale \u0219i regionale, asocia\u021bii de \u00eentreprinderi \u0219i companii specializate. De fapt, VC este un spin-off din cercetarea \u0219i munca realizate de R&amp;D group GILT, de la Instituto Superior de Engenharia do Porto. Personalul VC formeaz\u0103 o echip\u0103 multidisciplinar\u0103 cu preg\u0103tire academice din diferite domenii, combin\u00e2nd cuno\u0219tin\u021be \u0219i abilit\u0103\u021bi din Rela\u021bii Interna\u021bionale, Programare \u0219i Design.<\/p>\n<p><a href=\"https:\/\/virtual-campus.eu\/\" target=\"_blank\" class=\"uk-button uk-button-primary\" rel=\"noopener\">Website<\/a><\/div>\n<\/li>\n<\/ul>\n<\/div>\n<p><!--more--><br \/>\n<!-- {\"type\":\"layout\",\"children\":[{\"type\":\"section\",\"props\":{\"image_position\":\"center-center\",\"style\":\"default\",\"title_breakpoint\":\"xl\",\"title_position\":\"top-left\",\"title_rotation\":\"left\",\"vertical_align\":\"middle\",\"width\":\"default\"},\"children\":[{\"type\":\"row\",\"children\":[{\"type\":\"column\",\"props\":{\"image_position\":\"center-center\",\"media_overlay_gradient\":\"\",\"position_sticky_breakpoint\":\"m\"},\"children\":[{\"type\":\"text\",\"props\":{\"column_breakpoint\":\"m\",\"content\":\"\n\n<ul class=\\\"accordion-partners\\\" uk-accordion=\\\"collapsible: false\\\">\\n\n\n<li><a class=\\\"uk-accordion-title\\\" href=\\\"#\\\">EDEX - EDUCATIONAL EXCELLENCE CORPORATION LIMITED \\u2013 UNIC<\\\/a>\\n\n\n<div class=\\\"uk-accordion-content\\\">\\n\n\n<p>University of Nicosia (UNIC) este cea mai mare universitate din Cipru, cu peste 14 mii de studen\\u021bi, 300 de profesori cu norm\\u0103 \\u00eentreag\\u0103 \\u0219i 700 cu norm\\u0103 par\\u021bial\\u0103 oferind o varietate de programe de licen\\u021b\\u0103 \\u0219i postuniversitare \\u00een \\u0219tiin\\u021bele educa\\u021biei, \\u0219tiin\\u021be sociale, informatic\\u0103, inginerie, afaceri, comunica\\u021bii \\u0219i multimedia. 28% din popula\\u021bia sa de studen\\u021bi sunt non-ciprio\\u021bi, ceea ce face dine ea o institu\\u021bie multicultural\\u0103 \\u00een care diversitatea \\u0219i pluralismul sunt apreciate. UNIC este contributor lider la excelen\\u021ba \\u00een educa\\u021bie \\u0219i cercetare. Misiunea sa este: (a) promovarea \\u0219tiin\\u021bei, cunoa\\u0219terii, \\u00eenv\\u0103\\u021b\\u0103rii \\u0219i educa\\u021biei prin predare \\u0219i cercetare \\u00een beneficiul societ\\u0103\\u021bii; (b) cultivarea, transmiterea, aplicarea \\u0219i schimbul interdisciplinar de cuno\\u0219tin\\u021be \\u0219i (c) furnizarea de \\u00eenv\\u0103\\u021b\\u0103m\\u00e2nt universitar \\u0219i postuniversitar de \\u00eenalt\\u0103 calitate recunoscut\\u0103 la nivel interna\\u021bional \\u0219i a altor programe de studiu, care sunt de standarde interna\\u021bionale.<\\\/p>\\n<a href=\\\"https:\\\/\\\/www.unic.ac.cy\\\/\\\" target=\\\"_blank\\\" class=\\\"uk-button uk-button-primary\\\" rel=\\\"noopener\\\">Website<\\\/a><\\\/div>\\n<\\\/li>\\n\n\n<li><a class=\\\"uk-accordion-title\\\" href=\\\"#\\\">PANEPISTIMIO AIGAIOU \\u2013 UAegean<\\\/a>\\n\n\n<div class=\\\"uk-accordion-content\\\">\\n\n\n<p>University of the Aegean (UAegean) a fost fondat\\u0103 \\u00een 1984 cu scopul de a introduce noi abord\\u0103ri \\u00een \\u00eenv\\u0103\\u021b\\u0103m\\u00e2ntul superior din Grecia \\u0219i din \\u00eentreaga lume \\u0219i de a promova dezvoltarea regional\\u0103. Situat\\u0103 pe 6 insule pitore\\u0219ti din Arhipelagul Egee, UAegean ofer\\u0103 un mediu natural, cultural \\u0219i uman unic pentru studii moderne \\u00een vechiul leag\\u0103n al cunoa\\u0219terii. Are o popula\\u021bie de peste 16.000 de studen\\u021bi la studii de licen\\u021b\\u0103, peste 2.100 de studen\\u021bi la studii postuniversitare, peste 350 de cadre didactice \\u0219i peste 250 de membrii \\u00een personalul administrativ. \\u00cen mai pu\\u021bin de treizeci de ani, UAegean a evoluat \\u00eentr-o universitate interna\\u021bional\\u0103 orientat\\u0103 spre cercetare, oferind 18 programe de licen\\u021b\\u0103 (licen\\u021be \\u00een Arte sau \\u0218tiin\\u021be) \\u0219i 40 de programe postuniversitare (mastere \\u00een Arte sau \\u0218tiin\\u021be) \\u00een domenii tematice interdisciplinare moderne. UAegean a primit feedback constant excelent \\u00een evalu\\u0103rile care au avut loc la nivel na\\u021bional, european \\u0219i interna\\u021bional, datorit\\u0103 programelor de studii oferite de institu\\u021bie \\u0219i a programelor sale competitive de cercetare. \\u00cen 2016, UAegean a fost clasificat\\u0103 drept cea mai bine cotat\\u0103 universitate din Grecia, evaluat\\u0103 de Agen\\u021bia Elen\\u0103 de Asigurare \\u0219i Acreditare a Calit\\u0103\\u021bii (HQA). Conform Declara\\u021biei de politic\\u0103 Erasmus+ 2014-2020, identitatea excep\\u021bional\\u0103 a UAegean se bazeaz\\u0103 pe urm\\u0103toarele caracteristici: (a) ofer\\u0103 servicii academice la cele mai \\u00eenalte standarde, pun\\u00e2nd accent pe domenii \\u0219tiin\\u021bifice noi \\u0219i multidisciplinare, \\u00een timp ce \\u00eembog\\u0103\\u021be\\u0219te domeniile tradi\\u021bionale de cercetare; (b) sediile sale sunt r\\u0103sp\\u00e2ndite \\u00een insulele M\\u0103rii Egee \\u00eentr-un areal foarte extins la grani\\u021ba de est a Europei. Mai precis, \\u0219ase insule g\\u0103zduiesc site-urile universit\\u0103\\u021bii, \\u00een timp ce activit\\u0103\\u021bile academice suplimentare sunt sprijinite \\u0219i pe alte insule mai mici.<\\\/p>\\n<a href=\\\"http:\\\/\\\/www.aegean.gr\\\" target=\\\"_blank\\\" class=\\\"uk-button uk-button-primary\\\" rel=\\\"noopener\\\">Website<\\\/a><\\\/div>\\n<\\\/li>\\n\n\n<li><a class=\\\"uk-accordion-title\\\" href=\\\"#\\\">TALLINN UNIVERSITY \\u2013 TLU<\\\/a>\\n\n\n<div class=\\\"uk-accordion-content\\\">\\n\n\n<p>Tallinn University (TLU) este a treia cea mai mare universitate public\\u0103 din Estonia, cu 7500 de studen\\u021bi distribui\\u021bi \\u00een 6 \\u0219coli de \\u00eenv\\u0103\\u021b\\u0103m\\u00e2nt superior. Centrul de Tehnologie Educa\\u021bional\\u0103 (CET), \\u00eenfiin\\u021bat \\u00een 1998, este o unitate interdisciplinar\\u0103 de cercetare \\u0219i dezvoltare din cadrul \\u0218colii de Tehnologii Digitale a TLU. Personalul interna\\u021bional al CET (25 \\u00een total) este format din 14 cercet\\u0103tori cu norm\\u0103 \\u00eentreag\\u0103, 6 dezvoltatori de software, 4 cercet\\u0103tori post-doctorat, unii angaja\\u021bi cu norm\\u0103 par\\u021bial\\u0103, \\u0219i un grup de studen\\u021bi la studii postuniversitare. Principalele proiecte de cercetare \\u00een CET sunt legate de dezvoltarea mediilor de \\u00eenv\\u0103\\u021bare distribuite de ultim\\u0103 genera\\u021bie care implic\\u0103 instrumente software sociale interoperabile. \\u0218coala de Tehnologii Digitale a TLU a stabilit parteneriate cu companii estoniene de software (Skype Estonia, Nortal, Net Group, Pro Ekspert) \\u0219i, de asemenea, cu principalii furnizori de tehnologie de \\u00eenv\\u0103\\u021bare bazat\\u0103 pe surse deschise din regiunea M\\u0103rii Baltice (JukuLab O\\u00dc \\u00een Estonia, MediaMaisteri OY \\u00een Finlanda). CET a dezvoltat principalul portal educa\\u021bional din Estonia (Koolielu.ee) \\u0219i mai multe medii de \\u00eenv\\u0103\\u021bare online utilizate pe scar\\u0103 larg\\u0103 (VIKO, IVA, eDidaktikum, LeMill.net, EduFeedr), fiind lider \\u00een cercetarea \\u0219i dezvoltarea competen\\u021bei \\u0219i inov\\u0103rii digitale din Estonia, \\u00een \\u0219coli \\u00een general.<\\\/p>\\n<a href=\\\"http:\\\/\\\/www.tlu.ee\\\" target=\\\"_blank\\\" class=\\\"uk-button uk-button-primary\\\" rel=\\\"noopener\\\">Website<\\\/a><\\\/div>\\n<\\\/li>\\n\n\n<li><a class=\\\"uk-accordion-title\\\" href=\\\"#\\\">CENTRE FOR ADVANCEMENT OF RESEARCH AND DEVELOPMENT IN EDUCATIONAL TECHNOLOGY LTD - CARDET<\\\/a>\\n\n\n<div class=\\\"uk-accordion-content\\\">\\n\n\n<p>CARDET este cel mai important centru de cercetare \\u0219i dezvoltare din regiunea mediteraneean\\u0103 cu expertiz\\u0103 global\\u0103 \\u00een educa\\u021bia \\u0219colar\\u0103, competen\\u021be digitale, alfabetizare \\u0219i \\u00eenv\\u0103\\u021bare a limbilor str\\u0103ine, integrarea imigran\\u021bilor \\u0219i consolidarea capacit\\u0103\\u021bii. Fiind cel mai mare centru independent non-profit cu sediul \\u00een Cipru, CARDET este afiliat independent cu universit\\u0103\\u021bi \\u0219i institu\\u021bii din \\u00eentreaga lume, cum ar fi Yale University, University of Nicosia \\u0219i International Council of Educational Media. Echipa noastr\\u0103, \\u00een parteneriat cu EAEA, a dezvoltat recent strategia de \\u00eenv\\u0103\\u021bare pe tot parcursul vie\\u021bii 2021-2027 pentru Cipru, implic\\u00e2nd mai multe ministere, agen\\u021bii guvernamentale, parteneri sociali \\u0219i p\\u0103r\\u021bi interesate publice \\u0219i private. CARDET a finalizat peste 500 de ini\\u021biative \\u0219i proiecte legate de educa\\u021bie, alfabetizare, limb\\u0103, incluziune, transformare digital\\u0103 \\u0219i competen\\u021be digitale. CARDET reune\\u0219te o echip\\u0103 interna\\u021bional\\u0103 de exper\\u021bi cu zeci de ani de experien\\u021b\\u0103 global\\u0103 \\u00een cercetarea \\u0219i dezvoltarea educa\\u021biei. Membrii echipei noastre, ai consiliului de administra\\u021bie \\u0219i ai consiliului consultativ au ocupat pozi\\u021bii \\u00eenalte \\u00een organiza\\u021bii precum UNESCO, Commonwealth of Learning, OECD, Google, \\u0219i American Educational Research Association.<\\\/p>\\n<a href=\\\"http:\\\/\\\/www.cardet.org\\\" target=\\\"_blank\\\" class=\\\"uk-button uk-button-primary\\\" rel=\\\"noopener\\\">Website<\\\/a><\\\/div>\\n<\\\/li>\\n\n\n<li><a class=\\\"uk-accordion-title\\\" href=\\\"#\\\">UNIVERSITATEA DIN PITESTI \\u2013 UPIT<\\\/a>\\n\n\n<div class=\\\"uk-accordion-content\\\">\\n\n\n<p>Universitatea din Pite\\u0219ti (UPIT) este o universitate de stat situat\\u0103 \\u00een Pite\\u0219ti (\\u00een partea de sud a Rom\\u00e2niei, la 120 de kilometri de capitala Bucure\\u0219ti). Aceasta \\u00ee\\u0219i propune s\\u0103 fie un furnizor dinamic \\u0219i eficient de \\u00eenv\\u0103\\u021b\\u0103m\\u00e2nt superior \\u00een regiune. \\u00cen prezent UPIT are cca. 10.000 de studen\\u021bi din regiunea Muntenia \\u0219i aproximativ 700 de cadre didactice \\u0219i administrative. Este format\\u0103 din 6 facult\\u0103\\u021bi care furnizeaz\\u0103 diplome de licen\\u021b\\u0103, master \\u0219i doctor ( www.upit.ro ). Obiectivele sale sunt de a oferi servicii educa\\u021bionale, de formare \\u0219i de cercetare de \\u00eenalt\\u0103 calitate pentru a forma speciali\\u0219ti \\u00een diferite domenii \\u0219i a crea o comunitate intelectual\\u0103 acreditat\\u0103 de agen\\u021bii na\\u021bionale \\u0219i interna\\u021bionale de evaluare a calit\\u0103\\u021bii \\u00eenv\\u0103\\u021b\\u0103m\\u00e2ntului.<\\\/p>\\n<a href=\\\"http:\\\/\\\/www.upit.ro\\\" target=\\\"_blank\\\" class=\\\"uk-button uk-button-primary\\\" rel=\\\"noopener\\\">Website<\\\/a><\\\/div>\\n<\\\/li>\\n\n\n<li><a class=\\\"uk-accordion-title\\\" href=\\\"#\\\">VIRTUAL CAMPUS LDA \\u2013 VC<\\\/a>\\n\n\n<div class=\\\"uk-accordion-content\\\">\\n\n\n<p>Virtual Campus (VC) este un IMM de dezvoltare, instruire \\u0219i consultan\\u021b\\u0103 \\u00een domeniile \\u00eenv\\u0103\\u021b\\u0103rii \\u00eembun\\u0103t\\u0103\\u021bite prin tehnologie, jocurilor serioase \\u0219i sistemelor informa\\u021bionale. Viziunea sa este de a promova \\u00een mod activ dezvoltarea societ\\u0103\\u021bii cunoa\\u0219terii prin sprijinirea entit\\u0103\\u021bilor publice \\u0219i private \\u00een conceperea \\u0219i dezvoltarea de strategii \\u0219i proiecte care s\\u0103 conduc\\u0103 la beneficii societale sporite, \\u00eentotdeauna prin utilizarea mediilor digitale pentru educa\\u021bie \\u0219i formare. Situat \\u00een Porto, \\u00een nordul Portugaliei, VC are parteneriate puternice cu diverse universit\\u0103\\u021bi \\u0219i companii din regiune \\u0219i a colaborat cu succes cu autorit\\u0103\\u021bi locale \\u0219i regionale, asocia\\u021bii de \\u00eentreprinderi \\u0219i companii specializate. De fapt, VC este un spin-off din cercetarea \\u0219i munca realizate de R&amp;D group GILT, de la Instituto Superior de Engenharia do Porto. Personalul VC formeaz\\u0103 o echip\\u0103 multidisciplinar\\u0103 cu preg\\u0103tire academice din diferite domenii, combin\\u00e2nd cuno\\u0219tin\\u021be \\u0219i abilit\\u0103\\u021bi din Rela\\u021bii Interna\\u021bionale, Programare \\u0219i Design.<\\\/p>\\n<a href=\\\"https:\\\/\\\/virtual-campus.eu\\\/\\\" target=\\\"_blank\\\" class=\\\"uk-button uk-button-primary\\\" rel=\\\"noopener\\\">Website<\\\/a><\\\/div>\\n<\\\/li>\\n<\\\/ul>\",\"margin\":\"default\"}}]}]}]}],\"version\":\"3.0.20\"} --><\/p>\n","protected":false},"excerpt":{"rendered":"<p>EDEX &#8211; EDUCATIONAL EXCELLENCE CORPORATION LIMITED \u2013 UNIC University of Nicosia (UNIC) este cea mai mare universitate din Cipru, cu peste 14 mii de studen\u021bi,..<\/p>\n","protected":false},"author":1,"featured_media":0,"parent":0,"menu_order":0,"comment_status":"closed","ping_status":"closed","template":"","meta":{"_acf_changed":false,"inline_featured_image":false,"footnotes":""},"class_list":["post-1777","page","type-page","status-publish","hentry"],"acf":[],"_links":{"self":[{"href":"https:\/\/leaderai.eu\/ro\/wp-json\/wp\/v2\/pages\/1777","targetHints":{"allow":["GET"]}}],"collection":[{"href":"https:\/\/leaderai.eu\/ro\/wp-json\/wp\/v2\/pages"}],"about":[{"href":"https:\/\/leaderai.eu\/ro\/wp-json\/wp\/v2\/types\/page"}],"author":[{"embeddable":true,"href":"https:\/\/leaderai.eu\/ro\/wp-json\/wp\/v2\/users\/1"}],"replies":[{"embeddable":true,"href":"https:\/\/leaderai.eu\/ro\/wp-json\/wp\/v2\/comments?post=1777"}],"version-history":[{"count":2,"href":"https:\/\/leaderai.eu\/ro\/wp-json\/wp\/v2\/pages\/1777\/revisions"}],"predecessor-version":[{"id":1849,"href":"https:\/\/leaderai.eu\/ro\/wp-json\/wp\/v2\/pages\/1777\/revisions\/1849"}],"wp:attachment":[{"href":"https:\/\/leaderai.eu\/ro\/wp-json\/wp\/v2\/media?parent=1777"}],"curies":[{"name":"wp","href":"https:\/\/api.w.org\/{rel}","templated":true}]}}