{"id":1780,"date":"2022-02-24T14:11:37","date_gmt":"2022-02-24T14:11:37","guid":{"rendered":"https:\/\/leaderai.eu\/elearning\/"},"modified":"2023-09-22T08:14:26","modified_gmt":"2023-09-22T08:14:26","slug":"elearning","status":"publish","type":"page","link":"https:\/\/leaderai.eu\/ro\/elearning\/","title":{"rendered":"eLearning"},"content":{"rendered":"<h1>E-Learning Platform<\/h1>\n<div>\n<div class=\"heading-home\">\n<img decoding=\"async\" src=\"https:\/\/leaderai.eu\/wp-content\/uploads\/2023\/03\/e-learning.svg\" uk-svg><\/p>\n<h1 style=\"color:#32B4B0;\" class=\"uk-h1\">E-learning<\/h1>\n<\/div>\n<\/div>\n<div>\n<p>Platforma de eLearning ofer\u0103 acces instantaneu la o suit\u0103 complet\u0103 de resurse, inclusiv la Toolkit-ul interactiv, la un MOOC pentru \u00eenv\u0103\u021barea \u00een ritm propriu \u0219i la demonstra\u021bii care s\u0103 sprijini cadrele didactice din \u00eenv\u0103\u021b\u0103m\u00e2ntul superior \u00een a-\u0219i personaliza cursurile folosind instrumente bazate pe IA \u0219i pe learning analytics.<\/p>\n<\/div>\n<p>\n    <a href=\"#comingsoon\">Viziteaz\u0103 platforma<\/a>\n<\/p>\n<p><!--more--><br \/>\n<!-- {\"type\":\"layout\",\"children\":[{\"type\":\"section\",\"props\":{\"animation\":\"fade\",\"animation_delay\":\"200\",\"image_position\":\"center-center\",\"padding_remove_bottom\":false,\"padding_remove_top\":true,\"style\":\"default\",\"title_breakpoint\":\"xl\",\"title_position\":\"top-left\",\"title_rotation\":\"left\",\"vertical_align\":\"middle\",\"width\":\"default\"},\"children\":[{\"type\":\"row\",\"children\":[{\"type\":\"column\",\"props\":{\"image_position\":\"center-center\",\"media_overlay_gradient\":\"\",\"position_sticky_breakpoint\":\"m\"},\"children\":[{\"type\":\"headline\",\"props\":{\"class\":\"headpage\",\"content\":\"E-Learning Platform\",\"text_align\":\"left\",\"title_color\":\"success\",\"title_element\":\"h1\",\"title_style\":\"h1\"},\"name\":\"headline-pages\",\"source\":{\"query\":{\"name\":\"pages.singlePage\"}}}]}]}]},{\"type\":\"section\",\"props\":{\"animation\":\"slide-bottom\",\"animation_delay\":\"200\",\"class\":\"\",\"image_position\":\"center-center\",\"padding_remove_top\":true,\"style\":\"default\",\"title_breakpoint\":\"xl\",\"title_position\":\"top-left\",\"title_rotation\":\"left\",\"vertical_align\":\"middle\",\"width\":\"small\"},\"children\":[{\"type\":\"row\",\"props\":{\"class\":\"home1 home2\",\"divider\":true,\"layout\":\"1-2,1-2\"},\"children\":[{\"type\":\"column\",\"props\":{\"image_position\":\"center-center\",\"media_overlay_gradient\":\"\",\"position_sticky_breakpoint\":\"m\",\"vertical_align\":\"middle\",\"width_medium\":\"1-2\"},\"children\":[{\"type\":\"text\",\"props\":{\"column_breakpoint\":\"m\",\"content\":\"\n\n<div class=\\\"heading-home\\\">\\n<img src=\\\"https:\\\/\\\/leaderai.eu\\\/wp-content\\\/uploads\\\/2023\\\/03\\\/e-learning.svg\\\" uk-svg>\\n    \n\n<h1 style=\\\"color:#32B4B0;\\\" class=\\\"uk-h1\\\">E-learning<\\\/h1>\\n\\n<\\\/div>\",\"margin\":\"default\",\"text_align\":\"center\"}}]},{\"type\":\"column\",\"props\":{\"image_position\":\"center-center\",\"media_overlay_gradient\":\"\",\"position_sticky_breakpoint\":\"m\",\"vertical_align\":\"middle\",\"width_medium\":\"1-2\"},\"children\":[{\"type\":\"text\",\"props\":{\"column_breakpoint\":\"m\",\"content\":\"\n\n<p>Platforma de eLearning ofer\\u0103 acces instantaneu la o suit\\u0103 complet\\u0103 de resurse, inclusiv la Toolkit-ul interactiv, la un MOOC pentru \\u00eenv\\u0103\\u021barea \\u00een ritm propriu \\u0219i la demonstra\\u021bii care s\\u0103 sprijini cadrele didactice din \\u00eenv\\u0103\\u021b\\u0103m\\u00e2ntul superior \\u00een a-\\u0219i personaliza cursurile folosind instrumente bazate pe IA \\u0219i pe learning analytics.<\\\/p>\",\"margin\":\"default\"}},{\"type\":\"button\",\"props\":{\"grid_column_gap\":\"small\",\"grid_row_gap\":\"small\",\"margin\":\"default\",\"text_align\":\"right\",\"text_align_breakpoint\":\"s\"},\"children\":[{\"type\":\"button_item\",\"props\":{\"button_style\":\"primary\",\"content\":\"Viziteaz\\u0103 platforma\",\"icon_align\":\"left\",\"link\":\"#comingsoon\"}}]}]}]}],\"name\":\"abouthome\"}],\"version\":\"3.0.20\"} --><\/p>\n","protected":false},"excerpt":{"rendered":"<p>E-Learning Platform E-learning Platforma de eLearning ofer\u0103 acces instantaneu la o suit\u0103 complet\u0103 de resurse, inclusiv la Toolkit-ul interactiv, la un MOOC pentru \u00eenv\u0103\u021barea \u00een..<\/p>\n","protected":false},"author":1,"featured_media":0,"parent":0,"menu_order":0,"comment_status":"closed","ping_status":"closed","template":"","meta":{"_acf_changed":false,"inline_featured_image":false,"footnotes":""},"class_list":["post-1780","page","type-page","status-publish","hentry"],"acf":[],"_links":{"self":[{"href":"https:\/\/leaderai.eu\/ro\/wp-json\/wp\/v2\/pages\/1780","targetHints":{"allow":["GET"]}}],"collection":[{"href":"https:\/\/leaderai.eu\/ro\/wp-json\/wp\/v2\/pages"}],"about":[{"href":"https:\/\/leaderai.eu\/ro\/wp-json\/wp\/v2\/types\/page"}],"author":[{"embeddable":true,"href":"https:\/\/leaderai.eu\/ro\/wp-json\/wp\/v2\/users\/1"}],"replies":[{"embeddable":true,"href":"https:\/\/leaderai.eu\/ro\/wp-json\/wp\/v2\/comments?post=1780"}],"version-history":[{"count":2,"href":"https:\/\/leaderai.eu\/ro\/wp-json\/wp\/v2\/pages\/1780\/revisions"}],"predecessor-version":[{"id":1850,"href":"https:\/\/leaderai.eu\/ro\/wp-json\/wp\/v2\/pages\/1780\/revisions\/1850"}],"wp:attachment":[{"href":"https:\/\/leaderai.eu\/ro\/wp-json\/wp\/v2\/media?parent=1780"}],"curies":[{"name":"wp","href":"https:\/\/api.w.org\/{rel}","templated":true}]}}