{"id":1783,"date":"2023-03-20T07:47:49","date_gmt":"2023-03-20T07:47:49","guid":{"rendered":"https:\/\/leaderai.eu\/toolkit\/"},"modified":"2024-01-25T10:45:21","modified_gmt":"2024-01-25T10:45:21","slug":"toolkit","status":"publish","type":"page","link":"https:\/\/leaderai.eu\/ro\/toolkit\/","title":{"rendered":"Toolkit"},"content":{"rendered":"<div>\n<div class=\"heading-home\">\n<img decoding=\"async\" src=\"https:\/\/leaderai.eu\/wp-content\/uploads\/2023\/03\/toolkit.svg\" uk-svg><\/p>\n<h1 style=\"color:#B394C4;\" class=\"uk-h1\">Toolkit<\/h1>\n<\/div>\n<\/div>\n<div>\n<p>Toolkit-ul LEADER AI este un pachet atractiv de asisten\u021b\u0103 pentru personalul din \u00eenv\u0103\u021b\u0103m\u00e2ntul superior pentru a dezvolta practici profesionale \u00een proiectarea de cursuri personalizate (cursuri fa\u021b\u0103 \u00een fa\u021b\u0103 sau complet online, \u00eembun\u0103t\u0103\u021bite pe baza tehnologiei) prin selectarea \u0219i integrarea instrumentelor bazate pe colec\u021bii de date \u0219i pe IA.<\/p>\n<\/div>\n<p>\n    <a href=\"https:\/\/leaderai.eu\/wp-content\/uploads\/2024\/01\/LEADERAI_Toolkit_RO.pdf\">Descoper\u0103 mai mult<\/a>\n<\/p>\n<p><!--more--><br \/>\n<!-- {\"type\":\"layout\",\"children\":[{\"type\":\"section\",\"props\":{\"animation\":\"fade\",\"animation_delay\":\"200\",\"image_position\":\"center-center\",\"padding_remove_top\":true,\"style\":\"default\",\"title_breakpoint\":\"xl\",\"title_position\":\"top-left\",\"title_rotation\":\"left\",\"vertical_align\":\"middle\",\"width\":\"default\"},\"children\":[{\"type\":\"row\",\"children\":[{\"type\":\"column\",\"props\":{\"image_position\":\"center-center\",\"media_overlay_gradient\":\"\",\"position_sticky_breakpoint\":\"m\"},\"children\":[{\"type\":\"headline\",\"props\":{\"class\":\"headpage\",\"text_align\":\"left\",\"title_color\":\"success\",\"title_element\":\"h1\",\"title_style\":\"h1\"},\"name\":\"headline-pages\",\"source\":{\"query\":{\"name\":\"pages.singlePage\"},\"props\":{\"content\":{\"filters\":{\"search\":\"\"},\"name\":\"title\"}}}}]}]}],\"name\":\"headerother\"},{\"type\":\"section\",\"props\":{\"animation\":\"slide-bottom\",\"animation_delay\":\"200\",\"class\":\"\",\"height\":\"expand\",\"image_position\":\"center-center\",\"padding_remove_top\":true,\"style\":\"default\",\"title_breakpoint\":\"xl\",\"title_position\":\"top-left\",\"title_rotation\":\"left\",\"vertical_align\":\"middle\",\"width\":\"small\"},\"children\":[{\"type\":\"row\",\"props\":{\"class\":\"home1 home3\",\"divider\":true,\"layout\":\"1-2,1-2\"},\"children\":[{\"type\":\"column\",\"props\":{\"image_position\":\"center-center\",\"media_overlay_gradient\":\"\",\"position_sticky_breakpoint\":\"m\",\"vertical_align\":\"middle\",\"width_medium\":\"1-2\"},\"children\":[{\"type\":\"text\",\"props\":{\"column_breakpoint\":\"m\",\"content\":\"\n\n<div class=\\\"heading-home\\\">\\n<img src=\\\"https:\\\/\\\/leaderai.eu\\\/wp-content\\\/uploads\\\/2023\\\/03\\\/toolkit.svg\\\" uk-svg>\\n    \n\n<h1 style=\\\"color:#B394C4;\\\" class=\\\"uk-h1\\\">Toolkit<\\\/h1>\\n\\n<\\\/div>\",\"margin\":\"default\",\"text_align\":\"center\"}}]},{\"type\":\"column\",\"props\":{\"image_position\":\"center-center\",\"media_overlay_gradient\":\"\",\"position_sticky_breakpoint\":\"m\",\"vertical_align\":\"middle\",\"width_medium\":\"1-2\"},\"children\":[{\"type\":\"text\",\"props\":{\"column_breakpoint\":\"m\",\"content\":\"\n\n<p>Toolkit-ul LEADER AI este un pachet atractiv de asisten\\u021b\\u0103 pentru personalul din \\u00eenv\\u0103\\u021b\\u0103m\\u00e2ntul superior pentru a dezvolta practici profesionale \\u00een proiectarea de cursuri personalizate (cursuri fa\\u021b\\u0103 \\u00een fa\\u021b\\u0103 sau complet online, \\u00eembun\\u0103t\\u0103\\u021bite pe baza tehnologiei) prin selectarea \\u0219i integrarea instrumentelor bazate pe colec\\u021bii de date \\u0219i pe IA.<\\\/p>\",\"margin\":\"default\"}},{\"type\":\"button\",\"props\":{\"grid_column_gap\":\"small\",\"grid_row_gap\":\"small\",\"margin\":\"default\",\"text_align\":\"right\",\"text_align_breakpoint\":\"s\"},\"children\":[{\"type\":\"button_item\",\"props\":{\"button_style\":\"primary\",\"content\":\"Descoper\\u0103 mai mult\",\"icon_align\":\"left\",\"link\":\"https:\\\/\\\/leaderai.eu\\\/wp-content\\\/uploads\\\/2024\\\/01\\\/LEADERAI_Toolkit_RO.pdf\",\"link_target\":\"blank\"}}]}]}]}],\"name\":\"abouthome\"}],\"version\":\"3.0.20\"} --><\/p>\n","protected":false},"excerpt":{"rendered":"<p>Toolkit Toolkit-ul LEADER AI este un pachet atractiv de asisten\u021b\u0103 pentru personalul din \u00eenv\u0103\u021b\u0103m\u00e2ntul superior pentru a dezvolta practici profesionale \u00een proiectarea de cursuri personalizate..<\/p>\n","protected":false},"author":1,"featured_media":0,"parent":0,"menu_order":0,"comment_status":"closed","ping_status":"closed","template":"","meta":{"_acf_changed":false,"inline_featured_image":false,"footnotes":""},"class_list":["post-1783","page","type-page","status-publish","hentry"],"acf":[],"_links":{"self":[{"href":"https:\/\/leaderai.eu\/ro\/wp-json\/wp\/v2\/pages\/1783","targetHints":{"allow":["GET"]}}],"collection":[{"href":"https:\/\/leaderai.eu\/ro\/wp-json\/wp\/v2\/pages"}],"about":[{"href":"https:\/\/leaderai.eu\/ro\/wp-json\/wp\/v2\/types\/page"}],"author":[{"embeddable":true,"href":"https:\/\/leaderai.eu\/ro\/wp-json\/wp\/v2\/users\/1"}],"replies":[{"embeddable":true,"href":"https:\/\/leaderai.eu\/ro\/wp-json\/wp\/v2\/comments?post=1783"}],"version-history":[{"count":5,"href":"https:\/\/leaderai.eu\/ro\/wp-json\/wp\/v2\/pages\/1783\/revisions"}],"predecessor-version":[{"id":2170,"href":"https:\/\/leaderai.eu\/ro\/wp-json\/wp\/v2\/pages\/1783\/revisions\/2170"}],"wp:attachment":[{"href":"https:\/\/leaderai.eu\/ro\/wp-json\/wp\/v2\/media?parent=1783"}],"curies":[{"name":"wp","href":"https:\/\/api.w.org\/{rel}","templated":true}]}}