{"id":2232,"date":"2025-01-09T15:11:44","date_gmt":"2025-01-09T15:11:44","guid":{"rendered":"https:\/\/leaderai.eu\/training-and-piloting\/"},"modified":"2025-01-28T08:03:25","modified_gmt":"2025-01-28T08:03:25","slug":"training-and-piloting","status":"publish","type":"page","link":"https:\/\/leaderai.eu\/ro\/training-and-piloting\/","title":{"rendered":"Instruire \u0219i pilotaj"},"content":{"rendered":"<h1><span>Instruire \u0219i pilotare bazate pe scenarii<\/span><\/h1>\n<div>\n<p><span>Programul de Formare LEADER AI ofer\u0103 oportunit\u0103\u021bi practice pentru cadrele didactice din \u00eenv\u0103\u021b\u0103m\u00e2ntul superior pentru a le \u00eenv\u0103\u021ba cum s\u0103-\u0219i personalizeze predarea prin intermediul instrumentelor de vizualizare a datelor \u0219i bazate pe AI, open source\/freeware, care nu necesit\u0103 abilit\u0103\u021bi de calculator foarte specializate, cum ar fi programarea.<\/span><\/p>\n<p><span>Consor\u021biul a preg\u0103tit un pachet complet de formare cu ghiduri de implementare, dar pute\u021bi desc\u0103rca scenariile \u0219i separat.<\/span><\/p>\n<\/div>\n<p>\n    <a href=\"\/wp-content\/uploads\/2025\/01\/LEADER-AI_WP3_Training-Package-with-implementation-guidelines.pdf\">Desc\u0103rca\u021bi Pachetul de Formare cu ghidurile de implementare<\/a>\n<\/p>\n<p>\n    <a href=\"\/wp-content\/uploads\/2025\/01\/LEADER-AI_WP3_Scenarios.pdf\">Desc\u0103rca\u021bi scenariile<\/a>\n<\/p>\n<p><!--more--><br \/>\n<!-- {\"type\":\"layout\",\"children\":[{\"type\":\"section\",\"props\":{\"height\":\"page\",\"image_position\":\"center-center\",\"padding_remove_top\":true,\"style\":\"default\",\"title_breakpoint\":\"xl\",\"title_position\":\"top-left\",\"title_rotation\":\"left\",\"vertical_align\":\"middle\",\"width\":\"default\"},\"children\":[{\"type\":\"row\",\"children\":[{\"type\":\"column\",\"props\":{\"image_position\":\"center-center\",\"position_sticky_breakpoint\":\"m\"},\"children\":[{\"type\":\"headline\",\"props\":{\"content\":\"<span>Instruire \\u0219i pilotare bazate pe scenarii<\\\/span>\",\"title_element\":\"h1\"}},{\"type\":\"text\",\"props\":{\"column_breakpoint\":\"m\",\"content\":\"\n\n<p><span>Programul de Formare LEADER AI ofer\\u0103 oportunit\\u0103\\u021bi practice pentru cadrele didactice din \\u00eenv\\u0103\\u021b\\u0103m\\u00e2ntul superior pentru a le \\u00eenv\\u0103\\u021ba cum s\\u0103-\\u0219i personalizeze predarea prin intermediul instrumentelor de vizualizare a datelor \\u0219i bazate pe AI, open source\\\/freeware, care nu necesit\\u0103 abilit\\u0103\\u021bi de calculator foarte specializate, cum ar fi programarea.<\\\/span><\\\/p>\\n\n\n<p><span>Consor\\u021biul a preg\\u0103tit un pachet complet de formare cu ghiduri de implementare, dar pute\\u021bi desc\\u0103rca scenariile \\u0219i separat.<\\\/span><\\\/p>\",\"margin\":\"default\"}}]}]},{\"type\":\"row\",\"children\":[{\"type\":\"column\",\"props\":{\"image_position\":\"center-center\",\"position_sticky_breakpoint\":\"m\"},\"children\":[{\"type\":\"button\",\"props\":{\"grid_column_gap\":\"small\",\"grid_row_gap\":\"small\",\"margin\":\"default\"},\"children\":[{\"type\":\"button_item\",\"props\":{\"button_style\":\"primary\",\"content\":\"Desc\\u0103rca\\u021bi Pachetul de Formare cu ghidurile de implementare\",\"icon_align\":\"left\",\"link\":\"wp-content\\\/uploads\\\/2025\\\/01\\\/LEADER-AI_WP3_Training-Package-with-implementation-guidelines.pdf\",\"link_target\":\"blank\"}}]},{\"type\":\"button\",\"props\":{\"grid_column_gap\":\"small\",\"grid_row_gap\":\"small\",\"margin\":\"default\"},\"children\":[{\"type\":\"button_item\",\"props\":{\"button_style\":\"primary\",\"content\":\"Desc\\u0103rca\\u021bi scenariile\",\"icon_align\":\"left\",\"link\":\"wp-content\\\/uploads\\\/2025\\\/01\\\/LEADER-AI_WP3_Scenarios.pdf\",\"link_target\":\"blank\"}}]}]}]}]}],\"version\":\"4.4.19\"} --><\/p>\n","protected":false},"excerpt":{"rendered":"<p>Instruire \u0219i pilotare bazate pe scenarii Programul de Formare LEADER AI ofer\u0103 oportunit\u0103\u021bi practice pentru cadrele didactice din \u00eenv\u0103\u021b\u0103m\u00e2ntul superior pentru a le \u00eenv\u0103\u021ba cum..<\/p>\n","protected":false},"author":1,"featured_media":0,"parent":0,"menu_order":0,"comment_status":"closed","ping_status":"closed","template":"","meta":{"_acf_changed":false,"inline_featured_image":false,"footnotes":""},"class_list":["post-2232","page","type-page","status-publish","hentry"],"acf":[],"_links":{"self":[{"href":"https:\/\/leaderai.eu\/ro\/wp-json\/wp\/v2\/pages\/2232","targetHints":{"allow":["GET"]}}],"collection":[{"href":"https:\/\/leaderai.eu\/ro\/wp-json\/wp\/v2\/pages"}],"about":[{"href":"https:\/\/leaderai.eu\/ro\/wp-json\/wp\/v2\/types\/page"}],"author":[{"embeddable":true,"href":"https:\/\/leaderai.eu\/ro\/wp-json\/wp\/v2\/users\/1"}],"replies":[{"embeddable":true,"href":"https:\/\/leaderai.eu\/ro\/wp-json\/wp\/v2\/comments?post=2232"}],"version-history":[{"count":2,"href":"https:\/\/leaderai.eu\/ro\/wp-json\/wp\/v2\/pages\/2232\/revisions"}],"predecessor-version":[{"id":2234,"href":"https:\/\/leaderai.eu\/ro\/wp-json\/wp\/v2\/pages\/2232\/revisions\/2234"}],"wp:attachment":[{"href":"https:\/\/leaderai.eu\/ro\/wp-json\/wp\/v2\/media?parent=2232"}],"curies":[{"name":"wp","href":"https:\/\/api.w.org\/{rel}","templated":true}]}}